{"id":124,"date":"2025-02-25T10:06:33","date_gmt":"2025-02-25T08:06:33","guid":{"rendered":"https:\/\/usvaspa.fi\/?page_id=124"},"modified":"2026-04-07T13:11:53","modified_gmt":"2026-04-07T10:11:53","slug":"info","status":"publish","type":"page","link":"https:\/\/usvaspa.fi\/fi\/info\/","title":{"rendered":"Info"},"content":{"rendered":"\n<div class=\"wp-block-columns is-layout-flex wp-container-core-columns-is-layout-9d6595d7 wp-block-columns-is-layout-flex\">\n<div class=\"wp-block-column is-layout-flow wp-block-column-is-layout-flow\">\n<h2 class=\"wp-block-heading\">Yhteystiedot<\/h2>\n\n\n\n<p class=\"is-style-default\">+358 20 7120 293<br>spa.nhcollectionhelsinki@nh-hotels.com<\/p>\n\n\n\n<p>USVA by Terhen, l\u00f6yd\u00e4t meid\u00e4t Kaivopihalta<br>NH Collection Helsinki Grand Hansa<br>Mannerheimintie 5, 00100<br>Helsinki, Suomi<\/p>\n\n\n\n<p><a href=\"https:\/\/www.google.com\/maps\/dir\/\/Mannerheimintie+5,+00100+Helsinki\/data=!4m6!4m5!1m1!4e2!1m2!1m1!1s0x46920bcc8af8ffe9:0xa8bd5e0165ace368?sa=X&amp;ved=1t:707&amp;ictx=111\" target=\"_blank\" rel=\"noreferrer noopener\">Napsauta t\u00e4st\u00e4 saadaksesi reittiohjeet<\/a><\/p>\n\n\n\n<h2 class=\"wp-block-heading\">Hinnat<\/h2>\n\n\n\n<p>Day Spa + kuntosali sis\u00e4\u00e4np\u00e4\u00e4sy: 39 \u20ac<\/p>\n\n\n\n<p>Day Span k\u00e4ytt\u00f6 sis\u00e4ltyy valittuihin huoneluokkiin. Jos span k\u00e4ytt\u00f6 ei sis\u00e4lly huonetyyppiisi, hotellivieraiden hinta 25\u20ac \/hl\u00f6.<\/p>\n\n\n\n<p>Varmistaaksesi paikan Day Spa:ssa, tee varaus etuk\u00e4teen s\u00e4hk\u00f6postitse.<br>Ilman ennakkovarausta paikan saatavuus ei ole taattu.<\/p>\n\n\n\n<h2 class=\"wp-block-heading\">Lapset<\/h2>\n\n\n\n<p>Day Spa:n aukioloaikoina spa-alueen ik\u00e4raja on 16 vuotta. Lapset ovat tervetulleita saunomaan aukioloaikojen ulkopuolella. Kuntosalin ik\u00e4raja on 16 vuotta.<br><\/p>\n\n\n\n<h2 class=\"wp-block-heading\">Spa-etiketti<\/h2>\n\n\n\n<p><a href=\"https:\/\/usvaspa.fi\/fi\/info\/spa-etiketti\/\">Tutustu my\u00f6s spa-etikettiimme \u203a<\/a><\/p>\n<\/div>\n\n\n\n<div class=\"wp-block-column is-layout-flow wp-block-column-is-layout-flow\">\n<h2 class=\"wp-block-heading\">Aukioloajat<\/h2>\n\n\n\n<p class=\"is-style-default\">Ma-Ke: 10.00 &#8211; 18.00<\/p>\n\n\n\n<p class=\"is-style-default\">To-La: 10.00 &#8211; 20.00<br>Su: 12.00 &#8211; 18.00<\/p>\n\n\n\n<p>Day Span aukioloaikojen ulkopuolella suomalainen sauna on auki hotelliasiakkaille ja USVA Clubin j\u00e4senille:<br>Ma-La 06.00 &#8211; 10.00 ja 20.00 &#8211; 22.00<br>Su 06.00 &#8211; 10.00 ja 18.00 &#8211; 22.00<\/p>\n\n\n\n<h3 class=\"wp-block-heading\">Poikkeusaukioloajat<\/h3>\n\n\n\n<p>Vappup\u00e4iv\u00e4 1.5. 12.00 \u2013 18.00<\/p>\n\n\n\n<p>Helatorstai 14.5. 10.00 \u2013 18.00<br><\/p>\n\n\n\n<h2 class=\"wp-block-heading\">Uima-asu<\/h2>\n\n\n\n<p>Day Spa on unisex aluetta ja pyyd\u00e4mme k\u00e4vij\u00f6it\u00e4 k\u00e4ytt\u00e4m\u00e4\u00e4n uima-asua tai pyyhett\u00e4 spa- ja sauna-alueella.<\/p>\n\n\n\n<h2 class=\"wp-block-heading\">Kuntosali<\/h2>\n\n\n\n<p>Avoinna 24\/7 Usva Clubin j\u00e4senille ja hotelliasiakkaille.<\/p>\n\n\n\n<h2 class=\"wp-block-heading\">Peruutusehdot<\/h2>\n\n\n\n<p>Peruutukset ovat maksuttomia, kun ne tehd\u00e4\u00e4n viimeist\u00e4\u00e4n 24 tuntia ennen varattua aikaa joko verkossa tai puhelimitse. Peruutuksista, jotka tehd\u00e4\u00e4n 12-24 tuntia ennen varattua aikaa, veloitetaan 50 %. Alle 12 tuntia ennen varattua aikaa tehdyist\u00e4 peruutuksista veloitetaan 100 %. <\/p>\n<\/div>\n<\/div>\n","protected":false},"excerpt":{"rendered":"<p>Yhteystiedot +358 20 7120 293spa.nhcollectionhelsinki@nh-hotels.com USVA by Terhen, l\u00f6yd\u00e4t meid\u00e4t KaivopihaltaNH Collection Helsinki Grand HansaMannerheimintie 5, 00100Helsinki, Suomi Napsauta t\u00e4st\u00e4&hellip;<\/p>\n","protected":false},"author":1,"featured_media":724,"parent":0,"menu_order":6,"comment_status":"closed","ping_status":"closed","template":"page-wide.php","meta":{"_acf_changed":false,"footnotes":""},"class_list":["post-124","page","type-page","status-publish","has-post-thumbnail","hentry"],"acf":[],"yoast_head":"<!-- This site is optimized with the Yoast SEO plugin v24.7 - https:\/\/yoast.com\/wordpress\/plugins\/seo\/ -->\n<title>Info - USVA Spa<\/title>\n<meta name=\"robots\" content=\"index, follow, max-snippet:-1, max-image-preview:large, max-video-preview:-1\" \/>\n<link rel=\"canonical\" href=\"https:\/\/usvaspa.fi\/fi\/info\/\" \/>\n<meta property=\"og:locale\" content=\"fi_FI\" \/>\n<meta property=\"og:type\" content=\"article\" \/>\n<meta property=\"og:title\" content=\"Info - USVA Spa\" \/>\n<meta property=\"og:description\" content=\"Yhteystiedot +358 20 7120 293spa.nhcollectionhelsinki@nh-hotels.com USVA by Terhen, l\u00f6yd\u00e4t meid\u00e4t KaivopihaltaNH Collection Helsinki Grand HansaMannerheimintie 5, 00100Helsinki, Suomi Napsauta t\u00e4st\u00e4&hellip;\" \/>\n<meta property=\"og:url\" content=\"https:\/\/usvaspa.fi\/fi\/info\/\" \/>\n<meta property=\"og:site_name\" content=\"USVA Spa\" \/>\n<meta property=\"article:modified_time\" content=\"2026-04-07T10:11:53+00:00\" \/>\n<meta property=\"og:image\" content=\"https:\/\/usvaspa.fi\/wp-content\/uploads\/2025\/03\/usva-spa-hero-info-1-scaled.jpg\" \/>\n\t<meta property=\"og:image:width\" content=\"2560\" \/>\n\t<meta property=\"og:image:height\" content=\"624\" \/>\n\t<meta property=\"og:image:type\" content=\"image\/jpeg\" \/>\n<meta name=\"twitter:card\" content=\"summary_large_image\" \/>\n<meta name=\"twitter:label1\" content=\"Arvioitu lukuaika\" \/>\n\t<meta name=\"twitter:data1\" content=\"2 minuuttia\" \/>\n<script type=\"application\/ld+json\" class=\"yoast-schema-graph\">{\"@context\":\"https:\/\/schema.org\",\"@graph\":[{\"@type\":\"WebPage\",\"@id\":\"https:\/\/usvaspa.fi\/fi\/info\/\",\"url\":\"https:\/\/usvaspa.fi\/fi\/info\/\",\"name\":\"Info - USVA Spa\",\"isPartOf\":{\"@id\":\"https:\/\/usvaspa.fi\/fi\/#website\"},\"primaryImageOfPage\":{\"@id\":\"https:\/\/usvaspa.fi\/fi\/info\/#primaryimage\"},\"image\":{\"@id\":\"https:\/\/usvaspa.fi\/fi\/info\/#primaryimage\"},\"thumbnailUrl\":\"https:\/\/usvaspa.fi\/wp-content\/uploads\/2025\/03\/usva-spa-hero-info-1-scaled.jpg\",\"datePublished\":\"2025-02-25T08:06:33+00:00\",\"dateModified\":\"2026-04-07T10:11:53+00:00\",\"breadcrumb\":{\"@id\":\"https:\/\/usvaspa.fi\/fi\/info\/#breadcrumb\"},\"inLanguage\":\"fi\",\"potentialAction\":[{\"@type\":\"ReadAction\",\"target\":[\"https:\/\/usvaspa.fi\/fi\/info\/\"]}]},{\"@type\":\"ImageObject\",\"inLanguage\":\"fi\",\"@id\":\"https:\/\/usvaspa.fi\/fi\/info\/#primaryimage\",\"url\":\"https:\/\/usvaspa.fi\/wp-content\/uploads\/2025\/03\/usva-spa-hero-info-1-scaled.jpg\",\"contentUrl\":\"https:\/\/usvaspa.fi\/wp-content\/uploads\/2025\/03\/usva-spa-hero-info-1-scaled.jpg\",\"width\":2560,\"height\":624},{\"@type\":\"BreadcrumbList\",\"@id\":\"https:\/\/usvaspa.fi\/fi\/info\/#breadcrumb\",\"itemListElement\":[{\"@type\":\"ListItem\",\"position\":1,\"name\":\"Etusivu\",\"item\":\"https:\/\/usvaspa.fi\/fi\/\"},{\"@type\":\"ListItem\",\"position\":2,\"name\":\"Info\"}]},{\"@type\":\"WebSite\",\"@id\":\"https:\/\/usvaspa.fi\/fi\/#website\",\"url\":\"https:\/\/usvaspa.fi\/fi\/\",\"name\":\"USVA Spa\",\"description\":\"\",\"potentialAction\":[{\"@type\":\"SearchAction\",\"target\":{\"@type\":\"EntryPoint\",\"urlTemplate\":\"https:\/\/usvaspa.fi\/fi\/?s={search_term_string}\"},\"query-input\":{\"@type\":\"PropertyValueSpecification\",\"valueRequired\":true,\"valueName\":\"search_term_string\"}}],\"inLanguage\":\"fi\"}]}<\/script>\n<!-- \/ Yoast SEO plugin. -->","yoast_head_json":{"title":"Info - USVA Spa","robots":{"index":"index","follow":"follow","max-snippet":"max-snippet:-1","max-image-preview":"max-image-preview:large","max-video-preview":"max-video-preview:-1"},"canonical":"https:\/\/usvaspa.fi\/fi\/info\/","og_locale":"fi_FI","og_type":"article","og_title":"Info - USVA Spa","og_description":"Yhteystiedot +358 20 7120 293spa.nhcollectionhelsinki@nh-hotels.com USVA by Terhen, l\u00f6yd\u00e4t meid\u00e4t KaivopihaltaNH Collection Helsinki Grand HansaMannerheimintie 5, 00100Helsinki, Suomi Napsauta t\u00e4st\u00e4&hellip;","og_url":"https:\/\/usvaspa.fi\/fi\/info\/","og_site_name":"USVA Spa","article_modified_time":"2026-04-07T10:11:53+00:00","og_image":[{"width":2560,"height":624,"url":"https:\/\/usvaspa.fi\/wp-content\/uploads\/2025\/03\/usva-spa-hero-info-1-scaled.jpg","type":"image\/jpeg"}],"twitter_card":"summary_large_image","twitter_misc":{"Arvioitu lukuaika":"2 minuuttia"},"schema":{"@context":"https:\/\/schema.org","@graph":[{"@type":"WebPage","@id":"https:\/\/usvaspa.fi\/fi\/info\/","url":"https:\/\/usvaspa.fi\/fi\/info\/","name":"Info - USVA Spa","isPartOf":{"@id":"https:\/\/usvaspa.fi\/fi\/#website"},"primaryImageOfPage":{"@id":"https:\/\/usvaspa.fi\/fi\/info\/#primaryimage"},"image":{"@id":"https:\/\/usvaspa.fi\/fi\/info\/#primaryimage"},"thumbnailUrl":"https:\/\/usvaspa.fi\/wp-content\/uploads\/2025\/03\/usva-spa-hero-info-1-scaled.jpg","datePublished":"2025-02-25T08:06:33+00:00","dateModified":"2026-04-07T10:11:53+00:00","breadcrumb":{"@id":"https:\/\/usvaspa.fi\/fi\/info\/#breadcrumb"},"inLanguage":"fi","potentialAction":[{"@type":"ReadAction","target":["https:\/\/usvaspa.fi\/fi\/info\/"]}]},{"@type":"ImageObject","inLanguage":"fi","@id":"https:\/\/usvaspa.fi\/fi\/info\/#primaryimage","url":"https:\/\/usvaspa.fi\/wp-content\/uploads\/2025\/03\/usva-spa-hero-info-1-scaled.jpg","contentUrl":"https:\/\/usvaspa.fi\/wp-content\/uploads\/2025\/03\/usva-spa-hero-info-1-scaled.jpg","width":2560,"height":624},{"@type":"BreadcrumbList","@id":"https:\/\/usvaspa.fi\/fi\/info\/#breadcrumb","itemListElement":[{"@type":"ListItem","position":1,"name":"Etusivu","item":"https:\/\/usvaspa.fi\/fi\/"},{"@type":"ListItem","position":2,"name":"Info"}]},{"@type":"WebSite","@id":"https:\/\/usvaspa.fi\/fi\/#website","url":"https:\/\/usvaspa.fi\/fi\/","name":"USVA Spa","description":"","potentialAction":[{"@type":"SearchAction","target":{"@type":"EntryPoint","urlTemplate":"https:\/\/usvaspa.fi\/fi\/?s={search_term_string}"},"query-input":{"@type":"PropertyValueSpecification","valueRequired":true,"valueName":"search_term_string"}}],"inLanguage":"fi"}]}},"_links":{"self":[{"href":"https:\/\/usvaspa.fi\/fi\/wp-json\/wp\/v2\/pages\/124","targetHints":{"allow":["GET"]}}],"collection":[{"href":"https:\/\/usvaspa.fi\/fi\/wp-json\/wp\/v2\/pages"}],"about":[{"href":"https:\/\/usvaspa.fi\/fi\/wp-json\/wp\/v2\/types\/page"}],"author":[{"embeddable":true,"href":"https:\/\/usvaspa.fi\/fi\/wp-json\/wp\/v2\/users\/1"}],"replies":[{"embeddable":true,"href":"https:\/\/usvaspa.fi\/fi\/wp-json\/wp\/v2\/comments?post=124"}],"version-history":[{"count":36,"href":"https:\/\/usvaspa.fi\/fi\/wp-json\/wp\/v2\/pages\/124\/revisions"}],"predecessor-version":[{"id":1340,"href":"https:\/\/usvaspa.fi\/fi\/wp-json\/wp\/v2\/pages\/124\/revisions\/1340"}],"wp:featuredmedia":[{"embeddable":true,"href":"https:\/\/usvaspa.fi\/fi\/wp-json\/wp\/v2\/media\/724"}],"wp:attachment":[{"href":"https:\/\/usvaspa.fi\/fi\/wp-json\/wp\/v2\/media?parent=124"}],"curies":[{"name":"wp","href":"https:\/\/api.w.org\/{rel}","templated":true}]}}