{"id":165,"date":"2025-02-26T14:37:01","date_gmt":"2025-02-26T12:37:01","guid":{"rendered":"https:\/\/usvaspa.fi\/?page_id=165"},"modified":"2026-01-28T15:54:04","modified_gmt":"2026-01-28T13:54:04","slug":"lahjakortti","status":"publish","type":"page","link":"https:\/\/usvaspa.fi\/fi\/lahjakortti\/","title":{"rendered":"Lahjakortti"},"content":{"rendered":"\t<div class=\"block featured bg-white\">\n\t\t<div class=\"row img-right\">\n\t\t\t<div class=\"col-12 col-md-6 img-col offset-xl-1 order-md-2\">\n\t\t\t\t<div class=\"image-wrapper\">\n\t\t\t\t\t<img loading=\"lazy\" decoding=\"async\" width=\"1024\" height=\"757\" src=\"https:\/\/usvaspa.fi\/wp-content\/uploads\/2025\/02\/usva-rn-0059-1024x757.jpg\" class=\"attachment-large size-large\" alt=\"\" srcset=\"https:\/\/usvaspa.fi\/wp-content\/uploads\/2025\/02\/usva-rn-0059-1024x757.jpg 1024w, https:\/\/usvaspa.fi\/wp-content\/uploads\/2025\/02\/usva-rn-0059-300x222.jpg 300w, https:\/\/usvaspa.fi\/wp-content\/uploads\/2025\/02\/usva-rn-0059.jpg 1218w\" sizes=\"auto, (max-width: 1024px) 100vw, 1024px\" \/>\t\t\t\t<\/div>\n\t\t\t<\/div>\n\t\t\t<div class=\"col-12 col-md-6 col-xl-5 order-md-1 text-col\">\n\t\t\t\t<h1 class=\"featured-title\">Lahjakortti<\/h1><p>Usvan lahjakortti on t\u00e4ydellinen lahja suomalaisen saunan ja hyvinvoinnin yst\u00e4v\u00e4lle. Voit ostaa lahjakortin helposti verkkokaupasta tai paikan p\u00e4\u00e4lt\u00e4 Usvan vastaanotosta. Valitse haluamasi summa tai palvelu ja anna lahjaksi hetki hyvinvointia. Lahjakortti k\u00e4y kaikkiin Usvan palveluihin, hoitoihin, tuotteisiin ja kuntosalij\u00e4senyyksiin. Hemmottelua, rauhaa ja palautumista \u2013 kaikki t\u00e4m\u00e4 lahjaksi Usvasta.<\/p>\n<p><a class=\"button white-btn\" href=\"https:\/\/hotelservices.minor-hotels.com\/en\/finland\/uusimaa\/helsinki\/nh-collection-helsinki-grand-hansa\/usva-spa-gift-card\" target=\"_blank\" rel=\"noopener\">Osta<\/a><\/p>\n\t\t\t<\/div>\n\t\t<\/div>\n\t<\/div>\n","protected":false},"excerpt":{"rendered":"","protected":false},"author":1,"featured_media":0,"parent":0,"menu_order":5,"comment_status":"closed","ping_status":"closed","template":"","meta":{"_acf_changed":false,"footnotes":""},"class_list":["post-165","page","type-page","status-publish","hentry"],"acf":[],"yoast_head":"<!-- This site is optimized with the Yoast SEO plugin v24.7 - https:\/\/yoast.com\/wordpress\/plugins\/seo\/ -->\n<title>Lahjakortti - USVA Spa<\/title>\n<meta name=\"robots\" content=\"index, follow, max-snippet:-1, max-image-preview:large, max-video-preview:-1\" \/>\n<link rel=\"canonical\" href=\"https:\/\/usvaspa.fi\/fi\/lahjakortti\/\" \/>\n<meta property=\"og:locale\" content=\"fi_FI\" \/>\n<meta property=\"og:type\" content=\"article\" \/>\n<meta property=\"og:title\" content=\"Lahjakortti - USVA Spa\" \/>\n<meta property=\"og:url\" content=\"https:\/\/usvaspa.fi\/fi\/lahjakortti\/\" \/>\n<meta property=\"og:site_name\" content=\"USVA Spa\" \/>\n<meta property=\"article:modified_time\" content=\"2026-01-28T13:54:04+00:00\" \/>\n<meta name=\"twitter:card\" content=\"summary_large_image\" \/>\n<meta name=\"twitter:label1\" content=\"Arvioitu lukuaika\" \/>\n\t<meta name=\"twitter:data1\" content=\"1 minuutti\" \/>\n<script type=\"application\/ld+json\" class=\"yoast-schema-graph\">{\"@context\":\"https:\/\/schema.org\",\"@graph\":[{\"@type\":\"WebPage\",\"@id\":\"https:\/\/usvaspa.fi\/fi\/lahjakortti\/\",\"url\":\"https:\/\/usvaspa.fi\/fi\/lahjakortti\/\",\"name\":\"Lahjakortti - USVA Spa\",\"isPartOf\":{\"@id\":\"https:\/\/usvaspa.fi\/fi\/#website\"},\"datePublished\":\"2025-02-26T12:37:01+00:00\",\"dateModified\":\"2026-01-28T13:54:04+00:00\",\"breadcrumb\":{\"@id\":\"https:\/\/usvaspa.fi\/fi\/lahjakortti\/#breadcrumb\"},\"inLanguage\":\"fi\",\"potentialAction\":[{\"@type\":\"ReadAction\",\"target\":[\"https:\/\/usvaspa.fi\/fi\/lahjakortti\/\"]}]},{\"@type\":\"BreadcrumbList\",\"@id\":\"https:\/\/usvaspa.fi\/fi\/lahjakortti\/#breadcrumb\",\"itemListElement\":[{\"@type\":\"ListItem\",\"position\":1,\"name\":\"Etusivu\",\"item\":\"https:\/\/usvaspa.fi\/fi\/\"},{\"@type\":\"ListItem\",\"position\":2,\"name\":\"Lahjakortti\"}]},{\"@type\":\"WebSite\",\"@id\":\"https:\/\/usvaspa.fi\/fi\/#website\",\"url\":\"https:\/\/usvaspa.fi\/fi\/\",\"name\":\"USVA Spa\",\"description\":\"\",\"potentialAction\":[{\"@type\":\"SearchAction\",\"target\":{\"@type\":\"EntryPoint\",\"urlTemplate\":\"https:\/\/usvaspa.fi\/fi\/?s={search_term_string}\"},\"query-input\":{\"@type\":\"PropertyValueSpecification\",\"valueRequired\":true,\"valueName\":\"search_term_string\"}}],\"inLanguage\":\"fi\"}]}<\/script>\n<!-- \/ Yoast SEO plugin. -->","yoast_head_json":{"title":"Lahjakortti - USVA Spa","robots":{"index":"index","follow":"follow","max-snippet":"max-snippet:-1","max-image-preview":"max-image-preview:large","max-video-preview":"max-video-preview:-1"},"canonical":"https:\/\/usvaspa.fi\/fi\/lahjakortti\/","og_locale":"fi_FI","og_type":"article","og_title":"Lahjakortti - USVA Spa","og_url":"https:\/\/usvaspa.fi\/fi\/lahjakortti\/","og_site_name":"USVA Spa","article_modified_time":"2026-01-28T13:54:04+00:00","twitter_card":"summary_large_image","twitter_misc":{"Arvioitu lukuaika":"1 minuutti"},"schema":{"@context":"https:\/\/schema.org","@graph":[{"@type":"WebPage","@id":"https:\/\/usvaspa.fi\/fi\/lahjakortti\/","url":"https:\/\/usvaspa.fi\/fi\/lahjakortti\/","name":"Lahjakortti - USVA Spa","isPartOf":{"@id":"https:\/\/usvaspa.fi\/fi\/#website"},"datePublished":"2025-02-26T12:37:01+00:00","dateModified":"2026-01-28T13:54:04+00:00","breadcrumb":{"@id":"https:\/\/usvaspa.fi\/fi\/lahjakortti\/#breadcrumb"},"inLanguage":"fi","potentialAction":[{"@type":"ReadAction","target":["https:\/\/usvaspa.fi\/fi\/lahjakortti\/"]}]},{"@type":"BreadcrumbList","@id":"https:\/\/usvaspa.fi\/fi\/lahjakortti\/#breadcrumb","itemListElement":[{"@type":"ListItem","position":1,"name":"Etusivu","item":"https:\/\/usvaspa.fi\/fi\/"},{"@type":"ListItem","position":2,"name":"Lahjakortti"}]},{"@type":"WebSite","@id":"https:\/\/usvaspa.fi\/fi\/#website","url":"https:\/\/usvaspa.fi\/fi\/","name":"USVA Spa","description":"","potentialAction":[{"@type":"SearchAction","target":{"@type":"EntryPoint","urlTemplate":"https:\/\/usvaspa.fi\/fi\/?s={search_term_string}"},"query-input":{"@type":"PropertyValueSpecification","valueRequired":true,"valueName":"search_term_string"}}],"inLanguage":"fi"}]}},"_links":{"self":[{"href":"https:\/\/usvaspa.fi\/fi\/wp-json\/wp\/v2\/pages\/165","targetHints":{"allow":["GET"]}}],"collection":[{"href":"https:\/\/usvaspa.fi\/fi\/wp-json\/wp\/v2\/pages"}],"about":[{"href":"https:\/\/usvaspa.fi\/fi\/wp-json\/wp\/v2\/types\/page"}],"author":[{"embeddable":true,"href":"https:\/\/usvaspa.fi\/fi\/wp-json\/wp\/v2\/users\/1"}],"replies":[{"embeddable":true,"href":"https:\/\/usvaspa.fi\/fi\/wp-json\/wp\/v2\/comments?post=165"}],"version-history":[{"count":7,"href":"https:\/\/usvaspa.fi\/fi\/wp-json\/wp\/v2\/pages\/165\/revisions"}],"predecessor-version":[{"id":1172,"href":"https:\/\/usvaspa.fi\/fi\/wp-json\/wp\/v2\/pages\/165\/revisions\/1172"}],"wp:attachment":[{"href":"https:\/\/usvaspa.fi\/fi\/wp-json\/wp\/v2\/media?parent=165"}],"curies":[{"name":"wp","href":"https:\/\/api.w.org\/{rel}","templated":true}]}}