{"id":22,"date":"2025-02-19T12:07:52","date_gmt":"2025-02-19T10:07:52","guid":{"rendered":"https:\/\/usvaspa.fi\/?page_id=22"},"modified":"2026-04-07T13:15:16","modified_gmt":"2026-04-07T10:15:16","slug":"etusivu","status":"publish","type":"page","link":"https:\/\/usvaspa.fi\/fi\/","title":{"rendered":"Etusivu"},"content":{"rendered":"\t<div class=\"block featured bg-turquoise\">\n\t\t<div class=\"row img-left\">\n\t\t\t<div class=\"col-12 col-md-6 img-col\">\n\t\t\t\t<div class=\"image-wrapper\">\n\t\t\t\t\t<img loading=\"lazy\" decoding=\"async\" width=\"1094\" height=\"1640\" src=\"https:\/\/usvaspa.fi\/wp-content\/uploads\/2025\/09\/Foot_baths_Terhen-1094x1640.jpg\" class=\"attachment-large size-large\" alt=\"\" srcset=\"https:\/\/usvaspa.fi\/wp-content\/uploads\/2025\/09\/Foot_baths_Terhen-1094x1640.jpg 1094w, https:\/\/usvaspa.fi\/wp-content\/uploads\/2025\/09\/Foot_baths_Terhen-380x570.jpg 380w, https:\/\/usvaspa.fi\/wp-content\/uploads\/2025\/09\/Foot_baths_Terhen-1280x1920.jpg 1280w, https:\/\/usvaspa.fi\/wp-content\/uploads\/2025\/09\/Foot_baths_Terhen.jpg 1445w\" sizes=\"auto, (max-width: 1094px) 100vw, 1094px\" \/>\t\t\t\t<\/div>\n\t\t\t<\/div>\n\t\t\t<div class=\"col-12 col-md-6 text-col\">\n\t\t\t\t<p class=\"preheader\"> USVA ryhmille<\/p><h2 class=\"h1 featured-title\">Ryhm\u00e4tapahtumat<\/h2><p>J\u00e4rjest\u00e4mme\u00a0ainutlaatuisia suomalaisesta saunakulttuurista inspiroituneita ryhm\u00e4tapahtumia\u00a0yrityksille, tiimeille ja pienille yksityisryhmille. Olipa kyseess\u00e4 tiimip\u00e4iv\u00e4, asiakastilaisuus tai erityinen hetki yst\u00e4vien kanssa, luomme teille unohtumattoman hyvinvointi- ja rentoutumisel\u00e4myksen.<\/p>\n<p><a class=\"button white-btn\" href=\"https:\/\/usvaspa.fi\/fi\/tutustu-palveluihin\/ryhmille\/\">Valmiina nauttimaan? Varaa el\u00e4mys<\/a><\/p>\n\t\t\t<\/div>\n\t\t<\/div>\n\t<\/div>\n\n\n\t<div class=\"block-narrow gray-text\">\n\t\t<h3>Anna lahjaksi suomalainen hyvinvointiel\u00e4mys<\/h3>\n<p>Yll\u00e4t\u00e4 <a href=\"https:\/\/usvaspa.fi\/fi\/lahjakortti\/\">Usva-lahjakortilla<\/a> ja tarjoa ainutlaatuinen sauna- ja hyvinvointiel\u00e4mys. Lahjakortilla voi nauttia kaikista palveluistamme, hoidoista, tuotteista, wellness-mentor-palveluista sek\u00e4 kuntosalin j\u00e4senyydest\u00e4. T\u00e4ydellinen lahja rentoutumiseen, hemmotteluun ja palautumiseen \u2013 anna ajatuksella valittu lahja USVAsta.<\/p>\n\t<\/div>\n\n\n\t<div class=\"block linklist\">\n\t\t<h2 class=\"h1\">Palvelumme<\/h2>\n\n\t\t<div class=\"row\">\n\t\t\t\t<div class=\"col-12 col-sm-6 col-xl-3\">\n\t\t\t<a href=\"https:\/\/usvaspa.fi\/fi\/tutustu-palveluihin\/jooga-ja-pilates\/\" class=\"image-wrapper\">\n\t\t\t\t<img loading=\"lazy\" decoding=\"async\" width=\"816\" height=\"605\" src=\"https:\/\/usvaspa.fi\/wp-content\/uploads\/2026\/03\/Usva-weekly-classes.png\" class=\"attachment-large size-large\" alt=\"\" srcset=\"https:\/\/usvaspa.fi\/wp-content\/uploads\/2026\/03\/Usva-weekly-classes.png 816w, https:\/\/usvaspa.fi\/wp-content\/uploads\/2026\/03\/Usva-weekly-classes-570x423.png 570w\" sizes=\"auto, (max-width: 816px) 100vw, 816px\" \/>\t\t\t\t<div class=\"text\">\n\t\t\t\t\t<h3>Viikkotunnit<\/h3>\n\t\t\t\t\t<p class=\"text-link\">Lue lis\u00e4\u00e4<\/p>\n\t\t\t\t<\/div>\n\t\t\t<\/a>\n\t\t<\/div>\n\t\t\t\t<div class=\"col-12 col-sm-6 col-xl-3\">\n\t\t\t<a href=\"https:\/\/usvaspa.fi\/fi\/tutustu-palveluihin\/hoidot-ja-hieronnat\/\" class=\"image-wrapper\">\n\t\t\t\t<img loading=\"lazy\" decoding=\"async\" width=\"1024\" height=\"250\" src=\"https:\/\/usvaspa.fi\/wp-content\/uploads\/2025\/03\/usva-spa-hero-hoidot-hieronnat-2-1024x250.jpg\" class=\"attachment-large size-large\" alt=\"\" srcset=\"https:\/\/usvaspa.fi\/wp-content\/uploads\/2025\/03\/usva-spa-hero-hoidot-hieronnat-2-1024x250.jpg 1024w, https:\/\/usvaspa.fi\/wp-content\/uploads\/2025\/03\/usva-spa-hero-hoidot-hieronnat-2-300x73.jpg 300w, https:\/\/usvaspa.fi\/wp-content\/uploads\/2025\/03\/usva-spa-hero-hoidot-hieronnat-2-1920x468.jpg 1920w\" sizes=\"auto, (max-width: 1024px) 100vw, 1024px\" \/>\t\t\t\t<div class=\"text\">\n\t\t\t\t\t<h3>Hoidot ja hieronnat<\/h3>\n\t\t\t\t\t<p class=\"text-link\">Lue lis\u00e4\u00e4<\/p>\n\t\t\t\t<\/div>\n\t\t\t<\/a>\n\t\t<\/div>\n\t\t\t\t<div class=\"col-12 col-sm-6 col-xl-3\">\n\t\t\t<a href=\"https:\/\/usvaspa.fi\/fi\/tutustu-palveluihin\/day-spa-paketit\/\" class=\"image-wrapper\">\n\t\t\t\t<img loading=\"lazy\" decoding=\"async\" width=\"1024\" height=\"250\" src=\"https:\/\/usvaspa.fi\/wp-content\/uploads\/2025\/03\/usva-spa-hero-day-spa-paketit-1-1024x250.jpg\" class=\"attachment-large size-large\" alt=\"\" srcset=\"https:\/\/usvaspa.fi\/wp-content\/uploads\/2025\/03\/usva-spa-hero-day-spa-paketit-1-1024x250.jpg 1024w, https:\/\/usvaspa.fi\/wp-content\/uploads\/2025\/03\/usva-spa-hero-day-spa-paketit-1-300x73.jpg 300w, https:\/\/usvaspa.fi\/wp-content\/uploads\/2025\/03\/usva-spa-hero-day-spa-paketit-1-1920x468.jpg 1920w\" sizes=\"auto, (max-width: 1024px) 100vw, 1024px\" \/>\t\t\t\t<div class=\"text\">\n\t\t\t\t\t<h3>Day Spa -paketit<\/h3>\n\t\t\t\t\t<p class=\"text-link\">Lue lis\u00e4\u00e4<\/p>\n\t\t\t\t<\/div>\n\t\t\t<\/a>\n\t\t<\/div>\n\t\t\t\t<div class=\"col-12 col-sm-6 col-xl-3\">\n\t\t\t<a href=\"https:\/\/usvaspa.fi\/fi\/tutustu-palveluihin\/kuntosalijasenyys\/\" class=\"image-wrapper\">\n\t\t\t\t<img loading=\"lazy\" decoding=\"async\" width=\"1024\" height=\"250\" src=\"https:\/\/usvaspa.fi\/wp-content\/uploads\/2025\/03\/usva-spa-hero-kuntosali-1-1024x250.jpg\" class=\"attachment-large size-large\" alt=\"\" srcset=\"https:\/\/usvaspa.fi\/wp-content\/uploads\/2025\/03\/usva-spa-hero-kuntosali-1-1024x250.jpg 1024w, https:\/\/usvaspa.fi\/wp-content\/uploads\/2025\/03\/usva-spa-hero-kuntosali-1-300x73.jpg 300w, https:\/\/usvaspa.fi\/wp-content\/uploads\/2025\/03\/usva-spa-hero-kuntosali-1-1920x468.jpg 1920w\" sizes=\"auto, (max-width: 1024px) 100vw, 1024px\" \/>\t\t\t\t<div class=\"text\">\n\t\t\t\t\t<h3>Kuntosalij\u00e4senyys<\/h3>\n\t\t\t\t\t<p class=\"text-link\">Lue lis\u00e4\u00e4<\/p>\n\t\t\t\t<\/div>\n\t\t\t<\/a>\n\t\t<\/div>\n\t\t\t\t<div class=\"col-12 col-sm-6 col-xl-3\">\n\t\t\t<a href=\"https:\/\/usvaspa.fi\/fi\/tutustu-palveluihin\/ryhmille\/\" class=\"image-wrapper\">\n\t\t\t\t<img loading=\"lazy\" decoding=\"async\" width=\"1024\" height=\"250\" src=\"https:\/\/usvaspa.fi\/wp-content\/uploads\/2025\/03\/usva-spa-hero-ryhmille-1-1024x250.jpg\" class=\"attachment-large size-large\" alt=\"\" srcset=\"https:\/\/usvaspa.fi\/wp-content\/uploads\/2025\/03\/usva-spa-hero-ryhmille-1-1024x250.jpg 1024w, https:\/\/usvaspa.fi\/wp-content\/uploads\/2025\/03\/usva-spa-hero-ryhmille-1-300x73.jpg 300w, https:\/\/usvaspa.fi\/wp-content\/uploads\/2025\/03\/usva-spa-hero-ryhmille-1-1920x468.jpg 1920w\" sizes=\"auto, (max-width: 1024px) 100vw, 1024px\" \/>\t\t\t\t<div class=\"text\">\n\t\t\t\t\t<h3>Ryhmille<\/h3>\n\t\t\t\t\t<p class=\"text-link\">Lue lis\u00e4\u00e4<\/p>\n\t\t\t\t<\/div>\n\t\t\t<\/a>\n\t\t<\/div>\n\t\t\t\t<div class=\"col-12 col-sm-6 col-xl-3\">\n\t\t\t<a href=\"https:\/\/usvaspa.fi\/fi\/tutustu-palveluihin\/evasteseloste\/\" class=\"image-wrapper\">\n\t\t\t\t<img loading=\"lazy\" decoding=\"async\" width=\"1024\" height=\"549\" src=\"https:\/\/usvaspa.fi\/wp-content\/uploads\/2025\/02\/usva-rn-0040-1024x549.jpg\" class=\"attachment-large size-large\" alt=\"\" srcset=\"https:\/\/usvaspa.fi\/wp-content\/uploads\/2025\/02\/usva-rn-0040-1024x549.jpg 1024w, https:\/\/usvaspa.fi\/wp-content\/uploads\/2025\/02\/usva-rn-0040-300x161.jpg 300w, https:\/\/usvaspa.fi\/wp-content\/uploads\/2025\/02\/usva-rn-0040-1920x1030.jpg 1920w\" sizes=\"auto, (max-width: 1024px) 100vw, 1024px\" \/>\t\t\t\t<div class=\"text\">\n\t\t\t\t\t<h3>Ev\u00e4steseloste<\/h3>\n\t\t\t\t\t<p class=\"text-link\">Lue lis\u00e4\u00e4<\/p>\n\t\t\t\t<\/div>\n\t\t\t<\/a>\n\t\t<\/div>\n\t\t\t\t<\/div>\n\n\t<\/div>\n\n\n\t<div class=\"block-narrow gray-text\">\n\t\t<h2>Kertak\u00e4ynti spa- ja kuntosalitiloissa<\/h2>\n<p>Sis\u00e4\u00e4np\u00e4\u00e4sy 39 \u20ac\/henkil\u00f6 sis\u00e4lt\u00e4\u00e4 kahden tunnin p\u00e4\u00e4syn spa- ja kuntosalitiloihin.<\/p>\n<p><a class=\"button white-btn\" href=\"https:\/\/usvaspa.fi\/fi\/info\/\">Lue lis\u00e4\u00e4 Info-sivulta<\/a>\u00a0 \u00a0<a class=\"button white-btn\" href=\"https:\/\/usvaspa.fi\/fi\/tee-varaus\/\">Tee varaus<\/a><\/p>\n\t<\/div>\n\n\n\t<div class=\"block featured bg-turquoise\">\n\t\t<div class=\"row img-right\">\n\t\t\t<div class=\"col-12 col-md-6 img-col order-md-2\">\n\t\t\t\t<div class=\"image-wrapper\">\n\t\t\t\t\t<img loading=\"lazy\" decoding=\"async\" width=\"427\" height=\"640\" src=\"https:\/\/usvaspa.fi\/wp-content\/uploads\/2025\/03\/Villiyrtti_terhen.jpg\" class=\"attachment-large size-large\" alt=\"Nainen ker\u00e4\u00e4 kuusenkerkki\u00e4\" srcset=\"https:\/\/usvaspa.fi\/wp-content\/uploads\/2025\/03\/Villiyrtti_terhen.jpg 427w, https:\/\/usvaspa.fi\/wp-content\/uploads\/2025\/03\/Villiyrtti_terhen-200x300.jpg 200w\" sizes=\"auto, (max-width: 427px) 100vw, 427px\" \/>\t\t\t\t<\/div>\n\t\t\t<\/div>\n\t\t\t<div class=\"col-12 col-md-6 order-md-1 text-col\">\n\t\t\t\t<p class=\"preheader\">Ryhmille<\/p><h2 class=\"h1 featured-title\">Koe unohtumaton villiyrttiretki!<\/h2><p>J\u00e4rjest\u00e4 ryhm\u00e4llesi ainutlaatuinen el\u00e4mys ja l\u00e4hde oppimaan Suomen luonnon tarjoamista luonnonantimista!<\/p>\n<p><a class=\"button white-btn\" href=\"https:\/\/usvaspa.fi\/fi\/tutustu-palveluihin\/ryhmille\/\">Lue lis\u00e4\u00e4<\/a><\/p>\n\t\t\t<\/div>\n\t\t<\/div>\n\t<\/div>\n\n\n\t<div class=\"block newsletter-text\">\n\t\t<div class=\"row\">\n\t\t\t<div class=\"col-12 col-md-6 text-col\">\n\t\t\t\t<h2>Aukioloajat<\/h2>\n<p>Ma-Ke: 10.00 \u2013 18.00<\/p>\n<p>To-La 10.00 \u2013 20.00<\/p>\n<p>Su: 12.00 \u2013 18.00<\/p>\n<h3>Poikkeusaukioloajat<\/h3>\n<p>Vappup\u00e4iv\u00e4 1.5. 12.00 &#8211; 18.00<\/p>\n<p>Helatorstai 14.5. 10.00 &#8211; 18.00<\/p>\n<h3>Kuntosali<\/h3>\n<p>Avoinna 24\/7 Usva Wellness Clubin j\u00e4senille ja hotelliasiakkaille.<\/p>\n<p>L\u00f6yd\u00e4t meid\u00e4t Kaivopihalta<br \/>\nMannerheimintie 5, 00100 Helsinki<\/p>\n\t\t\t<\/div>\n\t\t\t<div class=\"col-12 col-md-6 img-col\">\n\t\t\t\t<img loading=\"lazy\" decoding=\"async\" width=\"1024\" height=\"598\" src=\"https:\/\/usvaspa.fi\/wp-content\/uploads\/2025\/02\/usvaspa-uutiskirje-1024x598.jpg\" class=\"attachment-large size-large\" alt=\"\" srcset=\"https:\/\/usvaspa.fi\/wp-content\/uploads\/2025\/02\/usvaspa-uutiskirje-1024x598.jpg 1024w, https:\/\/usvaspa.fi\/wp-content\/uploads\/2025\/02\/usvaspa-uutiskirje-300x175.jpg 300w, https:\/\/usvaspa.fi\/wp-content\/uploads\/2025\/02\/usvaspa-uutiskirje.jpg 1218w\" sizes=\"auto, (max-width: 1024px) 100vw, 1024px\" \/>\n\t\t\t\t<div class=\"text-wrapper\">\n\t\t\t\t\t<p class=\"preheader\">Liity yhteis\u00f6\u00f6mme<\/p>\t\t\t\t\t<h2 class=\"featured-title\">Tilaa uutiskirje<\/h2>\n\n\t\t\t\t\t<div id=\"mc_embed_shell\">\n\t<div id=\"mc_embed_signup\">\n\t\t<form\n\t\t\taction=\"https:\/\/usvaspa.us14.list-manage.com\/subscribe\/post?u=97869bb3a417d9cdcd80c2331&amp;id=8e8abd45c0&amp;f_id=00491fe3f0\" method=\"post\" id=\"mc-embedded-subscribe-form\" name=\"mc-embedded-subscribe-form\" class=\"validate\" target=\"_blank\">\n\t\t\t<div id=\"mc_embed_signup_scroll\">\n\t\t\t\t<div class=\"mc-field-group\">\n\t\t\t\t\t<input type=\"email\" name=\"EMAIL\" class=\"required email\" id=\"mce-EMAIL\" required=\"\" value=\"\" placeholder=\"S\u00e4hk\u00f6postiosoitteesi\">\n\t\t\t\t<\/div>\n\t\t\t\t<div id=\"mce-responses\" class=\"clear\">\n\t\t\t\t\t<div class=\"response\" id=\"mce-error-response\" style=\"display: none;\"><\/div>\n\t\t\t\t\t<div class=\"response\" id=\"mce-success-response\" style=\"display: none;\"><\/div>\n\t\t\t\t<\/div>\n\t\t\t\t<div aria-hidden=\"true\" style=\"position: absolute; left: -5000px;\">\n\t\t\t\t\t<input type=\"text\" name=\"b_97869bb3a417d9cdcd80c2331_8e8abd45c0\" tabindex=\"-1\" value=\"\">\n\t\t\t\t<\/div>\n\n\t\t\t\t<input type=\"submit\" name=\"subscribe\" id=\"mc-embedded-subscribe\" class=\"text-link\" value=\"Tilaa\">\n\t\t\t<\/div>\n\t\t<\/form>\n\t<\/div>\n\t<script type=\"text\/javascript\" src=\"\/\/s3.amazonaws.com\/downloads.mailchimp.com\/js\/mc-validate.js\"><\/script>\n\t<script type=\"text\/javascript\">(function($) {\n\t\t\twindow.fnames = new Array();\n\t\t\twindow.ftypes = new Array();\n\t\t\tfnames[0] = 'EMAIL';\n\t\t\tftypes[0] = 'email';\n\t\t\tfnames[1] = 'FNAME';\n\t\t\tftypes[1] = 'text';\n\t\t\tfnames[2] = 'LNAME';\n\t\t\tftypes[2] = 'text';\n\t\t\tfnames[3] = 'ADDRESS';\n\t\t\tftypes[3] = 'address';\n\t\t\tfnames[4] = 'PHONE';\n\t\t\tftypes[4] = 'phone';\n\t\t\tfnames[5] = 'BIRTHDAY';\n\t\t\tftypes[5] = 'birthday';\n\n\n\t\t\tif ($('html').attr('lang') === 'fi') {\n\t\t\t\t\/*\n\t\t\t\t* Translated default messages for the $ validation plugin.\n\t\t\t\t* Locale: FI\n\t\t\t\t*\/\n\t\t\t\t$.extend($.validator.messages, {\n\t\t\t\t\trequired: \"T&auml;m&auml; kentt&auml; on pakollinen.\",\n\t\t\t\t\tmaxlength: $.validator.format(\"Voit sy&ouml;tt&auml;&auml; enint&auml;&auml;n {0} merkki&auml;.\"),\n\t\t\t\t\tminlength: $.validator.format(\"V&auml;hint&auml;&auml;n {0} merkki&auml;.\"),\n\t\t\t\t\trangelength: $.validator.format(\"Sy&ouml;t&auml; v&auml;hint&auml;&auml;n {0} ja enint&auml;&auml;n {1} merkki&auml;.\"),\n\t\t\t\t\temail: \"Sy&ouml;t&auml; oikea s&auml;hk&ouml;postiosoite.\",\n\t\t\t\t\turl: \"Sy&ouml;t&auml; oikea URL osoite.\",\n\t\t\t\t\tdate: \"Sy&ouml;t&auml; oike p&auml;iv&auml;m&auml;&auml;r&auml;.\",\n\t\t\t\t\tdateISO: \"Sy&ouml;t&auml; oike p&auml;iv&auml;m&auml;&auml;r&auml; (VVVV-MM-DD).\",\n\t\t\t\t\tnumber: \"Sy&ouml;t&auml; numero.\",\n\t\t\t\t\tdigits: \"Sy&ouml;t&auml; pelk&auml;st&auml;&auml;n numeroita.\",\n\t\t\t\t\tequalTo: \"Sy&ouml;t&auml; sama arvo uudestaan.\",\n\t\t\t\t\trange: $.validator.format(\"Sy&ouml;t&auml; arvo {0} ja {1} v&auml;lilt&auml;.\"),\n\t\t\t\t\tmax: $.validator.format(\"Sy&ouml;t&auml; arvo joka on yht&auml; suuri tai suurempi kuin {0}.\"),\n\t\t\t\t\tmin: $.validator.format(\"Sy&ouml;t&auml; arvo joka on pienempi tai yht&auml; suuri kuin {0}.\"),\n\t\t\t\t\tcreditcard: \"Sy&ouml;t&auml; voimassa oleva luottokorttinumero.\"\n\t\t\t\t});\n\t\t\t}\n\t\t}(jQuery));\n\t\tvar $mcj = jQuery.noConflict(true);<\/script>\n<\/div>\n\t\t\t\t<\/div>\n\t\t\t<\/div>\n\t\t<\/div>\n\t<\/div>\n","protected":false},"excerpt":{"rendered":"","protected":false},"author":1,"featured_media":205,"parent":0,"menu_order":22,"comment_status":"closed","ping_status":"open","template":"","meta":{"_acf_changed":false,"footnotes":""},"class_list":["post-22","page","type-page","status-publish","has-post-thumbnail","hentry"],"acf":[],"yoast_head":"<!-- This site is optimized with the Yoast SEO plugin v24.7 - https:\/\/yoast.com\/wordpress\/plugins\/seo\/ -->\n<title>Day Spa Kaivopihalla - USVA Spa<\/title>\n<meta name=\"description\" content=\"USVA ammentaa inspiraationsa ikiaikaisista hoitoperinteist\u00e4mme, saunasta, Suomen puhtaasta luonnosta ja vuodenaikojen vaihtelusta.\" \/>\n<meta name=\"robots\" content=\"index, follow, max-snippet:-1, max-image-preview:large, max-video-preview:-1\" \/>\n<link rel=\"canonical\" href=\"https:\/\/usvaspa.fi\/fi\/\" \/>\n<meta property=\"og:locale\" content=\"fi_FI\" \/>\n<meta property=\"og:type\" content=\"article\" \/>\n<meta property=\"og:title\" content=\"Day Spa Kaivopihalla - USVA Spa\" \/>\n<meta property=\"og:description\" content=\"USVA ammentaa inspiraationsa ikiaikaisista hoitoperinteist\u00e4mme, saunasta, Suomen puhtaasta luonnosta ja vuodenaikojen vaihtelusta.\" \/>\n<meta property=\"og:url\" content=\"https:\/\/usvaspa.fi\/fi\/\" \/>\n<meta property=\"og:site_name\" content=\"USVA Spa\" \/>\n<meta property=\"article:modified_time\" content=\"2026-04-07T10:15:16+00:00\" \/>\n<meta property=\"og:image\" content=\"https:\/\/usvaspa.fi\/wp-content\/uploads\/2025\/02\/usvaspa-hero.jpg\" \/>\n\t<meta property=\"og:image:width\" content=\"1640\" \/>\n\t<meta property=\"og:image:height\" content=\"808\" \/>\n\t<meta property=\"og:image:type\" content=\"image\/jpeg\" \/>\n<meta name=\"twitter:card\" content=\"summary_large_image\" \/>\n<meta name=\"twitter:label1\" content=\"Arvioitu lukuaika\" \/>\n\t<meta name=\"twitter:data1\" content=\"1 minuutti\" \/>\n<script type=\"application\/ld+json\" class=\"yoast-schema-graph\">{\"@context\":\"https:\/\/schema.org\",\"@graph\":[{\"@type\":\"WebPage\",\"@id\":\"https:\/\/usvaspa.fi\/fi\/\",\"url\":\"https:\/\/usvaspa.fi\/fi\/\",\"name\":\"Day Spa Kaivopihalla - USVA Spa\",\"isPartOf\":{\"@id\":\"https:\/\/usvaspa.fi\/fi\/#website\"},\"primaryImageOfPage\":{\"@id\":\"https:\/\/usvaspa.fi\/fi\/#primaryimage\"},\"image\":{\"@id\":\"https:\/\/usvaspa.fi\/fi\/#primaryimage\"},\"thumbnailUrl\":\"https:\/\/usvaspa.fi\/wp-content\/uploads\/2025\/02\/usvaspa-hero.jpg\",\"datePublished\":\"2025-02-19T10:07:52+00:00\",\"dateModified\":\"2026-04-07T10:15:16+00:00\",\"description\":\"USVA ammentaa inspiraationsa ikiaikaisista hoitoperinteist\u00e4mme, saunasta, Suomen puhtaasta luonnosta ja vuodenaikojen vaihtelusta.\",\"breadcrumb\":{\"@id\":\"https:\/\/usvaspa.fi\/fi\/#breadcrumb\"},\"inLanguage\":\"fi\",\"potentialAction\":[{\"@type\":\"ReadAction\",\"target\":[\"https:\/\/usvaspa.fi\/fi\/\"]}]},{\"@type\":\"ImageObject\",\"inLanguage\":\"fi\",\"@id\":\"https:\/\/usvaspa.fi\/fi\/#primaryimage\",\"url\":\"https:\/\/usvaspa.fi\/wp-content\/uploads\/2025\/02\/usvaspa-hero.jpg\",\"contentUrl\":\"https:\/\/usvaspa.fi\/wp-content\/uploads\/2025\/02\/usvaspa-hero.jpg\",\"width\":1640,\"height\":808},{\"@type\":\"BreadcrumbList\",\"@id\":\"https:\/\/usvaspa.fi\/fi\/#breadcrumb\",\"itemListElement\":[{\"@type\":\"ListItem\",\"position\":1,\"name\":\"Etusivu\",\"item\":\"https:\/\/usvaspa.fi\/fi\/\"},{\"@type\":\"ListItem\",\"position\":2,\"name\":\"Etusivu\"}]},{\"@type\":\"WebSite\",\"@id\":\"https:\/\/usvaspa.fi\/fi\/#website\",\"url\":\"https:\/\/usvaspa.fi\/fi\/\",\"name\":\"USVA Spa\",\"description\":\"\",\"potentialAction\":[{\"@type\":\"SearchAction\",\"target\":{\"@type\":\"EntryPoint\",\"urlTemplate\":\"https:\/\/usvaspa.fi\/fi\/?s={search_term_string}\"},\"query-input\":{\"@type\":\"PropertyValueSpecification\",\"valueRequired\":true,\"valueName\":\"search_term_string\"}}],\"inLanguage\":\"fi\"}]}<\/script>\n<!-- \/ Yoast SEO plugin. -->","yoast_head_json":{"title":"Day Spa Kaivopihalla - USVA Spa","description":"USVA ammentaa inspiraationsa ikiaikaisista hoitoperinteist\u00e4mme, saunasta, Suomen puhtaasta luonnosta ja vuodenaikojen vaihtelusta.","robots":{"index":"index","follow":"follow","max-snippet":"max-snippet:-1","max-image-preview":"max-image-preview:large","max-video-preview":"max-video-preview:-1"},"canonical":"https:\/\/usvaspa.fi\/fi\/","og_locale":"fi_FI","og_type":"article","og_title":"Day Spa Kaivopihalla - USVA Spa","og_description":"USVA ammentaa inspiraationsa ikiaikaisista hoitoperinteist\u00e4mme, saunasta, Suomen puhtaasta luonnosta ja vuodenaikojen vaihtelusta.","og_url":"https:\/\/usvaspa.fi\/fi\/","og_site_name":"USVA Spa","article_modified_time":"2026-04-07T10:15:16+00:00","og_image":[{"width":1640,"height":808,"url":"https:\/\/usvaspa.fi\/wp-content\/uploads\/2025\/02\/usvaspa-hero.jpg","type":"image\/jpeg"}],"twitter_card":"summary_large_image","twitter_misc":{"Arvioitu lukuaika":"1 minuutti"},"schema":{"@context":"https:\/\/schema.org","@graph":[{"@type":"WebPage","@id":"https:\/\/usvaspa.fi\/fi\/","url":"https:\/\/usvaspa.fi\/fi\/","name":"Day Spa Kaivopihalla - USVA Spa","isPartOf":{"@id":"https:\/\/usvaspa.fi\/fi\/#website"},"primaryImageOfPage":{"@id":"https:\/\/usvaspa.fi\/fi\/#primaryimage"},"image":{"@id":"https:\/\/usvaspa.fi\/fi\/#primaryimage"},"thumbnailUrl":"https:\/\/usvaspa.fi\/wp-content\/uploads\/2025\/02\/usvaspa-hero.jpg","datePublished":"2025-02-19T10:07:52+00:00","dateModified":"2026-04-07T10:15:16+00:00","description":"USVA ammentaa inspiraationsa ikiaikaisista hoitoperinteist\u00e4mme, saunasta, Suomen puhtaasta luonnosta ja vuodenaikojen vaihtelusta.","breadcrumb":{"@id":"https:\/\/usvaspa.fi\/fi\/#breadcrumb"},"inLanguage":"fi","potentialAction":[{"@type":"ReadAction","target":["https:\/\/usvaspa.fi\/fi\/"]}]},{"@type":"ImageObject","inLanguage":"fi","@id":"https:\/\/usvaspa.fi\/fi\/#primaryimage","url":"https:\/\/usvaspa.fi\/wp-content\/uploads\/2025\/02\/usvaspa-hero.jpg","contentUrl":"https:\/\/usvaspa.fi\/wp-content\/uploads\/2025\/02\/usvaspa-hero.jpg","width":1640,"height":808},{"@type":"BreadcrumbList","@id":"https:\/\/usvaspa.fi\/fi\/#breadcrumb","itemListElement":[{"@type":"ListItem","position":1,"name":"Etusivu","item":"https:\/\/usvaspa.fi\/fi\/"},{"@type":"ListItem","position":2,"name":"Etusivu"}]},{"@type":"WebSite","@id":"https:\/\/usvaspa.fi\/fi\/#website","url":"https:\/\/usvaspa.fi\/fi\/","name":"USVA Spa","description":"","potentialAction":[{"@type":"SearchAction","target":{"@type":"EntryPoint","urlTemplate":"https:\/\/usvaspa.fi\/fi\/?s={search_term_string}"},"query-input":{"@type":"PropertyValueSpecification","valueRequired":true,"valueName":"search_term_string"}}],"inLanguage":"fi"}]}},"_links":{"self":[{"href":"https:\/\/usvaspa.fi\/fi\/wp-json\/wp\/v2\/pages\/22","targetHints":{"allow":["GET"]}}],"collection":[{"href":"https:\/\/usvaspa.fi\/fi\/wp-json\/wp\/v2\/pages"}],"about":[{"href":"https:\/\/usvaspa.fi\/fi\/wp-json\/wp\/v2\/types\/page"}],"author":[{"embeddable":true,"href":"https:\/\/usvaspa.fi\/fi\/wp-json\/wp\/v2\/users\/1"}],"replies":[{"embeddable":true,"href":"https:\/\/usvaspa.fi\/fi\/wp-json\/wp\/v2\/comments?post=22"}],"version-history":[{"count":46,"href":"https:\/\/usvaspa.fi\/fi\/wp-json\/wp\/v2\/pages\/22\/revisions"}],"predecessor-version":[{"id":905,"href":"https:\/\/usvaspa.fi\/fi\/wp-json\/wp\/v2\/pages\/22\/revisions\/905"}],"wp:featuredmedia":[{"embeddable":true,"href":"https:\/\/usvaspa.fi\/fi\/wp-json\/wp\/v2\/media\/205"}],"wp:attachment":[{"href":"https:\/\/usvaspa.fi\/fi\/wp-json\/wp\/v2\/media?parent=22"}],"curies":[{"name":"wp","href":"https:\/\/api.w.org\/{rel}","templated":true}]}}