{"id":224,"date":"2025-02-27T14:37:12","date_gmt":"2025-02-27T12:37:12","guid":{"rendered":"https:\/\/usvaspa.fi\/?page_id=224"},"modified":"2025-03-26T09:29:05","modified_gmt":"2025-03-26T07:29:05","slug":"usva-day-spa","status":"publish","type":"page","link":"https:\/\/usvaspa.fi\/fi\/usva-day-spa\/","title":{"rendered":"USVA Day Spa"},"content":{"rendered":"\n<h1 class=\"wp-block-heading has-text-align-center\">Ikiaikaista hyvinvointia Suomesta<\/h1>\n\n\n\n<p class=\"has-text-align-center is-style-lead\">Tervetuloa USVA Day Spahan, jossa p\u00e4\u00e4set nauttimaan ainutlaatuisista hoidoista laadukkailla suomalaisilla luonnonkosmetiikkatuotteilla. Uppoudu aistillisiin el\u00e4myksiin, joita inspiroivat iki-aikaiset hoitoperinteet ja vuodenaikojen kierto. Signature-hoidoissamme yhdistyv\u00e4t saunominen ja hemmottelu, jotka viev\u00e4t sinut suomalaisen hyvinvoinnin ytimeen.<\/p>\n\n\n\t<div class=\"block-narrow gray-text\">\n\t\t<p data-pm-slice=\"1 1 []\">Kansanperinteess\u00e4 \u201cusva\u201d n\u00e4hd\u00e4\u00e4n siltana fyysisten ja henkisten maailmojen v\u00e4lill\u00e4. Se her\u00e4tt\u00e4\u00e4 tietoisuutemme ja yhdist\u00e4\u00e4 meid\u00e4t muinaiseen viisauteen sek\u00e4 itseemme.<\/p>\n<p data-start=\"93\" data-end=\"357\">&#8221;Terhen&#8221; on per\u00e4isin Kalevalasta ja tarkoittaa usvaa tai utua. Terhen neito, usvan ja udun haltija, edustaa suomalaiseen mytologiaan liittyv\u00e4\u00e4 sumun ja utuisten maisemien kauneutta ja mystiikkaa. H\u00e4nen hahmonsa kuvastaa luonnon rauhoittavaa voimaa ja hiljaisuutta.<\/p>\n<p data-start=\"359\" data-end=\"526\" data-is-last-node=\"\" data-is-only-node=\"\">Usva Spassa Terhen ohjaa l\u00e4pi usvaisen kokemuksen, joka yhdist\u00e4\u00e4 mystiikan, luonnon voiman ja syv\u00e4n rauhan, luoden tilan, jossa mieli ja keho voivat l\u00f6yt\u00e4\u00e4 tasapainon.<\/p>\n\t<\/div>\n\n\n\t<div class=\"block featured bg-gray\">\n\t\t<div class=\"row img-right\">\n\t\t\t<div class=\"col-12 col-md-6 img-col offset-xl-1 order-md-2\">\n\t\t\t\t<div class=\"image-wrapper\">\n\t\t\t\t\t<img loading=\"lazy\" decoding=\"async\" width=\"952\" height=\"900\" src=\"https:\/\/usvaspa.fi\/wp-content\/uploads\/2025\/03\/usva-day-spa-kuva-elamys.jpg\" class=\"attachment-large size-large\" alt=\"\" srcset=\"https:\/\/usvaspa.fi\/wp-content\/uploads\/2025\/03\/usva-day-spa-kuva-elamys.jpg 952w, https:\/\/usvaspa.fi\/wp-content\/uploads\/2025\/03\/usva-day-spa-kuva-elamys-300x284.jpg 300w\" sizes=\"auto, (max-width: 952px) 100vw, 952px\" \/>\t\t\t\t<\/div>\n\t\t\t<\/div>\n\t\t\t<div class=\"col-12 col-md-6 col-xl-5 order-md-1 text-col\">\n\t\t\t\t<h2 class=\"h1 featured-title\">USVA Day Spa el\u00e4mys<\/h2><p data-start=\"0\" data-end=\"307\">USVA by Terhen on syntynyt syv\u00e4st\u00e4 ymm\u00e4rryksest\u00e4 universaaliin sis\u00e4isen rauhan ja tyyneyden kaipuuseen. Se toimii turvapaikkana, johon voit paeta modernin el\u00e4m\u00e4n h\u00e4ly\u00e4, nauttien arjen ylellisyydest\u00e4 ja hemmottelusta samalla, kun l\u00f6yd\u00e4t itsesi uudelleen.<\/p>\n<p data-start=\"309\" data-end=\"611\" data-is-last-node=\"\" data-is-only-node=\"\">USVA Spassa saunan, luonnon ja estetiikan terapeuttiset vaikutukset hoitavat kehoa, mielt\u00e4 ja sielua.<\/p>\n<p><a class=\"button white-btn\" href=\"https:\/\/usvaspa.fi\/fi\/tutustu-palveluihin\/\">Tutustu palveluihin ja varaa<\/a><\/p>\n\t\t\t<\/div>\n\t\t<\/div>\n\t<\/div>\n\n\n\t<div class=\"block featured bg-white\">\n\t\t<div class=\"row img-left\">\n\t\t\t<div class=\"col-12 col-md-6 img-col\">\n\t\t\t\t<div class=\"image-wrapper\">\n\t\t\t\t\t<img loading=\"lazy\" decoding=\"async\" width=\"1024\" height=\"698\" src=\"https:\/\/usvaspa.fi\/wp-content\/uploads\/2025\/02\/usva-rn-0038-1-1024x698.jpg\" class=\"attachment-large size-large\" alt=\"\" srcset=\"https:\/\/usvaspa.fi\/wp-content\/uploads\/2025\/02\/usva-rn-0038-1-1024x698.jpg 1024w, https:\/\/usvaspa.fi\/wp-content\/uploads\/2025\/02\/usva-rn-0038-1-300x204.jpg 300w, https:\/\/usvaspa.fi\/wp-content\/uploads\/2025\/02\/usva-rn-0038-1.jpg 1218w\" sizes=\"auto, (max-width: 1024px) 100vw, 1024px\" \/>\t\t\t\t<\/div>\n\t\t\t<\/div>\n\t\t\t<div class=\"col-12 col-md-6 col-xl-5 offset-xl-1 text-col\">\n\t\t\t\t<h2 class=\"h1 featured-title\">Palvelut<\/h2><p data-pm-slice=\"1 1 []\">Usva Spassa nautit luonnollisesta kosketuksesta kasvohoitojen, vartalohoitojen ja hierontojen parissa, joiden juuret ovat puhtaassa luonnossa ja ikiaikaisissa hoitoperinteiss\u00e4. Kokonaisvaltaisesta hemmottelusta p\u00e4\u00e4set nauttimaan my\u00f6s Day Spa -hemmottelupakettien parissa, ja ryhmille tarjoamme ainutlaatuisia ohjattuja tapahtumia.<\/p>\n<p><a class=\"button white-btn\" href=\"https:\/\/usvaspa.fi\/fi\/tutustu-palveluihin\/hoidot-ja-hieronnat\/\">Hoidot ja hieronnat<\/a> <a class=\"button white-btn\" href=\"https:\/\/usvaspa.fi\/fi\/tutustu-palveluihin\/day-spa-paketit\/\">Day Spa -paketit<\/a> <a class=\"button white-btn\" href=\"https:\/\/usvaspa.fi\/fi\/tutustu-palveluihin\/kuntosalijasenyys\/\">Kuntosalij\u00e4senyys<\/a> <a class=\"button white-btn\" href=\"https:\/\/usvaspa.fi\/fi\/tutustu-palveluihin\/ryhmille\/\">Ryhmille<\/a><\/p>\n\t\t\t<\/div>\n\t\t<\/div>\n\t<\/div>\n\n\n\t<div class=\"block featured bg-white\">\n\t\t<div class=\"row img-right\">\n\t\t\t<div class=\"col-12 col-md-6 img-col offset-xl-1 order-md-2\">\n\t\t\t\t<div class=\"image-wrapper\">\n\t\t\t\t\t<img loading=\"lazy\" decoding=\"async\" width=\"1024\" height=\"757\" src=\"https:\/\/usvaspa.fi\/wp-content\/uploads\/2025\/02\/usvaspa-diyhoidot-1024x757.jpg\" class=\"attachment-large size-large\" alt=\"\" srcset=\"https:\/\/usvaspa.fi\/wp-content\/uploads\/2025\/02\/usvaspa-diyhoidot-1024x757.jpg 1024w, https:\/\/usvaspa.fi\/wp-content\/uploads\/2025\/02\/usvaspa-diyhoidot-300x222.jpg 300w, https:\/\/usvaspa.fi\/wp-content\/uploads\/2025\/02\/usvaspa-diyhoidot.jpg 1218w\" sizes=\"auto, (max-width: 1024px) 100vw, 1024px\" \/>\t\t\t\t<\/div>\n\t\t\t<\/div>\n\t\t\t<div class=\"col-12 col-md-6 col-xl-5 order-md-1 text-col\">\n\t\t\t\t<h2 class=\"h1 featured-title\">Hyvinvointia vuodenaikojen mukaan<\/h2><p data-start=\"98\" data-end=\"263\">USVA Spa:ssa korostamme vuodenaikojen merkityst\u00e4 kokonaisvaltaisessa hyvinvointifilosofiassamme. Eri vuodenaikojen ymm\u00e4rt\u00e4minen auttaa meit\u00e4 el\u00e4m\u00e4\u00e4n paremmin harmoniassa itsemme ja ymp\u00e4rist\u00f6mme kanssa. USVA Spa:n hoidot ja palvelut seuraavat vuodenaikojen rytmej\u00e4 ja tukevat asiakkaidemme kokonaisvaltaista hyvinvointia.<\/p>\n\t\t\t<\/div>\n\t\t<\/div>\n\t<\/div>\n\n\n\t<div class=\"block-fluid featured-bg\">\n\t\t<img loading=\"lazy\" decoding=\"async\" width=\"1920\" height=\"900\" src=\"https:\/\/usvaspa.fi\/wp-content\/uploads\/2025\/02\/Usva_Gym_909_1920.jpg\" class=\"attachment-fullhd size-fullhd\" alt=\"\" srcset=\"https:\/\/usvaspa.fi\/wp-content\/uploads\/2025\/02\/Usva_Gym_909_1920.jpg 1920w, https:\/\/usvaspa.fi\/wp-content\/uploads\/2025\/02\/Usva_Gym_909_1920-300x141.jpg 300w, https:\/\/usvaspa.fi\/wp-content\/uploads\/2025\/02\/Usva_Gym_909_1920-1024x480.jpg 1024w\" sizes=\"auto, (max-width: 1920px) 100vw, 1920px\" \/>\n\t\t<div class=\"text-col\">\n\t\t\t\t\t\t<h2 class=\"h1 featured-title\">Sauna- ja kylm\u00e4terapia<\/h2>\n\t\t\t<p data-start=\"0\" data-end=\"259\">Sauna- ja kylm\u00e4terapia ovat keskeinen osa Usva by Terhen -el\u00e4myst\u00e4. Tarjoamme monipuolisia virkist\u00e4vi\u00e4, elvytt\u00e4vi\u00e4 ja rentouttavia saunahoitoja sek\u00e4 kylm\u00e4rituaaleja, jotka tukevat hyvinvointiasi. Kokeile my\u00f6s DIY-hoitojamme, jotka syvent\u00e4v\u00e4t ja rikastuttavat kokemustasi.<\/p>\n\t\t<\/div>\n\t<\/div>\n\n\n\t<div class=\"block featured bg-gray\">\n\t\t<div class=\"row img-right\">\n\t\t\t<div class=\"col-12 col-md-6 img-col offset-xl-1 order-md-2\">\n\t\t\t\t<div class=\"image-wrapper\">\n\t\t\t\t\t<img loading=\"lazy\" decoding=\"async\" width=\"1024\" height=\"757\" src=\"https:\/\/usvaspa.fi\/wp-content\/uploads\/2025\/02\/usvaspa-shop-1024x757.jpg\" class=\"attachment-large size-large\" alt=\"\" srcset=\"https:\/\/usvaspa.fi\/wp-content\/uploads\/2025\/02\/usvaspa-shop-1024x757.jpg 1024w, https:\/\/usvaspa.fi\/wp-content\/uploads\/2025\/02\/usvaspa-shop-300x222.jpg 300w, https:\/\/usvaspa.fi\/wp-content\/uploads\/2025\/02\/usvaspa-shop.jpg 1218w\" sizes=\"auto, (max-width: 1024px) 100vw, 1024px\" \/>\t\t\t\t<\/div>\n\t\t\t<\/div>\n\t\t\t<div class=\"col-12 col-md-6 col-xl-5 order-md-1 text-col\">\n\t\t\t\t<h2 class=\"h1 featured-title\">USVA Shop<\/h2><p>USVA Spa Shopista l\u00f6yd\u00e4t laajan valikoiman suomalaisia ekosertifioituja luonnonkosmetiikkatuotteita, jotka on valmistettu vastuullisesti pohjoisen luonnon puhtaita raaka-aineita hy\u00f6dynt\u00e4en. Valikoimastamme l\u00f6ytyy my\u00f6s hoitavia yrttituotteita, saunatekstiilej\u00e4 sek\u00e4 paikallista taidetta, joka tuo pohjoisen kauneuden osaksi kotiasi. Tule tutustumaan ja vie pala Usvaa mukaasi \u2013 t\u00e4ydellinen lahja itsellesi tai l\u00e4heiselle.<\/p>\n\t\t\t<\/div>\n\t\t<\/div>\n\t<\/div>\n\n\n\t<div class=\"block featured bg-turquoise\">\n\t\t<div class=\"row img-left\">\n\t\t\t<div class=\"col-12 col-md-6 img-col\">\n\t\t\t\t<div class=\"image-wrapper\">\n\t\t\t\t\t<img loading=\"lazy\" decoding=\"async\" width=\"1024\" height=\"684\" src=\"https:\/\/usvaspa.fi\/wp-content\/uploads\/2025\/02\/usvaspa-lahjakortti-1024x684.jpg\" class=\"attachment-large size-large\" alt=\"\" srcset=\"https:\/\/usvaspa.fi\/wp-content\/uploads\/2025\/02\/usvaspa-lahjakortti-1024x684.jpg 1024w, https:\/\/usvaspa.fi\/wp-content\/uploads\/2025\/02\/usvaspa-lahjakortti-300x200.jpg 300w, https:\/\/usvaspa.fi\/wp-content\/uploads\/2025\/02\/usvaspa-lahjakortti.jpg 1242w\" sizes=\"auto, (max-width: 1024px) 100vw, 1024px\" \/>\t\t\t\t<\/div>\n\t\t\t<\/div>\n\t\t\t<div class=\"col-12 col-md-6 text-col\">\n\t\t\t\t<h2 class=\"h1 featured-title\">Lahjakortti<\/h2><p>T\u00e4ydellinen lahja suomalaisen saunan ja hyvinvoinnin yst\u00e4v\u00e4lle. Lahjakortilla voi nauttia kaikista Usvan palveluista, kuten rentouttavista hoidoista, ostaa tuotteita Usva Shopistamme tai hankkia kuntosalij\u00e4senyyden. Anna lahjaksi hetki rauhaa ja palautumista Usvassa.<\/p>\n<p><a class=\"button white-btn\" href=\"https:\/\/usvaspa.fi\/fi\/lahjakortti\/\" target=\"_blank\" rel=\"noopener\">Osta<\/a><\/p>\n\t\t\t<\/div>\n\t\t<\/div>\n\t<\/div>\n\n\n\t<div class=\"block newsletter-text\">\n\t\t<div class=\"row\">\n\t\t\t<div class=\"col-12 col-md-6 text-col\">\n\t\t\t\t<h2>Aukioloajat<\/h2>\n<p>Ma-Ke: 10.00 \u2013 18.00<\/p>\n<p>To-La 10.00 \u2013 20.00<\/p>\n<p>Su: 12.00 \u2013 18.00<\/p>\n<h3>Poikkeusaukioloajat<\/h3>\n<p>Vappup\u00e4iv\u00e4 1.5. 12.00 &#8211; 18.00<\/p>\n<p>Helatorstai 14.5. 10.00 &#8211; 18.00<\/p>\n<h3>Kuntosali<\/h3>\n<p>Avoinna 24\/7 Usva Wellness Clubin j\u00e4senille ja hotelliasiakkaille.<\/p>\n<p>L\u00f6yd\u00e4t meid\u00e4t Kaivopihalta<br \/>\nMannerheimintie 5, 00100 Helsinki<\/p>\n\t\t\t<\/div>\n\t\t\t<div class=\"col-12 col-md-6 img-col\">\n\t\t\t\t<img loading=\"lazy\" decoding=\"async\" width=\"1024\" height=\"598\" src=\"https:\/\/usvaspa.fi\/wp-content\/uploads\/2025\/02\/usvaspa-uutiskirje-1024x598.jpg\" class=\"attachment-large size-large\" alt=\"\" srcset=\"https:\/\/usvaspa.fi\/wp-content\/uploads\/2025\/02\/usvaspa-uutiskirje-1024x598.jpg 1024w, https:\/\/usvaspa.fi\/wp-content\/uploads\/2025\/02\/usvaspa-uutiskirje-300x175.jpg 300w, https:\/\/usvaspa.fi\/wp-content\/uploads\/2025\/02\/usvaspa-uutiskirje.jpg 1218w\" sizes=\"auto, (max-width: 1024px) 100vw, 1024px\" \/>\n\t\t\t\t<div class=\"text-wrapper\">\n\t\t\t\t\t<p class=\"preheader\">Liity yhteis\u00f6\u00f6mme<\/p>\t\t\t\t\t<h2 class=\"featured-title\">Tilaa uutiskirje<\/h2>\n\n\t\t\t\t\t<div id=\"mc_embed_shell\">\n\t<div id=\"mc_embed_signup\">\n\t\t<form\n\t\t\taction=\"https:\/\/usvaspa.us14.list-manage.com\/subscribe\/post?u=97869bb3a417d9cdcd80c2331&amp;id=8e8abd45c0&amp;f_id=00491fe3f0\" method=\"post\" id=\"mc-embedded-subscribe-form\" name=\"mc-embedded-subscribe-form\" class=\"validate\" target=\"_blank\">\n\t\t\t<div id=\"mc_embed_signup_scroll\">\n\t\t\t\t<div class=\"mc-field-group\">\n\t\t\t\t\t<input type=\"email\" name=\"EMAIL\" class=\"required email\" id=\"mce-EMAIL\" required=\"\" value=\"\" placeholder=\"S\u00e4hk\u00f6postiosoitteesi\">\n\t\t\t\t<\/div>\n\t\t\t\t<div id=\"mce-responses\" class=\"clear\">\n\t\t\t\t\t<div class=\"response\" id=\"mce-error-response\" style=\"display: none;\"><\/div>\n\t\t\t\t\t<div class=\"response\" id=\"mce-success-response\" style=\"display: none;\"><\/div>\n\t\t\t\t<\/div>\n\t\t\t\t<div aria-hidden=\"true\" style=\"position: absolute; left: -5000px;\">\n\t\t\t\t\t<input type=\"text\" name=\"b_97869bb3a417d9cdcd80c2331_8e8abd45c0\" tabindex=\"-1\" value=\"\">\n\t\t\t\t<\/div>\n\n\t\t\t\t<input type=\"submit\" name=\"subscribe\" id=\"mc-embedded-subscribe\" class=\"text-link\" value=\"Tilaa\">\n\t\t\t<\/div>\n\t\t<\/form>\n\t<\/div>\n\t<script type=\"text\/javascript\" src=\"\/\/s3.amazonaws.com\/downloads.mailchimp.com\/js\/mc-validate.js\"><\/script>\n\t<script type=\"text\/javascript\">(function($) {\n\t\t\twindow.fnames = new Array();\n\t\t\twindow.ftypes = new Array();\n\t\t\tfnames[0] = 'EMAIL';\n\t\t\tftypes[0] = 'email';\n\t\t\tfnames[1] = 'FNAME';\n\t\t\tftypes[1] = 'text';\n\t\t\tfnames[2] = 'LNAME';\n\t\t\tftypes[2] = 'text';\n\t\t\tfnames[3] = 'ADDRESS';\n\t\t\tftypes[3] = 'address';\n\t\t\tfnames[4] = 'PHONE';\n\t\t\tftypes[4] = 'phone';\n\t\t\tfnames[5] = 'BIRTHDAY';\n\t\t\tftypes[5] = 'birthday';\n\n\n\t\t\tif ($('html').attr('lang') === 'fi') {\n\t\t\t\t\/*\n\t\t\t\t* Translated default messages for the $ validation plugin.\n\t\t\t\t* Locale: FI\n\t\t\t\t*\/\n\t\t\t\t$.extend($.validator.messages, {\n\t\t\t\t\trequired: \"T&auml;m&auml; kentt&auml; on pakollinen.\",\n\t\t\t\t\tmaxlength: $.validator.format(\"Voit sy&ouml;tt&auml;&auml; enint&auml;&auml;n {0} merkki&auml;.\"),\n\t\t\t\t\tminlength: $.validator.format(\"V&auml;hint&auml;&auml;n {0} merkki&auml;.\"),\n\t\t\t\t\trangelength: $.validator.format(\"Sy&ouml;t&auml; v&auml;hint&auml;&auml;n {0} ja enint&auml;&auml;n {1} merkki&auml;.\"),\n\t\t\t\t\temail: \"Sy&ouml;t&auml; oikea s&auml;hk&ouml;postiosoite.\",\n\t\t\t\t\turl: \"Sy&ouml;t&auml; oikea URL osoite.\",\n\t\t\t\t\tdate: \"Sy&ouml;t&auml; oike p&auml;iv&auml;m&auml;&auml;r&auml;.\",\n\t\t\t\t\tdateISO: \"Sy&ouml;t&auml; oike p&auml;iv&auml;m&auml;&auml;r&auml; (VVVV-MM-DD).\",\n\t\t\t\t\tnumber: \"Sy&ouml;t&auml; numero.\",\n\t\t\t\t\tdigits: \"Sy&ouml;t&auml; pelk&auml;st&auml;&auml;n numeroita.\",\n\t\t\t\t\tequalTo: \"Sy&ouml;t&auml; sama arvo uudestaan.\",\n\t\t\t\t\trange: $.validator.format(\"Sy&ouml;t&auml; arvo {0} ja {1} v&auml;lilt&auml;.\"),\n\t\t\t\t\tmax: $.validator.format(\"Sy&ouml;t&auml; arvo joka on yht&auml; suuri tai suurempi kuin {0}.\"),\n\t\t\t\t\tmin: $.validator.format(\"Sy&ouml;t&auml; arvo joka on pienempi tai yht&auml; suuri kuin {0}.\"),\n\t\t\t\t\tcreditcard: \"Sy&ouml;t&auml; voimassa oleva luottokorttinumero.\"\n\t\t\t\t});\n\t\t\t}\n\t\t}(jQuery));\n\t\tvar $mcj = jQuery.noConflict(true);<\/script>\n<\/div>\n\t\t\t\t<\/div>\n\t\t\t<\/div>\n\t\t<\/div>\n\t<\/div>\n","protected":false},"excerpt":{"rendered":"<p>Ikiaikaista hyvinvointia Suomesta Tervetuloa USVA Day Spahan, jossa p\u00e4\u00e4set nauttimaan ainutlaatuisista hoidoista laadukkailla suomalaisilla luonnonkosmetiikkatuotteilla. Uppoudu aistillisiin el\u00e4myksiin, joita inspiroivat&hellip;<\/p>\n","protected":false},"author":1,"featured_media":754,"parent":0,"menu_order":2,"comment_status":"closed","ping_status":"closed","template":"","meta":{"_acf_changed":false,"footnotes":""},"class_list":["post-224","page","type-page","status-publish","has-post-thumbnail","hentry"],"acf":[],"yoast_head":"<!-- This site is optimized with the Yoast SEO plugin v24.7 - https:\/\/yoast.com\/wordpress\/plugins\/seo\/ -->\n<title>USVA Day Spa - USVA Spa<\/title>\n<meta name=\"robots\" content=\"index, follow, max-snippet:-1, max-image-preview:large, max-video-preview:-1\" \/>\n<link rel=\"canonical\" href=\"https:\/\/usvaspa.fi\/fi\/usva-day-spa\/\" \/>\n<meta property=\"og:locale\" content=\"fi_FI\" \/>\n<meta property=\"og:type\" content=\"article\" \/>\n<meta property=\"og:title\" content=\"USVA Day Spa - USVA Spa\" \/>\n<meta property=\"og:description\" content=\"Ikiaikaista hyvinvointia Suomesta Tervetuloa USVA Day Spahan, jossa p\u00e4\u00e4set nauttimaan ainutlaatuisista hoidoista laadukkailla suomalaisilla luonnonkosmetiikkatuotteilla. Uppoudu aistillisiin el\u00e4myksiin, joita inspiroivat&hellip;\" \/>\n<meta property=\"og:url\" content=\"https:\/\/usvaspa.fi\/fi\/usva-day-spa\/\" \/>\n<meta property=\"og:site_name\" content=\"USVA Spa\" \/>\n<meta property=\"article:modified_time\" content=\"2025-03-26T07:29:05+00:00\" \/>\n<meta property=\"og:image\" content=\"https:\/\/usvaspa.fi\/wp-content\/uploads\/2025\/03\/usva-spa-hero-usva-day-spa-1-scaled.jpg\" \/>\n\t<meta property=\"og:image:width\" content=\"2560\" \/>\n\t<meta property=\"og:image:height\" content=\"624\" \/>\n\t<meta property=\"og:image:type\" content=\"image\/jpeg\" \/>\n<meta name=\"twitter:card\" content=\"summary_large_image\" \/>\n<meta name=\"twitter:label1\" content=\"Arvioitu lukuaika\" \/>\n\t<meta name=\"twitter:data1\" content=\"3 minuuttia\" \/>\n<script type=\"application\/ld+json\" class=\"yoast-schema-graph\">{\"@context\":\"https:\/\/schema.org\",\"@graph\":[{\"@type\":\"WebPage\",\"@id\":\"https:\/\/usvaspa.fi\/fi\/usva-day-spa\/\",\"url\":\"https:\/\/usvaspa.fi\/fi\/usva-day-spa\/\",\"name\":\"USVA Day Spa - USVA Spa\",\"isPartOf\":{\"@id\":\"https:\/\/usvaspa.fi\/fi\/#website\"},\"primaryImageOfPage\":{\"@id\":\"https:\/\/usvaspa.fi\/fi\/usva-day-spa\/#primaryimage\"},\"image\":{\"@id\":\"https:\/\/usvaspa.fi\/fi\/usva-day-spa\/#primaryimage\"},\"thumbnailUrl\":\"https:\/\/usvaspa.fi\/wp-content\/uploads\/2025\/03\/usva-spa-hero-usva-day-spa-1-scaled.jpg\",\"datePublished\":\"2025-02-27T12:37:12+00:00\",\"dateModified\":\"2025-03-26T07:29:05+00:00\",\"breadcrumb\":{\"@id\":\"https:\/\/usvaspa.fi\/fi\/usva-day-spa\/#breadcrumb\"},\"inLanguage\":\"fi\",\"potentialAction\":[{\"@type\":\"ReadAction\",\"target\":[\"https:\/\/usvaspa.fi\/fi\/usva-day-spa\/\"]}]},{\"@type\":\"ImageObject\",\"inLanguage\":\"fi\",\"@id\":\"https:\/\/usvaspa.fi\/fi\/usva-day-spa\/#primaryimage\",\"url\":\"https:\/\/usvaspa.fi\/wp-content\/uploads\/2025\/03\/usva-spa-hero-usva-day-spa-1-scaled.jpg\",\"contentUrl\":\"https:\/\/usvaspa.fi\/wp-content\/uploads\/2025\/03\/usva-spa-hero-usva-day-spa-1-scaled.jpg\",\"width\":2560,\"height\":624},{\"@type\":\"BreadcrumbList\",\"@id\":\"https:\/\/usvaspa.fi\/fi\/usva-day-spa\/#breadcrumb\",\"itemListElement\":[{\"@type\":\"ListItem\",\"position\":1,\"name\":\"Etusivu\",\"item\":\"https:\/\/usvaspa.fi\/fi\/\"},{\"@type\":\"ListItem\",\"position\":2,\"name\":\"USVA Day Spa\"}]},{\"@type\":\"WebSite\",\"@id\":\"https:\/\/usvaspa.fi\/fi\/#website\",\"url\":\"https:\/\/usvaspa.fi\/fi\/\",\"name\":\"USVA Spa\",\"description\":\"\",\"potentialAction\":[{\"@type\":\"SearchAction\",\"target\":{\"@type\":\"EntryPoint\",\"urlTemplate\":\"https:\/\/usvaspa.fi\/fi\/?s={search_term_string}\"},\"query-input\":{\"@type\":\"PropertyValueSpecification\",\"valueRequired\":true,\"valueName\":\"search_term_string\"}}],\"inLanguage\":\"fi\"}]}<\/script>\n<!-- \/ Yoast SEO plugin. -->","yoast_head_json":{"title":"USVA Day Spa - USVA Spa","robots":{"index":"index","follow":"follow","max-snippet":"max-snippet:-1","max-image-preview":"max-image-preview:large","max-video-preview":"max-video-preview:-1"},"canonical":"https:\/\/usvaspa.fi\/fi\/usva-day-spa\/","og_locale":"fi_FI","og_type":"article","og_title":"USVA Day Spa - USVA Spa","og_description":"Ikiaikaista hyvinvointia Suomesta Tervetuloa USVA Day Spahan, jossa p\u00e4\u00e4set nauttimaan ainutlaatuisista hoidoista laadukkailla suomalaisilla luonnonkosmetiikkatuotteilla. Uppoudu aistillisiin el\u00e4myksiin, joita inspiroivat&hellip;","og_url":"https:\/\/usvaspa.fi\/fi\/usva-day-spa\/","og_site_name":"USVA Spa","article_modified_time":"2025-03-26T07:29:05+00:00","og_image":[{"width":2560,"height":624,"url":"https:\/\/usvaspa.fi\/wp-content\/uploads\/2025\/03\/usva-spa-hero-usva-day-spa-1-scaled.jpg","type":"image\/jpeg"}],"twitter_card":"summary_large_image","twitter_misc":{"Arvioitu lukuaika":"3 minuuttia"},"schema":{"@context":"https:\/\/schema.org","@graph":[{"@type":"WebPage","@id":"https:\/\/usvaspa.fi\/fi\/usva-day-spa\/","url":"https:\/\/usvaspa.fi\/fi\/usva-day-spa\/","name":"USVA Day Spa - USVA Spa","isPartOf":{"@id":"https:\/\/usvaspa.fi\/fi\/#website"},"primaryImageOfPage":{"@id":"https:\/\/usvaspa.fi\/fi\/usva-day-spa\/#primaryimage"},"image":{"@id":"https:\/\/usvaspa.fi\/fi\/usva-day-spa\/#primaryimage"},"thumbnailUrl":"https:\/\/usvaspa.fi\/wp-content\/uploads\/2025\/03\/usva-spa-hero-usva-day-spa-1-scaled.jpg","datePublished":"2025-02-27T12:37:12+00:00","dateModified":"2025-03-26T07:29:05+00:00","breadcrumb":{"@id":"https:\/\/usvaspa.fi\/fi\/usva-day-spa\/#breadcrumb"},"inLanguage":"fi","potentialAction":[{"@type":"ReadAction","target":["https:\/\/usvaspa.fi\/fi\/usva-day-spa\/"]}]},{"@type":"ImageObject","inLanguage":"fi","@id":"https:\/\/usvaspa.fi\/fi\/usva-day-spa\/#primaryimage","url":"https:\/\/usvaspa.fi\/wp-content\/uploads\/2025\/03\/usva-spa-hero-usva-day-spa-1-scaled.jpg","contentUrl":"https:\/\/usvaspa.fi\/wp-content\/uploads\/2025\/03\/usva-spa-hero-usva-day-spa-1-scaled.jpg","width":2560,"height":624},{"@type":"BreadcrumbList","@id":"https:\/\/usvaspa.fi\/fi\/usva-day-spa\/#breadcrumb","itemListElement":[{"@type":"ListItem","position":1,"name":"Etusivu","item":"https:\/\/usvaspa.fi\/fi\/"},{"@type":"ListItem","position":2,"name":"USVA Day Spa"}]},{"@type":"WebSite","@id":"https:\/\/usvaspa.fi\/fi\/#website","url":"https:\/\/usvaspa.fi\/fi\/","name":"USVA Spa","description":"","potentialAction":[{"@type":"SearchAction","target":{"@type":"EntryPoint","urlTemplate":"https:\/\/usvaspa.fi\/fi\/?s={search_term_string}"},"query-input":{"@type":"PropertyValueSpecification","valueRequired":true,"valueName":"search_term_string"}}],"inLanguage":"fi"}]}},"_links":{"self":[{"href":"https:\/\/usvaspa.fi\/fi\/wp-json\/wp\/v2\/pages\/224","targetHints":{"allow":["GET"]}}],"collection":[{"href":"https:\/\/usvaspa.fi\/fi\/wp-json\/wp\/v2\/pages"}],"about":[{"href":"https:\/\/usvaspa.fi\/fi\/wp-json\/wp\/v2\/types\/page"}],"author":[{"embeddable":true,"href":"https:\/\/usvaspa.fi\/fi\/wp-json\/wp\/v2\/users\/1"}],"replies":[{"embeddable":true,"href":"https:\/\/usvaspa.fi\/fi\/wp-json\/wp\/v2\/comments?post=224"}],"version-history":[{"count":30,"href":"https:\/\/usvaspa.fi\/fi\/wp-json\/wp\/v2\/pages\/224\/revisions"}],"predecessor-version":[{"id":758,"href":"https:\/\/usvaspa.fi\/fi\/wp-json\/wp\/v2\/pages\/224\/revisions\/758"}],"wp:featuredmedia":[{"embeddable":true,"href":"https:\/\/usvaspa.fi\/fi\/wp-json\/wp\/v2\/media\/754"}],"wp:attachment":[{"href":"https:\/\/usvaspa.fi\/fi\/wp-json\/wp\/v2\/media?parent=224"}],"curies":[{"name":"wp","href":"https:\/\/api.w.org\/{rel}","templated":true}]}}