{"id":269,"date":"2025-02-27T15:46:39","date_gmt":"2025-02-27T13:46:39","guid":{"rendered":"https:\/\/usvaspa.fi\/?page_id=269"},"modified":"2026-03-11T09:31:59","modified_gmt":"2026-03-11T07:31:59","slug":"day-spa-paketit","status":"publish","type":"page","link":"https:\/\/usvaspa.fi\/fi\/tutustu-palveluihin\/day-spa-paketit\/","title":{"rendered":"Day Spa -paketit"},"content":{"rendered":"\n<p class=\"has-text-align-center is-style-lead\">Osta hemmottelu itsellesi tai lahjaksi!<\/p>\n\n\n\n<p class=\"has-text-align-center is-style-text-link\"><a href=\"https:\/\/usvaspa.fi\/fi\/lahjakortti\/\">Osta lahjaksi<\/a><\/p>\n\n\n\n<div class=\"wp-block-buttons is-content-justification-center is-layout-flex wp-container-core-buttons-is-layout-16018d1d wp-block-buttons-is-layout-flex\">\n<div class=\"wp-block-button\"><a class=\"wp-block-button__link wp-element-button\" href=\"#miniretriitit\">Miniretriitit<\/a><\/div>\n\n\n\n<div class=\"wp-block-button\"><a class=\"wp-block-button__link wp-element-button\" href=\"#hemmottelupaketit\">Hemmottelupaketit<\/a><\/div>\n<\/div>\n\n\n<div class=\"block-narrow pricing-wrapper\">\n\t<h2 id=\"miniretriitit\">Miniretriitit<\/h2>\n\t\n\t\t<div class=\"pricing\">\n\t\t<h3>Miniretriitti<\/h3><div class=\"price-block\"><p>Nauti kahden tunnin rentoutushetkest\u00e4 USVA Span ja kuntosalin alueella, jossa sinua odottaa oma lepopeti ja virkist\u00e4v\u00e4t tarjoilut. T\u00e4m\u00e4 minitretriitti tarjoaa t\u00e4ydellisen paon arjesta. Tervetuloa hemmottelemaan itse\u00e4si DIY-saunahoidoilla ja kylm\u00e4hoidolla.<\/p>\n<p>Sopii erinomaisesti my\u00f6s polttari- tai baby shower -ryhmille.<\/p>\n<p>120 min \/ 105 \u20ac \/ hotelliasiakkaat<br \/>\n120 min \/ 145 \u20ac \/ muut<br \/>\nLis\u00e4tunti 29 \u20ac<\/p>\n<p>-2 tunnin p\u00e4\u00e4sy spa- ja kuntosalitiloihin<br \/>\n-Oma lepopeti<br \/>\n-Pyyhe, laudeliina, kylpytakki, suihkusandaalit<br \/>\n-2 DIY-hoitoa: Kasvohoitosetti ja vartalokuorinta<br \/>\n-Lasi kuohuviini\u00e4 tai smoothie<br \/>\n-Saunamenu, 4 pienen annoksen maistelumenu sis. savumuikkuleip\u00e4, sienisalaatti, ruislastuja, leip\u00e4juustoa ja lakkahilloa, suolakurkut smetanan ja hunajan kera<\/p>\n<p>Maksimissaan 7 henkil\u00f6\u00e4<\/p>\n<p>Yhdist\u00e4 Day Spa-hoitoihin ja saat 20 % alennuksen hoidosta (hoito ei lyhenn\u00e4 Miniretriitin kestoa). 20 % alennus saman p\u00e4iv\u00e4n huonehinnoista saatavuuden mukaan.<\/p>\n<\/div><a href=\"https:\/\/usvaspa.fi\/fi\/tee-varaus\/\" class=\"button\">Varaa<\/a>\t<\/div>\n\t<\/div>\n\n\n<div class=\"block-narrow pricing-wrapper\">\n\t<h2 id=\"hemmottelupaketit\">Hemmottelupaketit<\/h2>\n\t\n\t\t<div class=\"pricing\">\n\t\t<h3>Hierontaa ja hemmottelua kahdelle<\/h3><div class=\"price-block\"><p>120 min \/ 350 \u20ac \/ 2 henkil\u00f6\u00e4<\/p>\n<p>Kahden tunnin hemmottelupaketti sis\u00e4lt\u00e4\u00e4 p\u00e4\u00e4syn USVAn kuntosalille ja Spa-alueelle, omat l\u00e4mmitetyt rentoutumispedit, DIY-saunahoidot sek\u00e4 yhteisen 50 minuutin DUO-hieronnan. Pulahdus kylm\u00e4altaaseen ja maukas saunamenu t\u00e4ydent\u00e4v\u00e4t el\u00e4myksen.<\/p>\n<p>Sis\u00e4lt\u00e4\u00e4:<\/p>\n<p>&#8211; 2 tunnin p\u00e4\u00e4syn spa- ja kuntosalialueille<br \/>\n&#8211; Omat l\u00e4mmitetyt rentoutumispedit<br \/>\n&#8211; DUO \u2013 50 min rentouttava hieronta kahdelle<br \/>\n&#8211; Saunapyyhkeet, kylpytakit ja suihkusandaalti<br \/>\n&#8211; DIY-vartalokuorinta kahdelle<br \/>\n&#8211; Sauna Menu \u2013 Pohjoismaisia makupaloja<br \/>\nSauna menu sis\u00e4lt\u00e4\u00e4 nelj\u00e4 suolaista makupalaa: savumuikkuleip\u00e4, sienisalaatti, rapeat ruissipsit, leip\u00e4juusto lakkahillon kera sek\u00e4 pikkelsit smetanan ja hunajan kanssa. Mukana lasi kuohuviini\u00e4 tai smoothie. <\/p>\n<p>Yhteystiedot:<br \/>\n+358 20 7120 293, spa.nhcollectionhelsinki@nh-hotels.com<\/p>\n<p>Lis\u00e4tarjous:<br \/>\n20 % alennus saman p\u00e4iv\u00e4n huonehinnoista, saatavuuden mukaan.<\/p>\n<\/div><a href=\"https:\/\/usvaspa.fi\/fi\/tee-varaus\/\" class=\"button\">Varaa<\/a>\t<\/div>\n\t\t<div class=\"pricing\">\n\t\t<h3>Finn Bliss &#8211; Usva Signature hemmottelu<\/h3><div class=\"price-block\"><p>120 min \/ 270 \u20ac<\/p>\n<p>T\u00e4m\u00e4 kehoa ja mielt\u00e4 tasapainottava hemmotteluhoito on saanut inspiraationsa suomalaisista hoitoperinteist\u00e4. Hoito vie sinut luonnolliseen ja kiireett\u00f6m\u00e4\u00e4n olotilaan, jossa saat nauttia kokonaisvaltaisesta rentoutumisesta.<br \/>\nEl\u00e4mys alkaa USVAn yleisess\u00e4 saunassa ohjatulla DIY-vihdonnalla. Saunan j\u00e4lkeen iho puhdistetaan ja kirkastetaan virkist\u00e4v\u00e4ll\u00e4 kokovartalokuorinnalla ja rentoutuminen jatkuu l\u00e4mpim\u00e4ss\u00e4 kylvyss\u00e4. Hoidon kruunaa ylellinen vartalohieronta, joka vapauttaa j\u00e4nnityksi\u00e4 ja syvent\u00e4\u00e4 kokonaisvaltaista hyvinvointia.<br \/>\nHoidon aikana voit nauttia lasillisen kuohuviini\u00e4 tai virkist\u00e4v\u00e4n smoothien.<\/p>\n<p>Hoito alkaa saunasta ja se sis\u00e4lt\u00e4\u00e4 DIY-vihdonnan, kokovartalokuorinnan, kylvyn, vartalohieronnan ja juoman.<\/p>\n<\/div><a href=\"https:\/\/usvaspa.fi\/fi\/tee-varaus\/\" class=\"button\">Varaa<\/a>\t<\/div>\n\t\t<div class=\"pricing\">\n\t\t<h3>Aikaa Kahdelle &#8211; Parihemmottelu<\/h3><div class=\"price-block\"><p>60 min \/ 280 \u20ac<\/p>\n<p>Ainutlaatuinen tapa viett\u00e4\u00e4 laatuaikaa yhdess\u00e4 ja rikastuttaa yhteisi\u00e4 kokemuksia. Aromaterapeuttiset pyyhkeet avaavat kehon energiapisteit\u00e4, samalla kun kasvot saavat ihotyypin mukaisen kuorinnan ja naamion. K\u00e4det ja jalat hierotaan mets\u00e4n tuoksuisella hieronta\u00f6ljyll\u00e4. T\u00e4m\u00e4 virkist\u00e4v\u00e4 ja rentouttava hoito kasvoille ja vartalolle tuo levollisuutta ja hyv\u00e4\u00e4 oloa pitk\u00e4ksi aikaa.<br \/>\nHoito sis\u00e4lt\u00e4\u00e4 kasvoille mets\u00e4n tuoksuisen puhdistuksen, kirkastavan kuorinnan, rentouttavan kasvohieronnan naamion kanssa, hemmottelevan k\u00e4sien ja jalkojen hieronnan sek\u00e4 syv\u00e4rentouttavia elementtej\u00e4 koko hoidon ajan.<br \/>\nVaratessasi \u201dAikaa kahdelle\u201d, ole yst\u00e4v\u00e4llinen ja ota yhteytt\u00e4 USVAn vastaanottoon varmistaaksesi duo-huoneen varauksen.<\/p>\n<\/div><a href=\"https:\/\/usvaspa.fi\/fi\/tee-varaus\/\" class=\"button\">Varaa<\/a>\t<\/div>\n\t\t<div class=\"pricing\">\n\t\t<h3>Bridal Pampering &#8211; Morsiuspaketti<\/h3><div class=\"price-block\"><p>60 min \/ 180 \u20ac<\/p>\n<p>Valmistaudu yhteen h\u00e4nen el\u00e4m\u00e4ns\u00e4 merkitt\u00e4vimmist\u00e4 p\u00e4ivist\u00e4 luottavaisin ja rauhallisin mielin. T\u00e4m\u00e4 morsiamen hemmottelupaketti sis\u00e4lt\u00e4\u00e4 rentouttavan niskan, hartioiden ja p\u00e4\u00e4n hieronnan, ylellisen kasvohoidon, joka korostaa h\u00e4nen luonnollista hehkuaan, sek\u00e4 hell\u00e4varaisen k\u00e4sikuorinnan ja naamion, joka pehment\u00e4\u00e4 ja hoitaa h\u00e4nen k\u00e4si\u00e4\u00e4n. T\u00e4m\u00e4n hoidon j\u00e4lkeen h\u00e4n tuntee itsens\u00e4 rentoutuneeksi ja valmiiksi el\u00e4m\u00e4ns\u00e4 seuraavaan lukuun.<\/p>\n<\/div><a href=\"https:\/\/usvaspa.fi\/fi\/tee-varaus\/\" class=\"button\">Varaa<\/a>\t<\/div>\n\t\t<div class=\"pricing\">\n\t\t<h3>Mama Blessing &#8211; Raskausajan hemmottelu<\/h3><div class=\"price-block\"><p>60 min \/ 180 \u20ac<\/p>\n<p>T\u00e4m\u00e4 p\u00e4\u00e4st\u00e4 varpaisiin ulottuva raskaushoito sopii kaikille odottaville \u00e4ideille. Kokonaisvaltaisessa hoidossa huomioidaan mahdolliset hormonaaliset muutokset kasvojen iholla k\u00e4ytt\u00e4en hell\u00e4varaisia Unna Nordic tuotteita. V\u00e4syneet ja turvonneet jalat virkistyv\u00e4t ylellisell\u00e4 jalkojen kuorinnalla sek\u00e4 hieronnalla, askel ja mieli on j\u00e4lleen kepe\u00e4. Hoidon j\u00e4lkeen olet rentoutuneempi ja valmiimpi el\u00e4m\u00e4si uuteen vaiheeseen. Raskaushoito sis\u00e4lt\u00e4\u00e4 kasvoille mets\u00e4n tuoksuisen ihon alkupuhdistuksen, kirkastavan kuorinnan, kosteuttavan naamion, sek\u00e4 rentouttavan niskahartiahieronnan, jalkojen kuorinnan ja hieronnan polviin saakka. sek\u00e4 syv\u00e4rentouttavia elementtej\u00e4 l\u00e4pi hoidon.<\/p>\n<\/div><a href=\"https:\/\/usvaspa.fi\/fi\/tee-varaus\/\" class=\"button\">Varaa<\/a>\t<\/div>\n\t<\/div>\n","protected":false},"excerpt":{"rendered":"<p>Osta hemmottelu itsellesi tai lahjaksi! Osta lahjaksi<\/p>\n","protected":false},"author":1,"featured_media":711,"parent":28,"menu_order":10,"comment_status":"closed","ping_status":"closed","template":"","meta":{"_acf_changed":false,"footnotes":""},"class_list":["post-269","page","type-page","status-publish","has-post-thumbnail","hentry"],"acf":[],"yoast_head":"<!-- This site is optimized with the Yoast SEO plugin v24.7 - https:\/\/yoast.com\/wordpress\/plugins\/seo\/ -->\n<title>Day Spa -paketit - USVA Spa<\/title>\n<meta name=\"robots\" content=\"index, follow, max-snippet:-1, max-image-preview:large, max-video-preview:-1\" \/>\n<link rel=\"canonical\" href=\"https:\/\/usvaspa.fi\/fi\/tutustu-palveluihin\/day-spa-paketit\/\" \/>\n<meta property=\"og:locale\" content=\"fi_FI\" \/>\n<meta property=\"og:type\" content=\"article\" \/>\n<meta property=\"og:title\" content=\"Day Spa -paketit - USVA Spa\" \/>\n<meta property=\"og:description\" content=\"Osta hemmottelu itsellesi tai lahjaksi! Osta lahjaksi\" \/>\n<meta property=\"og:url\" content=\"https:\/\/usvaspa.fi\/fi\/tutustu-palveluihin\/day-spa-paketit\/\" \/>\n<meta property=\"og:site_name\" content=\"USVA Spa\" \/>\n<meta property=\"article:modified_time\" content=\"2026-03-11T07:31:59+00:00\" \/>\n<meta property=\"og:image\" content=\"https:\/\/usvaspa.fi\/wp-content\/uploads\/2025\/03\/usva-spa-hero-day-spa-paketit-1-scaled.jpg\" \/>\n\t<meta property=\"og:image:width\" content=\"2560\" \/>\n\t<meta property=\"og:image:height\" content=\"624\" \/>\n\t<meta property=\"og:image:type\" content=\"image\/jpeg\" \/>\n<meta name=\"twitter:card\" content=\"summary_large_image\" \/>\n<meta name=\"twitter:label1\" content=\"Arvioitu lukuaika\" \/>\n\t<meta name=\"twitter:data1\" content=\"3 minuuttia\" \/>\n<script type=\"application\/ld+json\" class=\"yoast-schema-graph\">{\"@context\":\"https:\/\/schema.org\",\"@graph\":[{\"@type\":\"WebPage\",\"@id\":\"https:\/\/usvaspa.fi\/fi\/tutustu-palveluihin\/day-spa-paketit\/\",\"url\":\"https:\/\/usvaspa.fi\/fi\/tutustu-palveluihin\/day-spa-paketit\/\",\"name\":\"Day Spa -paketit - USVA Spa\",\"isPartOf\":{\"@id\":\"https:\/\/usvaspa.fi\/fi\/#website\"},\"primaryImageOfPage\":{\"@id\":\"https:\/\/usvaspa.fi\/fi\/tutustu-palveluihin\/day-spa-paketit\/#primaryimage\"},\"image\":{\"@id\":\"https:\/\/usvaspa.fi\/fi\/tutustu-palveluihin\/day-spa-paketit\/#primaryimage\"},\"thumbnailUrl\":\"https:\/\/usvaspa.fi\/wp-content\/uploads\/2025\/03\/usva-spa-hero-day-spa-paketit-1-scaled.jpg\",\"datePublished\":\"2025-02-27T13:46:39+00:00\",\"dateModified\":\"2026-03-11T07:31:59+00:00\",\"breadcrumb\":{\"@id\":\"https:\/\/usvaspa.fi\/fi\/tutustu-palveluihin\/day-spa-paketit\/#breadcrumb\"},\"inLanguage\":\"fi\",\"potentialAction\":[{\"@type\":\"ReadAction\",\"target\":[\"https:\/\/usvaspa.fi\/fi\/tutustu-palveluihin\/day-spa-paketit\/\"]}]},{\"@type\":\"ImageObject\",\"inLanguage\":\"fi\",\"@id\":\"https:\/\/usvaspa.fi\/fi\/tutustu-palveluihin\/day-spa-paketit\/#primaryimage\",\"url\":\"https:\/\/usvaspa.fi\/wp-content\/uploads\/2025\/03\/usva-spa-hero-day-spa-paketit-1-scaled.jpg\",\"contentUrl\":\"https:\/\/usvaspa.fi\/wp-content\/uploads\/2025\/03\/usva-spa-hero-day-spa-paketit-1-scaled.jpg\",\"width\":2560,\"height\":624},{\"@type\":\"BreadcrumbList\",\"@id\":\"https:\/\/usvaspa.fi\/fi\/tutustu-palveluihin\/day-spa-paketit\/#breadcrumb\",\"itemListElement\":[{\"@type\":\"ListItem\",\"position\":1,\"name\":\"Etusivu\",\"item\":\"https:\/\/usvaspa.fi\/fi\/\"},{\"@type\":\"ListItem\",\"position\":2,\"name\":\"Tutustu palveluihin\",\"item\":\"https:\/\/usvaspa.fi\/fi\/tutustu-palveluihin\/\"},{\"@type\":\"ListItem\",\"position\":3,\"name\":\"Day Spa -paketit\"}]},{\"@type\":\"WebSite\",\"@id\":\"https:\/\/usvaspa.fi\/fi\/#website\",\"url\":\"https:\/\/usvaspa.fi\/fi\/\",\"name\":\"USVA Spa\",\"description\":\"\",\"potentialAction\":[{\"@type\":\"SearchAction\",\"target\":{\"@type\":\"EntryPoint\",\"urlTemplate\":\"https:\/\/usvaspa.fi\/fi\/?s={search_term_string}\"},\"query-input\":{\"@type\":\"PropertyValueSpecification\",\"valueRequired\":true,\"valueName\":\"search_term_string\"}}],\"inLanguage\":\"fi\"}]}<\/script>\n<!-- \/ Yoast SEO plugin. -->","yoast_head_json":{"title":"Day Spa -paketit - USVA Spa","robots":{"index":"index","follow":"follow","max-snippet":"max-snippet:-1","max-image-preview":"max-image-preview:large","max-video-preview":"max-video-preview:-1"},"canonical":"https:\/\/usvaspa.fi\/fi\/tutustu-palveluihin\/day-spa-paketit\/","og_locale":"fi_FI","og_type":"article","og_title":"Day Spa -paketit - USVA Spa","og_description":"Osta hemmottelu itsellesi tai lahjaksi! Osta lahjaksi","og_url":"https:\/\/usvaspa.fi\/fi\/tutustu-palveluihin\/day-spa-paketit\/","og_site_name":"USVA Spa","article_modified_time":"2026-03-11T07:31:59+00:00","og_image":[{"width":2560,"height":624,"url":"https:\/\/usvaspa.fi\/wp-content\/uploads\/2025\/03\/usva-spa-hero-day-spa-paketit-1-scaled.jpg","type":"image\/jpeg"}],"twitter_card":"summary_large_image","twitter_misc":{"Arvioitu lukuaika":"3 minuuttia"},"schema":{"@context":"https:\/\/schema.org","@graph":[{"@type":"WebPage","@id":"https:\/\/usvaspa.fi\/fi\/tutustu-palveluihin\/day-spa-paketit\/","url":"https:\/\/usvaspa.fi\/fi\/tutustu-palveluihin\/day-spa-paketit\/","name":"Day Spa -paketit - USVA Spa","isPartOf":{"@id":"https:\/\/usvaspa.fi\/fi\/#website"},"primaryImageOfPage":{"@id":"https:\/\/usvaspa.fi\/fi\/tutustu-palveluihin\/day-spa-paketit\/#primaryimage"},"image":{"@id":"https:\/\/usvaspa.fi\/fi\/tutustu-palveluihin\/day-spa-paketit\/#primaryimage"},"thumbnailUrl":"https:\/\/usvaspa.fi\/wp-content\/uploads\/2025\/03\/usva-spa-hero-day-spa-paketit-1-scaled.jpg","datePublished":"2025-02-27T13:46:39+00:00","dateModified":"2026-03-11T07:31:59+00:00","breadcrumb":{"@id":"https:\/\/usvaspa.fi\/fi\/tutustu-palveluihin\/day-spa-paketit\/#breadcrumb"},"inLanguage":"fi","potentialAction":[{"@type":"ReadAction","target":["https:\/\/usvaspa.fi\/fi\/tutustu-palveluihin\/day-spa-paketit\/"]}]},{"@type":"ImageObject","inLanguage":"fi","@id":"https:\/\/usvaspa.fi\/fi\/tutustu-palveluihin\/day-spa-paketit\/#primaryimage","url":"https:\/\/usvaspa.fi\/wp-content\/uploads\/2025\/03\/usva-spa-hero-day-spa-paketit-1-scaled.jpg","contentUrl":"https:\/\/usvaspa.fi\/wp-content\/uploads\/2025\/03\/usva-spa-hero-day-spa-paketit-1-scaled.jpg","width":2560,"height":624},{"@type":"BreadcrumbList","@id":"https:\/\/usvaspa.fi\/fi\/tutustu-palveluihin\/day-spa-paketit\/#breadcrumb","itemListElement":[{"@type":"ListItem","position":1,"name":"Etusivu","item":"https:\/\/usvaspa.fi\/fi\/"},{"@type":"ListItem","position":2,"name":"Tutustu palveluihin","item":"https:\/\/usvaspa.fi\/fi\/tutustu-palveluihin\/"},{"@type":"ListItem","position":3,"name":"Day Spa -paketit"}]},{"@type":"WebSite","@id":"https:\/\/usvaspa.fi\/fi\/#website","url":"https:\/\/usvaspa.fi\/fi\/","name":"USVA Spa","description":"","potentialAction":[{"@type":"SearchAction","target":{"@type":"EntryPoint","urlTemplate":"https:\/\/usvaspa.fi\/fi\/?s={search_term_string}"},"query-input":{"@type":"PropertyValueSpecification","valueRequired":true,"valueName":"search_term_string"}}],"inLanguage":"fi"}]}},"_links":{"self":[{"href":"https:\/\/usvaspa.fi\/fi\/wp-json\/wp\/v2\/pages\/269","targetHints":{"allow":["GET"]}}],"collection":[{"href":"https:\/\/usvaspa.fi\/fi\/wp-json\/wp\/v2\/pages"}],"about":[{"href":"https:\/\/usvaspa.fi\/fi\/wp-json\/wp\/v2\/types\/page"}],"author":[{"embeddable":true,"href":"https:\/\/usvaspa.fi\/fi\/wp-json\/wp\/v2\/users\/1"}],"replies":[{"embeddable":true,"href":"https:\/\/usvaspa.fi\/fi\/wp-json\/wp\/v2\/comments?post=269"}],"version-history":[{"count":34,"href":"https:\/\/usvaspa.fi\/fi\/wp-json\/wp\/v2\/pages\/269\/revisions"}],"predecessor-version":[{"id":1296,"href":"https:\/\/usvaspa.fi\/fi\/wp-json\/wp\/v2\/pages\/269\/revisions\/1296"}],"up":[{"embeddable":true,"href":"https:\/\/usvaspa.fi\/fi\/wp-json\/wp\/v2\/pages\/28"}],"wp:featuredmedia":[{"embeddable":true,"href":"https:\/\/usvaspa.fi\/fi\/wp-json\/wp\/v2\/media\/711"}],"wp:attachment":[{"href":"https:\/\/usvaspa.fi\/fi\/wp-json\/wp\/v2\/media?parent=269"}],"curies":[{"name":"wp","href":"https:\/\/api.w.org\/{rel}","templated":true}]}}