{"id":28,"date":"2025-02-21T10:56:43","date_gmt":"2025-02-21T08:56:43","guid":{"rendered":"https:\/\/usvaspa.fi\/services\/"},"modified":"2026-03-05T09:15:39","modified_gmt":"2026-03-05T07:15:39","slug":"tutustu-palveluihin","status":"publish","type":"page","link":"https:\/\/usvaspa.fi\/fi\/tutustu-palveluihin\/","title":{"rendered":"Tutustu palveluihin"},"content":{"rendered":"\n<p class=\"has-text-align-center is-style-lead\">Usvassa p\u00e4\u00e4set nauttimaan korkealaatuisista Day Spa -hoidoista, kuten kasvohoidoista, hieronnoista ja vartalohoidoista. Meilt\u00e4 l\u00f6ytyv\u00e4t my\u00f6s Duo-hoidot, joissa voit jakaa hemmotteluhetken l\u00e4heisesi kanssa. Tarjoamme my\u00f6s palveluita ryhmille, jotka luovat unohtumattomia el\u00e4myksi\u00e4 yhdess\u00e4. Lis\u00e4ksi voit huolehtia kokonaisvaltaisesta hyvinvoinnistasi kuntosalillamme. Tervetuloa rentoutumaan ja virkistym\u00e4\u00e4n Usvaan!<\/p>\n\n\n\n<div class=\"wp-block-buttons is-content-justification-center is-layout-flex wp-container-core-buttons-is-layout-16018d1d wp-block-buttons-is-layout-flex\">\n<div class=\"wp-block-button\"><a class=\"wp-block-button__link wp-element-button\" href=\"https:\/\/usvaspa.fi\/fi\/kampanjat\/\">Tutustu kampanjoihin<\/a><\/div>\n<\/div>\n\n\n\t<div class=\"block featured bg-white\">\n\t\t<div class=\"row img-right\">\n\t\t\t<div class=\"col-12 col-md-6 img-col offset-xl-1 order-md-2\">\n\t\t\t\t<div class=\"image-wrapper\">\n\t\t\t\t\t<img loading=\"lazy\" decoding=\"async\" width=\"1024\" height=\"698\" src=\"https:\/\/usvaspa.fi\/wp-content\/uploads\/2025\/02\/usva-rn-0038-1-1024x698.jpg\" class=\"attachment-large size-large\" alt=\"\" srcset=\"https:\/\/usvaspa.fi\/wp-content\/uploads\/2025\/02\/usva-rn-0038-1-1024x698.jpg 1024w, https:\/\/usvaspa.fi\/wp-content\/uploads\/2025\/02\/usva-rn-0038-1-300x204.jpg 300w, https:\/\/usvaspa.fi\/wp-content\/uploads\/2025\/02\/usva-rn-0038-1.jpg 1218w\" sizes=\"auto, (max-width: 1024px) 100vw, 1024px\" \/>\t\t\t\t<\/div>\n\t\t\t<\/div>\n\t\t\t<div class=\"col-12 col-md-6 col-xl-5 order-md-1 text-col\">\n\t\t\t\t<h2 class=\"h1 featured-title\">Hoidot ja hieronnat<\/h2><p>Usva Day Spa tarjoaa ainutlaatuisia kasvohoitoja, vartalohoitoja ja hierontoja, jotka tuovat syv\u00e4\u00e4 rentoutusta ja hyvinvointia. Signature-hoitomme alkavat saunasta, joka valmistelee kehon hoitoa varten. K\u00e4yt\u00e4mme luonnollisia raaka-aineita sek\u00e4 Unna Nordic -tuotteita, jotka hy\u00f6dynt\u00e4v\u00e4t pohjoisen luonnon rauhoittavia ja hoitavia vaikutuksia.<\/p>\n<p><a class=\"button\" href=\"https:\/\/usvaspa.fi\/fi\/tutustu-palveluihin\/hoidot-ja-hieronnat\/\">Lue lis\u00e4\u00e4 ja varaa<\/a><\/p>\n\t\t\t<\/div>\n\t\t<\/div>\n\t<\/div>\n\n\n\t<div class=\"block featured bg-gray\">\n\t\t<div class=\"row img-left\">\n\t\t\t<div class=\"col-12 col-md-6 img-col\">\n\t\t\t\t<div class=\"image-wrapper\">\n\t\t\t\t\t<img loading=\"lazy\" decoding=\"async\" width=\"1024\" height=\"757\" src=\"https:\/\/usvaspa.fi\/wp-content\/uploads\/2025\/02\/usva-rn-0017-1024x757.jpg\" class=\"attachment-large size-large\" alt=\"\" srcset=\"https:\/\/usvaspa.fi\/wp-content\/uploads\/2025\/02\/usva-rn-0017-1024x757.jpg 1024w, https:\/\/usvaspa.fi\/wp-content\/uploads\/2025\/02\/usva-rn-0017-300x222.jpg 300w, https:\/\/usvaspa.fi\/wp-content\/uploads\/2025\/02\/usva-rn-0017.jpg 1218w\" sizes=\"auto, (max-width: 1024px) 100vw, 1024px\" \/>\t\t\t\t<\/div>\n\t\t\t<\/div>\n\t\t\t<div class=\"col-12 col-md-6 col-xl-5 offset-xl-1 text-col\">\n\t\t\t\t<p class=\"preheader\">Miniretriitit ja hemmottelupaketit<\/p><h2 class=\"h1 featured-title\">Day Spa -paketit<\/h2><p>Pakene arjen kiireit\u00e4 ja nauti Usvan miniretriiteist\u00e4, jotka sopivat niin yksin kuin isommallekin ryhm\u00e4lle. Miniretriitit sis\u00e4lt\u00e4v\u00e4t DIY-hoitoja, tarjoilua, saunomista ja rentoutumista \u2013 t\u00e4ydellisen paon arjesta. Hemmottelupaketit taas koostuvat Day Spa -hoidoista, jotka tarjoavat syvemp\u00e4\u00e4 rentoutumista ja hemmottelua.<\/p>\n<p><a class=\"button\" href=\"https:\/\/usvaspa.fi\/fi\/tutustu-palveluihin\/day-spa-paketit\/\">Lue lis\u00e4\u00e4 ja varaa<\/a><\/p>\n\t\t\t<\/div>\n\t\t<\/div>\n\t<\/div>\n\n\n\t<div class=\"block featured bg-white\">\n\t\t<div class=\"row img-right\">\n\t\t\t<div class=\"col-12 col-md-6 img-col offset-xl-1 order-md-2\">\n\t\t\t\t<div class=\"image-wrapper\">\n\t\t\t\t\t<img loading=\"lazy\" decoding=\"async\" width=\"816\" height=\"605\" src=\"https:\/\/usvaspa.fi\/wp-content\/uploads\/2026\/03\/Usva-weekly-classes.png\" class=\"attachment-large size-large\" alt=\"\" srcset=\"https:\/\/usvaspa.fi\/wp-content\/uploads\/2026\/03\/Usva-weekly-classes.png 816w, https:\/\/usvaspa.fi\/wp-content\/uploads\/2026\/03\/Usva-weekly-classes-570x423.png 570w\" sizes=\"auto, (max-width: 816px) 100vw, 816px\" \/>\t\t\t\t<\/div>\n\t\t\t<\/div>\n\t\t\t<div class=\"col-12 col-md-6 col-xl-5 order-md-1 text-col\">\n\t\t\t\t<h2 class=\"h1 featured-title\">Viikkotunnit<\/h2><p>Lauantaisin hemmottelemme kehoa ja mielt\u00e4 Finnish Calm -joogassa tai Reset Session -pilateksessa \u2013 lempe\u00e4\u00e4 l\u00e4sn\u00e4oloa, vahvistavaa liikett\u00e4 ja rentoutumista.<\/p>\n<p><a class=\"button\" href=\"https:\/\/usvaspa.fi\/fi\/jooga-ja-pilates\/\">Lue lis\u00e4\u00e4 ja varaa<\/a><\/p>\n\t\t\t<\/div>\n\t\t<\/div>\n\t<\/div>\n\n\n\t<div class=\"block featured bg-white\">\n\t\t<div class=\"row img-right\">\n\t\t\t<div class=\"col-12 col-md-6 img-col offset-xl-1 order-md-2\">\n\t\t\t\t<div class=\"image-wrapper\">\n\t\t\t\t\t<img loading=\"lazy\" decoding=\"async\" width=\"1024\" height=\"757\" src=\"https:\/\/usvaspa.fi\/wp-content\/uploads\/2025\/02\/Usva_Gym_976-2-1024x757.jpg\" class=\"attachment-large size-large\" alt=\"\" srcset=\"https:\/\/usvaspa.fi\/wp-content\/uploads\/2025\/02\/Usva_Gym_976-2-1024x757.jpg 1024w, https:\/\/usvaspa.fi\/wp-content\/uploads\/2025\/02\/Usva_Gym_976-2-300x222.jpg 300w, https:\/\/usvaspa.fi\/wp-content\/uploads\/2025\/02\/Usva_Gym_976-2.jpg 1218w\" sizes=\"auto, (max-width: 1024px) 100vw, 1024px\" \/>\t\t\t\t<\/div>\n\t\t\t<\/div>\n\t\t\t<div class=\"col-12 col-md-6 col-xl-5 order-md-1 text-col\">\n\t\t\t\t<p class=\"preheader\">Liity USVA Wellness Clubiin<\/p><h2 class=\"h1 featured-title\">Kuntosalij\u00e4senyys<\/h2><p>J\u00e4senen\u00e4 p\u00e4\u00e4set nauttimaan moderneista kuntosalitiloista sek\u00e4 yksil\u00f6llisist\u00e4 hyvinvointipalveluista, jotka on suunniteltu huoltamaan kehoasi ja tuomaan uutta energiaa el\u00e4m\u00e4\u00e4si. <\/p>\n<p><a class=\"button white-btn\" href=\"https:\/\/usvaspa.fi\/fi\/tutustu-palveluihin\/kuntosalijasenyys\/\">Tutustu ja tule j\u00e4seneksi<\/a><\/p>\n\t\t\t<\/div>\n\t\t<\/div>\n\t<\/div>\n\n\n\t<div class=\"block featured bg-gray\">\n\t\t<div class=\"row img-left\">\n\t\t\t<div class=\"col-12 col-md-6 img-col\">\n\t\t\t\t<div class=\"image-wrapper\">\n\t\t\t\t\t<img loading=\"lazy\" decoding=\"async\" width=\"1024\" height=\"757\" src=\"https:\/\/usvaspa.fi\/wp-content\/uploads\/2025\/02\/usva-rn-0016-1024x757.jpg\" class=\"attachment-large size-large\" alt=\"\" srcset=\"https:\/\/usvaspa.fi\/wp-content\/uploads\/2025\/02\/usva-rn-0016-1024x757.jpg 1024w, https:\/\/usvaspa.fi\/wp-content\/uploads\/2025\/02\/usva-rn-0016-300x222.jpg 300w, https:\/\/usvaspa.fi\/wp-content\/uploads\/2025\/02\/usva-rn-0016.jpg 1218w\" sizes=\"auto, (max-width: 1024px) 100vw, 1024px\" \/>\t\t\t\t<\/div>\n\t\t\t<\/div>\n\t\t\t<div class=\"col-12 col-md-6 col-xl-5 offset-xl-1 text-col\">\n\t\t\t\t<p class=\"preheader\">Yrityksille ja ryhmille<\/p><h2 class=\"h1 featured-title\">R\u00e4\u00e4t\u00e4l\u00f6idyt el\u00e4mykset<\/h2><p>Usva tarjoaa unohtumattomia el\u00e4myksi\u00e4 ryhmille ja yrityksille. Valitse valmiista el\u00e4myspaketeistamme tai r\u00e4\u00e4t\u00e4l\u00f6imme juuri teille sopivan tapahtuman. Olipa kyseess\u00e4 tiimip\u00e4iv\u00e4, juhla tai muu erityistilaisuus, j\u00e4rjest\u00e4mme teille unohtumattoman kokemuksen.<\/p>\n<p><a class=\"button\" href=\"https:\/\/usvaspa.fi\/fi\/tutustu-palveluihin\/ryhmille\/\">Lue lis\u00e4\u00e4 ja varaa<\/a><\/p>\n\t\t\t<\/div>\n\t\t<\/div>\n\t<\/div>\n\n\n\t<div class=\"block featured bg-white\">\n\t\t<div class=\"row img-right\">\n\t\t\t<div class=\"col-12 col-md-6 img-col offset-xl-1 order-md-2\">\n\t\t\t\t<div class=\"image-wrapper\">\n\t\t\t\t\t<img loading=\"lazy\" decoding=\"async\" width=\"1024\" height=\"757\" src=\"https:\/\/usvaspa.fi\/wp-content\/uploads\/2025\/02\/Terhen_31_5_2024_0224-1024x757.jpg\" class=\"attachment-large size-large\" alt=\"\" srcset=\"https:\/\/usvaspa.fi\/wp-content\/uploads\/2025\/02\/Terhen_31_5_2024_0224-1024x757.jpg 1024w, https:\/\/usvaspa.fi\/wp-content\/uploads\/2025\/02\/Terhen_31_5_2024_0224-300x222.jpg 300w, https:\/\/usvaspa.fi\/wp-content\/uploads\/2025\/02\/Terhen_31_5_2024_0224.jpg 1218w\" sizes=\"auto, (max-width: 1024px) 100vw, 1024px\" \/>\t\t\t\t<\/div>\n\t\t\t<\/div>\n\t\t\t<div class=\"col-12 col-md-6 col-xl-5 order-md-1 text-col\">\n\t\t\t\t<h2 class=\"h1 featured-title\">Kampanjat<\/h2><p>Tutustu ajankohtaisiin kampanjoihimme ja hy\u00f6dynn\u00e4 erikoistarjouksemme! L\u00f6yd\u00e4t meilt\u00e4 aina jotain erityist\u00e4, joten pysy kuulolla ja varmista parhaat tarjoukset!<\/p>\n<p><a class=\"button\" href=\"https:\/\/usvaspa.fi\/fi\/kampanjat\/\">Lue lis\u00e4\u00e4 ja varaa<\/a><\/p>\n\t\t\t<\/div>\n\t\t<\/div>\n\t<\/div>\n\n\n\t<div class=\"block featured bg-white\">\n\t\t<div class=\"row img-left\">\n\t\t\t<div class=\"col-12 col-md-6 img-col\">\n\t\t\t\t<div class=\"image-wrapper\">\n\t\t\t\t\t<img loading=\"lazy\" decoding=\"async\" width=\"1024\" height=\"757\" src=\"https:\/\/usvaspa.fi\/wp-content\/uploads\/2025\/02\/usvaspa-diyhoidot-1024x757.jpg\" class=\"attachment-large size-large\" alt=\"\" srcset=\"https:\/\/usvaspa.fi\/wp-content\/uploads\/2025\/02\/usvaspa-diyhoidot-1024x757.jpg 1024w, https:\/\/usvaspa.fi\/wp-content\/uploads\/2025\/02\/usvaspa-diyhoidot-300x222.jpg 300w, https:\/\/usvaspa.fi\/wp-content\/uploads\/2025\/02\/usvaspa-diyhoidot.jpg 1218w\" sizes=\"auto, (max-width: 1024px) 100vw, 1024px\" \/>\t\t\t\t<\/div>\n\t\t\t<\/div>\n\t\t\t<div class=\"col-12 col-md-6 col-xl-5 offset-xl-1 text-col\">\n\t\t\t\t<h2 class=\"h1 featured-title\">DIY-hoidot<\/h2><p>Tee Spa-kokemuksestasi entist\u00e4 nautinnollisempi saunomisen yhteydess\u00e4 teht\u00e4vill\u00e4 DIY-hoidoillamme ja rituaaleilla, jotka hemmottelevat kehoasi p\u00e4\u00e4st\u00e4 varpaisiin. Itse teht\u00e4v\u00e4t DIY-saunaterapiahoidot tarjoavat rentouttavaa hemmottelua kaikille \u2013 olitpa sitten nauttimassa hetken yksin tai hakemassa hauskaa tekemist\u00e4 ryhm\u00e4lle.<\/p>\n<p><a class=\"button\" href=\"https:\/\/usvaspa.fi\/fi\/tutustu-palveluihin\/hoidot-ja-hieronnat\/#diy-hoidot\">Lue lis\u00e4\u00e4<\/a><\/p>\n\t\t\t<\/div>\n\t\t<\/div>\n\t<\/div>\n\n\n\t<div class=\"block featured bg-turquoise\">\n\t\t<div class=\"row img-left\">\n\t\t\t<div class=\"col-12 col-md-6 img-col\">\n\t\t\t\t<div class=\"image-wrapper\">\n\t\t\t\t\t<img loading=\"lazy\" decoding=\"async\" width=\"1024\" height=\"684\" src=\"https:\/\/usvaspa.fi\/wp-content\/uploads\/2025\/02\/usvaspa-lahjakortti-1024x684.jpg\" class=\"attachment-large size-large\" alt=\"\" srcset=\"https:\/\/usvaspa.fi\/wp-content\/uploads\/2025\/02\/usvaspa-lahjakortti-1024x684.jpg 1024w, https:\/\/usvaspa.fi\/wp-content\/uploads\/2025\/02\/usvaspa-lahjakortti-300x200.jpg 300w, https:\/\/usvaspa.fi\/wp-content\/uploads\/2025\/02\/usvaspa-lahjakortti.jpg 1242w\" sizes=\"auto, (max-width: 1024px) 100vw, 1024px\" \/>\t\t\t\t<\/div>\n\t\t\t<\/div>\n\t\t\t<div class=\"col-12 col-md-6 text-col\">\n\t\t\t\t<h2 class=\"h1 featured-title\">Lahjakortti<\/h2><p>T\u00e4ydellinen lahja suomalaisen saunan ja hyvinvoinnin yst\u00e4v\u00e4lle. Lahjakortilla voi nauttia kaikista Usvan palveluista, kuten rentouttavista hoidoista, ostaa tuotteita Usva Shopistamme tai hankkia kuntosalij\u00e4senyyden. Anna lahjaksi hetki rauhaa ja palautumista Usvassa.<\/p>\n<p><a class=\"button white-btn\" href=\"https:\/\/usvaspa.fi\/fi\/lahjakortti\/\" target=\"_blank\" rel=\"noopener\">Osta<\/a><\/p>\n\t\t\t<\/div>\n\t\t<\/div>\n\t<\/div>\n","protected":false},"excerpt":{"rendered":"<p>Usvassa p\u00e4\u00e4set nauttimaan korkealaatuisista Day Spa -hoidoista, kuten kasvohoidoista, hieronnoista ja vartalohoidoista. Meilt\u00e4 l\u00f6ytyv\u00e4t my\u00f6s Duo-hoidot, joissa voit jakaa hemmotteluhetken&hellip;<\/p>\n","protected":false},"author":1,"featured_media":748,"parent":0,"menu_order":8,"comment_status":"closed","ping_status":"closed","template":"","meta":{"_acf_changed":false,"footnotes":""},"class_list":["post-28","page","type-page","status-publish","has-post-thumbnail","hentry"],"acf":[],"yoast_head":"<!-- This site is optimized with the Yoast SEO plugin v24.7 - https:\/\/yoast.com\/wordpress\/plugins\/seo\/ -->\n<title>Tutustu palveluihin - USVA Spa<\/title>\n<meta name=\"robots\" content=\"index, follow, max-snippet:-1, max-image-preview:large, max-video-preview:-1\" \/>\n<link rel=\"canonical\" href=\"https:\/\/usvaspa.fi\/fi\/tutustu-palveluihin\/\" \/>\n<meta property=\"og:locale\" content=\"fi_FI\" \/>\n<meta property=\"og:type\" content=\"article\" \/>\n<meta property=\"og:title\" content=\"Tutustu palveluihin - USVA Spa\" \/>\n<meta property=\"og:description\" content=\"Usvassa p\u00e4\u00e4set nauttimaan korkealaatuisista Day Spa -hoidoista, kuten kasvohoidoista, hieronnoista ja vartalohoidoista. Meilt\u00e4 l\u00f6ytyv\u00e4t my\u00f6s Duo-hoidot, joissa voit jakaa hemmotteluhetken&hellip;\" \/>\n<meta property=\"og:url\" content=\"https:\/\/usvaspa.fi\/fi\/tutustu-palveluihin\/\" \/>\n<meta property=\"og:site_name\" content=\"USVA Spa\" \/>\n<meta property=\"article:modified_time\" content=\"2026-03-05T07:15:39+00:00\" \/>\n<meta property=\"og:image\" content=\"https:\/\/usvaspa.fi\/wp-content\/uploads\/2025\/03\/usva-spa-hero-tutustu-palveluihin-1-scaled.jpg\" \/>\n\t<meta property=\"og:image:width\" content=\"2560\" \/>\n\t<meta property=\"og:image:height\" content=\"624\" \/>\n\t<meta property=\"og:image:type\" content=\"image\/jpeg\" \/>\n<meta name=\"twitter:card\" content=\"summary_large_image\" \/>\n<meta name=\"twitter:label1\" content=\"Arvioitu lukuaika\" \/>\n\t<meta name=\"twitter:data1\" content=\"1 minuutti\" \/>\n<script type=\"application\/ld+json\" class=\"yoast-schema-graph\">{\"@context\":\"https:\/\/schema.org\",\"@graph\":[{\"@type\":\"WebPage\",\"@id\":\"https:\/\/usvaspa.fi\/fi\/tutustu-palveluihin\/\",\"url\":\"https:\/\/usvaspa.fi\/fi\/tutustu-palveluihin\/\",\"name\":\"Tutustu palveluihin - USVA Spa\",\"isPartOf\":{\"@id\":\"https:\/\/usvaspa.fi\/fi\/#website\"},\"primaryImageOfPage\":{\"@id\":\"https:\/\/usvaspa.fi\/fi\/tutustu-palveluihin\/#primaryimage\"},\"image\":{\"@id\":\"https:\/\/usvaspa.fi\/fi\/tutustu-palveluihin\/#primaryimage\"},\"thumbnailUrl\":\"https:\/\/usvaspa.fi\/wp-content\/uploads\/2025\/03\/usva-spa-hero-tutustu-palveluihin-1-scaled.jpg\",\"datePublished\":\"2025-02-21T08:56:43+00:00\",\"dateModified\":\"2026-03-05T07:15:39+00:00\",\"breadcrumb\":{\"@id\":\"https:\/\/usvaspa.fi\/fi\/tutustu-palveluihin\/#breadcrumb\"},\"inLanguage\":\"fi\",\"potentialAction\":[{\"@type\":\"ReadAction\",\"target\":[\"https:\/\/usvaspa.fi\/fi\/tutustu-palveluihin\/\"]}]},{\"@type\":\"ImageObject\",\"inLanguage\":\"fi\",\"@id\":\"https:\/\/usvaspa.fi\/fi\/tutustu-palveluihin\/#primaryimage\",\"url\":\"https:\/\/usvaspa.fi\/wp-content\/uploads\/2025\/03\/usva-spa-hero-tutustu-palveluihin-1-scaled.jpg\",\"contentUrl\":\"https:\/\/usvaspa.fi\/wp-content\/uploads\/2025\/03\/usva-spa-hero-tutustu-palveluihin-1-scaled.jpg\",\"width\":2560,\"height\":624},{\"@type\":\"BreadcrumbList\",\"@id\":\"https:\/\/usvaspa.fi\/fi\/tutustu-palveluihin\/#breadcrumb\",\"itemListElement\":[{\"@type\":\"ListItem\",\"position\":1,\"name\":\"Etusivu\",\"item\":\"https:\/\/usvaspa.fi\/fi\/\"},{\"@type\":\"ListItem\",\"position\":2,\"name\":\"Tutustu palveluihin\"}]},{\"@type\":\"WebSite\",\"@id\":\"https:\/\/usvaspa.fi\/fi\/#website\",\"url\":\"https:\/\/usvaspa.fi\/fi\/\",\"name\":\"USVA Spa\",\"description\":\"\",\"potentialAction\":[{\"@type\":\"SearchAction\",\"target\":{\"@type\":\"EntryPoint\",\"urlTemplate\":\"https:\/\/usvaspa.fi\/fi\/?s={search_term_string}\"},\"query-input\":{\"@type\":\"PropertyValueSpecification\",\"valueRequired\":true,\"valueName\":\"search_term_string\"}}],\"inLanguage\":\"fi\"}]}<\/script>\n<!-- \/ Yoast SEO plugin. -->","yoast_head_json":{"title":"Tutustu palveluihin - USVA Spa","robots":{"index":"index","follow":"follow","max-snippet":"max-snippet:-1","max-image-preview":"max-image-preview:large","max-video-preview":"max-video-preview:-1"},"canonical":"https:\/\/usvaspa.fi\/fi\/tutustu-palveluihin\/","og_locale":"fi_FI","og_type":"article","og_title":"Tutustu palveluihin - USVA Spa","og_description":"Usvassa p\u00e4\u00e4set nauttimaan korkealaatuisista Day Spa -hoidoista, kuten kasvohoidoista, hieronnoista ja vartalohoidoista. Meilt\u00e4 l\u00f6ytyv\u00e4t my\u00f6s Duo-hoidot, joissa voit jakaa hemmotteluhetken&hellip;","og_url":"https:\/\/usvaspa.fi\/fi\/tutustu-palveluihin\/","og_site_name":"USVA Spa","article_modified_time":"2026-03-05T07:15:39+00:00","og_image":[{"width":2560,"height":624,"url":"https:\/\/usvaspa.fi\/wp-content\/uploads\/2025\/03\/usva-spa-hero-tutustu-palveluihin-1-scaled.jpg","type":"image\/jpeg"}],"twitter_card":"summary_large_image","twitter_misc":{"Arvioitu lukuaika":"1 minuutti"},"schema":{"@context":"https:\/\/schema.org","@graph":[{"@type":"WebPage","@id":"https:\/\/usvaspa.fi\/fi\/tutustu-palveluihin\/","url":"https:\/\/usvaspa.fi\/fi\/tutustu-palveluihin\/","name":"Tutustu palveluihin - USVA Spa","isPartOf":{"@id":"https:\/\/usvaspa.fi\/fi\/#website"},"primaryImageOfPage":{"@id":"https:\/\/usvaspa.fi\/fi\/tutustu-palveluihin\/#primaryimage"},"image":{"@id":"https:\/\/usvaspa.fi\/fi\/tutustu-palveluihin\/#primaryimage"},"thumbnailUrl":"https:\/\/usvaspa.fi\/wp-content\/uploads\/2025\/03\/usva-spa-hero-tutustu-palveluihin-1-scaled.jpg","datePublished":"2025-02-21T08:56:43+00:00","dateModified":"2026-03-05T07:15:39+00:00","breadcrumb":{"@id":"https:\/\/usvaspa.fi\/fi\/tutustu-palveluihin\/#breadcrumb"},"inLanguage":"fi","potentialAction":[{"@type":"ReadAction","target":["https:\/\/usvaspa.fi\/fi\/tutustu-palveluihin\/"]}]},{"@type":"ImageObject","inLanguage":"fi","@id":"https:\/\/usvaspa.fi\/fi\/tutustu-palveluihin\/#primaryimage","url":"https:\/\/usvaspa.fi\/wp-content\/uploads\/2025\/03\/usva-spa-hero-tutustu-palveluihin-1-scaled.jpg","contentUrl":"https:\/\/usvaspa.fi\/wp-content\/uploads\/2025\/03\/usva-spa-hero-tutustu-palveluihin-1-scaled.jpg","width":2560,"height":624},{"@type":"BreadcrumbList","@id":"https:\/\/usvaspa.fi\/fi\/tutustu-palveluihin\/#breadcrumb","itemListElement":[{"@type":"ListItem","position":1,"name":"Etusivu","item":"https:\/\/usvaspa.fi\/fi\/"},{"@type":"ListItem","position":2,"name":"Tutustu palveluihin"}]},{"@type":"WebSite","@id":"https:\/\/usvaspa.fi\/fi\/#website","url":"https:\/\/usvaspa.fi\/fi\/","name":"USVA Spa","description":"","potentialAction":[{"@type":"SearchAction","target":{"@type":"EntryPoint","urlTemplate":"https:\/\/usvaspa.fi\/fi\/?s={search_term_string}"},"query-input":{"@type":"PropertyValueSpecification","valueRequired":true,"valueName":"search_term_string"}}],"inLanguage":"fi"}]}},"_links":{"self":[{"href":"https:\/\/usvaspa.fi\/fi\/wp-json\/wp\/v2\/pages\/28","targetHints":{"allow":["GET"]}}],"collection":[{"href":"https:\/\/usvaspa.fi\/fi\/wp-json\/wp\/v2\/pages"}],"about":[{"href":"https:\/\/usvaspa.fi\/fi\/wp-json\/wp\/v2\/types\/page"}],"author":[{"embeddable":true,"href":"https:\/\/usvaspa.fi\/fi\/wp-json\/wp\/v2\/users\/1"}],"replies":[{"embeddable":true,"href":"https:\/\/usvaspa.fi\/fi\/wp-json\/wp\/v2\/comments?post=28"}],"version-history":[{"count":42,"href":"https:\/\/usvaspa.fi\/fi\/wp-json\/wp\/v2\/pages\/28\/revisions"}],"predecessor-version":[{"id":1282,"href":"https:\/\/usvaspa.fi\/fi\/wp-json\/wp\/v2\/pages\/28\/revisions\/1282"}],"wp:featuredmedia":[{"embeddable":true,"href":"https:\/\/usvaspa.fi\/fi\/wp-json\/wp\/v2\/media\/748"}],"wp:attachment":[{"href":"https:\/\/usvaspa.fi\/fi\/wp-json\/wp\/v2\/media?parent=28"}],"curies":[{"name":"wp","href":"https:\/\/api.w.org\/{rel}","templated":true}]}}