{"id":284,"date":"2025-02-28T07:52:39","date_gmt":"2025-02-28T05:52:39","guid":{"rendered":"https:\/\/usvaspa.fi\/?page_id=284"},"modified":"2025-11-12T17:40:09","modified_gmt":"2025-11-12T15:40:09","slug":"kuntosalijasenyys","status":"publish","type":"page","link":"https:\/\/usvaspa.fi\/fi\/tutustu-palveluihin\/kuntosalijasenyys\/","title":{"rendered":"Kuntosalij\u00e4senyys"},"content":{"rendered":"\t<div class=\"block featured bg-gray\">\n\t\t<div class=\"row img-right\">\n\t\t\t<div class=\"col-12 col-md-6 img-col offset-xl-1 order-md-2\">\n\t\t\t\t<div class=\"image-wrapper\">\n\t\t\t\t\t<img loading=\"lazy\" decoding=\"async\" width=\"1024\" height=\"757\" src=\"https:\/\/usvaspa.fi\/wp-content\/uploads\/2025\/02\/Usva_Gym_976-2-1024x757.jpg\" class=\"attachment-large size-large\" alt=\"\" srcset=\"https:\/\/usvaspa.fi\/wp-content\/uploads\/2025\/02\/Usva_Gym_976-2-1024x757.jpg 1024w, https:\/\/usvaspa.fi\/wp-content\/uploads\/2025\/02\/Usva_Gym_976-2-300x222.jpg 300w, https:\/\/usvaspa.fi\/wp-content\/uploads\/2025\/02\/Usva_Gym_976-2.jpg 1218w\" sizes=\"auto, (max-width: 1024px) 100vw, 1024px\" \/>\t\t\t\t<\/div>\n\t\t\t<\/div>\n\t\t\t<div class=\"col-12 col-md-6 col-xl-5 order-md-1 text-col\">\n\t\t\t\t<p class=\"preheader\">Liity USVA Wellness Clubiin<\/p><h1 class=\"featured-title\">Kuntosalij\u00e4senyys<\/h1><p>Energisoi kehoasi ja mielt\u00e4si huippuluokan kuntosalilla, palauttavilla sauna- ja kylm\u00e4hoidoilla, DIY- ja Day Spa -hoidoilla sek\u00e4 hieronnoilla. Usva Wellness on muutakin kuin liikuntaa \u2013 se on l\u00e4mminhenkinen yhteis\u00f6, jossa saat tukea kasvuusi. J\u00e4senen\u00e4 saat k\u00e4ytt\u00f6\u00f6si modernit kuntosalitilat sek\u00e4 yksil\u00f6lliset hyvinvointipalvelut, jotka on suunniteltu huoltamaan kehoasi ja tuomaan uutta energiaa. Tervetuloa rentoutumaan ja nauttimaan syv\u00e4llisest\u00e4 hyvinvointikokemuksesta.<\/p>\n\t\t\t<\/div>\n\t\t<\/div>\n\t<\/div>\n\n\n\n<h2 class=\"wp-block-heading is-style-lead\">L\u00f6yd\u00e4 t\u00e4ydellinen yhdistelm\u00e4 liikuntaa, hyvinvointia ja yhteis\u00f6llisyytt\u00e4 USVA Club -j\u00e4senyydell\u00e4.<\/h2>\n\n\n\n<div class=\"wp-block-columns is-layout-flex wp-container-core-columns-is-layout-9d6595d7 wp-block-columns-is-layout-flex\">\n<div class=\"wp-block-column is-layout-flow wp-block-column-is-layout-flow\">\n<h3 class=\"wp-block-heading\">Premium-kuntosali<\/h3>\n\n\n\n<p>24\/7 p\u00e4\u00e4sy huippuluokan kuntosalille, jossa korkealaatuiset v\u00e4lineet hyvinvointisi tueksi.<\/p>\n\n\n\n<h3 class=\"wp-block-heading\">Palvelut<\/h3>\n\n\n\n<p>Nauti monipuolisista hyvinvointipalveluistamme; tarjoamme kattavan valikoiman ilmaisia palveluita, hyvinvointimentorin tukea sek\u00e4 korkealaatuisia hierontoja ja rentouttavia hoitoja, jotka tukevat kokonaisvaltaista hyvinvointimatkaasi.<\/p>\n\n\n\n<h3 class=\"wp-block-heading\">Saunat<\/h3>\n\n\n\n<p>Rentoudu ja virkisty treenin j\u00e4lkeen saunoissamme. Ne tarjoavat t\u00e4ydellisen yhdistelm\u00e4n l\u00e4mp\u00f6hoitoa palautumiseen ja puhdistautumiseen.<\/p>\n<\/div>\n\n\n\n<div class=\"wp-block-column is-layout-flow wp-block-column-is-layout-flow\">\n<h3 class=\"wp-block-heading\">Kylm\u00e4hoidot<\/h3>\n\n\n\n<p>Ota kylm\u00e4hoidot osaksi hyvinvointirituaalejasi ja koe niiden virkist\u00e4v\u00e4t vaikutukset. Kylm\u00e4hoitomme on suunniteltu tukemaan palautumista ja kokonaisvaltaista hyvinvointia.<\/p>\n\n\n\n<h3 class=\"wp-block-heading\">Yhteis\u00f6<\/h3>\n\n\n\n<p>Liity Grand Hansa Helsinki -yhteis\u00f6\u00f6n, jossa voit verkostoitua samanhenkisten ihmisten kanssa ja osallistua eksklusiivisiin tapahtumiin, juhliin ja aktiviteetteihin.<\/p>\n\n\n\n<h3 class=\"wp-block-heading\">J\u00e4senalennukset<\/h3>\n\n\n\n<p>Nauti erikoistarjouksista NH Collection Helsinki Grand Hansan palveluissa.<\/p>\n<\/div>\n<\/div>\n\n\n\t<div class=\"block gray-columns\">\n\t\t<div class=\"row row-cols-1 row-cols-md-2 row-cols-xl-4\">\n\t\t\t\t\t\t<div class=\"col\">\n\t\t\t\t<div class=\"gray-text\">\n\t\t\t\t\t<h2>Core<\/h2>\n<p>P\u00e4\u00e4sy kuntosalille ja Gymlounge-palveluihin ma\u2013su klo 06.00\u201322.00<\/p>\n<h3>Muut edut<\/h3>\n<p>Usva Spa -sis\u00e4\u00e4np\u00e4\u00e4sy: 25 \u20ac (norm. 39 \u20ac)<\/p>\n<p>Friends &amp; Family -alennus 20 % Usva Wellness -sis\u00e4\u00e4np\u00e4\u00e4symaksusta maanantaista torstaihin<\/p>\n<p>Day spa hoidot 20 % alennus maanantaista torstaihin<\/p>\n<p>Hotelliaamiainen 22 \u20ac (norm. 36 \u20ac) maanantaista torstaihin<\/p>\n<p>After-work erikoistarjous Hansa Caf\u00e9: Lasillinen talon samppanjaa 10 \u20ac (ma-pe klo 15-19)<\/p>\n<p>Eksklusiiviset kutsut hotellin aktiviteetteihin, tapahtumiin ja juhliin<\/p>\n<p>Vain j\u00e4senille suunnatut kausittaiset tarjoukset<\/p>\n<p>20 % alennus p\u00e4ivitt\u00e4isist\u00e4 hotellin huonehinnoista (saatavuuden mukaan)<\/p>\n<p>20 % alennus ruoasta ja virvoitusjuomista Hansa Caf\u00e9 &amp; Brasserie<\/p>\n<p class=\"ingress\"><strong>1 kuukauden j\u00e4senyys<\/strong><br \/>\n<strong>100 \u20ac<\/strong><\/p>\n<p class=\"ingress\"><strong>3 kuukauden j\u00e4senyys<\/strong><br \/>\n<strong>300 \u20ac<\/strong><\/p>\n<p>Pys\u00e4k\u00f6inti: 20 % alennus Stockmannilta, kuponkietuus<\/p>\n<p class=\"ingress\"><strong>12 kuukauden j\u00e4senyys<\/strong><br \/>\n<strong>1104 \u20ac<\/strong><\/p>\n<p>Pys\u00e4k\u00f6inti: 20 % alennus Stockmannilta, kuponkietuus<\/p>\n\t\t\t\t<\/div>\n\t\t\t<\/div>\n\t\t\t\t\t\t<div class=\"col\">\n\t\t\t\t<div class=\"gray-text\">\n\t\t\t\t\t<h2>Pro<\/h2>\n<p>24\/7 kuntosali ja p\u00e4\u00e4sy Gym loungeen<br \/>\nMa-to vapaa p\u00e4\u00e4sy saunaan, pe-su aamu ja iltasaunat<\/p>\n<h3>Muut edut<\/h3>\n<p>Usva Spa -sis\u00e4\u00e4np\u00e4\u00e4sy: 25 \u20ac (norm. 39 \u20ac)<\/p>\n<p>Friends &amp; Family -alennus 20 % Usva Wellness -sis\u00e4\u00e4np\u00e4\u00e4symaksusta maanantaista torstaihin<\/p>\n<p>Day spa hoidot 20 % alennus maanantaista torstaihin<\/p>\n<p>Hotelliaamiainen 22 \u20ac (norm. 36 \u20ac) maanantaista torstaihin<\/p>\n<p>After-work erikoistarjous Hansa Caf\u00e9: Lasillinen talon samppanjaa 10 \u20ac (ma-pe klo 15-19)<\/p>\n<p>Eksklusiiviset kutsut hotellin aktiviteetteihin, tapahtumiin ja juhliin<\/p>\n<p>Vain j\u00e4senille suunnatut kausittaiset tarjoukset<\/p>\n<p>20 % alennus p\u00e4ivitt\u00e4isist\u00e4 hotellin huonehinnoista (saatavuuden mukaan)<\/p>\n<p>20 % alennus ruoasta ja virvoitusjuomista Hansa Caf\u00e9 &amp; Brasserie<\/p>\n<p class=\"ingress\"><strong>1 kuukauden j\u00e4senyys<\/strong><br \/>\n<strong>150 \u20ac<\/strong><\/p>\n<p class=\"ingress\"><strong>3 kuukauden j\u00e4enyys<\/strong><br \/>\n<strong>450 \u20ac<\/strong><\/p>\n<p>Pys\u00e4k\u00f6inti: 20 % alennus Stockmannilta, kuponkietuus<br \/>\nYksi ilmainen wellness-mentorointikerta<\/p>\n<p class=\"ingress\"><strong>12 kuukauden j\u00e4senyys<\/strong><br \/>\n<strong>1500 \u20ac<\/strong><\/p>\n<p>Pys\u00e4k\u00f6inti: 20 % alennus Stockmannilta, kuponkietuus<\/p>\n\t\t\t\t<\/div>\n\t\t\t<\/div>\n\t\t\t\t\t\t<div class=\"col\">\n\t\t\t\t<div class=\"gray-text\">\n\t\t\t\t\t<h2>Elite<\/h2>\n<p>24\/7 kuntosali ja p\u00e4\u00e4sy Gym loungeen<br \/>\nMaksuton span k\u00e4ytt\u00f6 aukioloaikojen puitteissa. Varaa paikka ennakkoon.<\/p>\n<h3>Muut edut<\/h3>\n<p>Friends &amp; Family -alennus 20 % Usva Wellness -sis\u00e4\u00e4np\u00e4\u00e4symaksusta maanantaista torstaihin<\/p>\n<p>Day spa hoidot 20 % alennus maanantaista torstaihin<\/p>\n<p>Ilmainen hotelliaamiainen kerran viikossa ma-to v\u00e4lill\u00e4. Ei saatavilla pyh\u00e4p\u00e4ivin\u00e4<\/p>\n<p>Hotelliaamiainen 22 \u20ac (norm. 36 \u20ac) maanantaista torstaihin<\/p>\n<p>After-work erikoistarjous Hansa Caf\u00e9: Lasillinen talon samppanjaa 10 \u20ac (ma-pe klo 15-19)<\/p>\n<p>Eksklusiiviset kutsut hotellin aktiviteetteihin, tapahtumiin ja juhliin<\/p>\n<p>Vain j\u00e4senille suunnatut kausittaiset tarjoukset<\/p>\n<p>20 % alennus p\u00e4ivitt\u00e4isist\u00e4 hotellin huonehinnoista (saatavuuden mukaan)<\/p>\n<p>20 % alennus ruoasta ja virvoitusjuomista Hansa Caf\u00e9 &amp; Brasserie<\/p>\n<p class=\"ingress\"><strong>1 kuukauden j\u00e4senyys<\/strong><br \/>\n<strong>250 \u20ac<\/strong><\/p>\n<p class=\"ingress\"><strong>3 kuukauden j\u00e4senyys<\/strong><br \/>\n<strong>750 \u20ac<\/strong><\/p>\n<p>Yksi ilmainen wellness-mentorointikerta<br \/>\nPys\u00e4k\u00f6inti: 20 % alennus Stockmannilta, kuponkietuus<\/p>\n<p class=\"ingress\"><strong>12 kuukauden j\u00e4senyys<\/strong><br \/>\n<strong>2500 \u20ac<\/strong><\/p>\n<p>Yksi ilmainen wellness-mentorointikerta<br \/>\nPys\u00e4k\u00f6inti: 20 % alennus Stockmannilta, kuponkietuus<\/p>\n\t\t\t\t<\/div>\n\t\t\t<\/div>\n\t\t\t\t\t\t<div class=\"col\">\n\t\t\t\t<div class=\"gray-text\">\n\t\t\t\t\t<h2>Elite+<\/h2>\n<p>24\/7 kuntosali ja p\u00e4\u00e4sy Gym loungeen<br \/>\nMaksuton span k\u00e4ytt\u00f6 aukioloaikojen puitteissa. Varaa paikka ennakkoon.<\/p>\n<h3>Muut edut<\/h3>\n<p>Yksi ilmainen hieronta- tai kasvohoito (50 min) per kuukausi ma-su<\/p>\n<p>Ilmainen hotelliaamiainen kerran viikossa ma-su v\u00e4lill\u00e4 (viikonloppuisin p\u00f6yt\u00e4varauksella)<\/p>\n<p>Friends &amp; Family -alennus 20 % Usva Wellness -sis\u00e4\u00e4np\u00e4\u00e4symaksusta maanantaista torstaihin<\/p>\n<p>Day spa hoidot 20 % alennus maanantaista torstaihin<\/p>\n<p>Hotelliaamiainen 22 \u20ac (norm. 36 \u20ac) maanantaista torstaihin<\/p>\n<p>After-work erikoistarjous Hansa Caf\u00e9: Lasillinen talon samppanjaa 10 \u20ac (ma-pe klo 15-19)<\/p>\n<p>Eksklusiiviset kutsut hotellin aktiviteetteihin, tapahtumiin ja juhliin<\/p>\n<p>Vain j\u00e4senille suunnatut kausittaiset tarjoukset<\/p>\n<p>20 % alennus p\u00e4ivitt\u00e4isist\u00e4 hotellin huonehinnoista (saatavuuden mukaan)<\/p>\n<p>20 % alennus ruoasta ja virvoitusjuomista Hansa Caf\u00e9 &amp; Brasserie<\/p>\n<p class=\"ingress\"><strong>1 kuukauden j\u00e4senyys<\/strong><br \/>\n<strong>350 \u20ac<\/strong><\/p>\n<p class=\"ingress\"><strong>3 kuukauden j\u00e4senyys<\/strong><br \/>\n<strong>1050 \u20ac<\/strong><\/p>\n<p>Yksi ilmainen wellness-mentorointikerta<br \/>\nPys\u00e4k\u00f6inti: 20 % alennus Stockmannilta, kuponkietuus<\/p>\n<p class=\"ingress\"><strong>12 kuukauden j\u00e4senyys<\/strong><br \/>\n<strong>3500 \u20ac<\/strong><\/p>\n<p>Nelj\u00e4 ilmaista wellness-mentorointikertaa<br \/>\nPys\u00e4k\u00f6inti: 20 % alennus Stockmannilta, kuponkietuus<\/p>\n\t\t\t\t<\/div>\n\t\t\t<\/div>\n\t\t\t\t\t<\/div>\n\t<\/div>\n\n\n\t<div class=\"block featured bg-gray\">\n\t\t<div class=\"row img-left\">\n\t\t\t<div class=\"col-12 col-md-6 img-col\">\n\t\t\t\t<div class=\"image-wrapper\">\n\t\t\t\t\t<img loading=\"lazy\" decoding=\"async\" width=\"812\" height=\"600\" src=\"https:\/\/usvaspa.fi\/wp-content\/uploads\/2025\/03\/usvaspa-jalkakylvyt.jpg\" class=\"attachment-large size-large\" alt=\"\" srcset=\"https:\/\/usvaspa.fi\/wp-content\/uploads\/2025\/03\/usvaspa-jalkakylvyt.jpg 812w, https:\/\/usvaspa.fi\/wp-content\/uploads\/2025\/03\/usvaspa-jalkakylvyt-300x222.jpg 300w\" sizes=\"auto, (max-width: 812px) 100vw, 812px\" \/>\t\t\t\t<\/div>\n\t\t\t<\/div>\n\t\t\t<div class=\"col-12 col-md-6 col-xl-5 offset-xl-1 text-col\">\n\t\t\t\t<h2 class=\"h1 featured-title\">Hyvinvointi&shy;valmennus<\/h2><p>Hyvinvointimentorin palvelumme tarjoavat henkil\u00f6kohtaista ohjausta ja tukea matkallasi kohti kokonaisvaltaista hyvinvointia, parempaa fyysist\u00e4 kuntoa ja tasapainoisempaa el\u00e4m\u00e4\u00e4. Kokeneet mentorimme laativat r\u00e4\u00e4t\u00e4l\u00f6ityj\u00e4 hyvinvointiohjelmia, jotka huomioivat asiakkaan yksil\u00f6n\u00e4 ja kokonaisuutena. Tarvitsetpa sitten lyhytt\u00e4 konsultaatiota, kehonkoostumusmittausta, treenimotivaation kohottamista tai pitk\u00e4aikaisia el\u00e4m\u00e4ntapamuutoksia, meilt\u00e4 l\u00f6yd\u00e4t ratkaisut.<\/p>\n\t\t\t<\/div>\n\t\t<\/div>\n\t<\/div>\n\n\n\n<h2 class=\"wp-block-heading\">Yksil\u00f6llist\u00e4 tukea, tasapainoa ja elinvoimaa kasvusi tueksi!<\/h2>\n\n\n\n<div class=\"wp-block-columns is-layout-flex wp-container-core-columns-is-layout-9d6595d7 wp-block-columns-is-layout-flex\">\n<div class=\"wp-block-column is-layout-flow wp-block-column-is-layout-flow\">\n<h3 class=\"wp-block-heading\">Henkil\u00f6kohtainen hyvinvointikartoitus<\/h3>\n\n\n\n<p>Ensimm\u00e4isess\u00e4 tapaamisessa tutustumme asiakkaan el\u00e4m\u00e4ntilanteeseen, stressitekij\u00f6ihin sek\u00e4 liikunnan ja palautumisen tarpeisiin. N\u00e4iden pohjalta luomme yksil\u00f6llisen hyvinvointisuunnitelman, joka tukee kokonaisvaltaista hyvinvointia.<\/p>\n\n\n\n<h3 class=\"wp-block-heading\">R\u00e4\u00e4t\u00e4l\u00f6idyt liikunta- ja palautumisohjelmat<\/h3>\n\n\n\n<p>Suunnittelemme juuri sinun tarpeisiisi sopivan harjoitusohjelman, joka voi sis\u00e4lt\u00e4\u00e4 liikuntaa, kehonhuoltoa ja rentoutumistekniikoita. Tavoitteena on l\u00f6yt\u00e4\u00e4 tasapaino kuormituksen ja palautumisen v\u00e4lill\u00e4<strong>.<\/strong><\/p>\n\n\n\n<h3 class=\"wp-block-heading\">Mindfulness ja stressinhallintaharjoitukset<\/h3>\n\n\n\n<p>Tarjoamme \u00e4\u00e4ni-, meditaatio- ja hengitysharjoituksia, joiden avulla opit hallitsemaan stressi\u00e4 ja parantamaan mielen hyvinvointia. N\u00e4ihin voidaan yhdist\u00e4\u00e4 my\u00f6s saunan ja kylm\u00e4hoitojen virkist\u00e4v\u00e4 vaikutus.<\/p>\n<\/div>\n\n\n\n<div class=\"wp-block-column is-layout-flow wp-block-column-is-layout-flow\">\n<h3 class=\"wp-block-heading\">Ravitsemusneuvonta<\/h3>\n\n\n\n<p>Opastamme tasapainoisen ja terveellisen ruokavalion koostamisessa, joka tukee kehon palautumista ja edist\u00e4\u00e4 kokonaisvaltaista hyvinvointia.<\/p>\n\n\n\n<h3 class=\"wp-block-heading\">S\u00e4\u00e4nn\u00f6lliset seurantatapaamiset<\/h3>\n\n\n\n<p>Wellness-mentori tukee ja seuraa edistymist\u00e4si, muokaten ohjelmaasi tarvittaessa, jotta se vastaa parhaalla mahdollisella tavalla tavoitteitasi.<\/p>\n\n\n\n<h3 class=\"wp-block-heading\">Inspiroivat keskustelut ja henkil\u00f6kohtainen tuki<\/h3>\n\n\n\n<p>Saat tukea itsesi kehitt\u00e4misess\u00e4, stressinhallinnassa ja hyvinvointisi parantamisessa. Mahdollisuus jakaa ajatuksia ja keskustella omista tavoitteista tarjoaa jatkuvaa motivaatiota matkallasi kohti parempaa hyvinvointia.<\/p>\n<\/div>\n<\/div>\n\n\n\n<h2 class=\"wp-block-heading\">Hyvinvointivalmennuksen hinnat<\/h2>\n\n\n\t<div class=\"block gray-columns\">\n\t\t<div class=\"row row-cols-1 row-cols-md-2 row-cols-xl-2\">\n\t\t\t\t\t\t<div class=\"col\">\n\t\t\t\t<div class=\"gray-text\">\n\t\t\t\t\t<p>60 min 135 \u20ac<\/p>\n<p>5 x 60 min 625 \u20ac<\/p>\n<p>10 x 60 min 1150 \u20ac<\/p>\n<p>20 x 60 min 2000 \u20ac<\/p>\n<p>60 min + saliohjelman p\u00e4ivitys (yht. 120 min) 160 \u20ac<\/p>\n\t\t\t\t<\/div>\n\t\t\t<\/div>\n\t\t\t\t\t\t<div class=\"col\">\n\t\t\t\t<div class=\"gray-text\">\n\t\t\t\t\t<p>60 min, kahdelle henkil\u00f6lle 200 \u20ac<\/p>\n<p>5 x 60 min, kahdelle henkil\u00f6lle 900 \u20ac<\/p>\n<p>10 x 60 min, kahdelle henkil\u00f6lle 1600 \u20ac<\/p>\n<p>20 x 60 min, kahdelle henkil\u00f6lle 3000 \u20ac<\/p>\n<p>Pienryhm\u00e4 30 min min. 4 hl\u00f6\u00e4 20 \u20ac\/hl\u00f6<\/p>\n<p>Pienryhm\u00e4 60min min. 4 hl\u00f6\u00e4 35 \u20ac\/hl\u00f6<\/p>\n\t\t\t\t<\/div>\n\t\t\t<\/div>\n\t\t\t\t\t<\/div>\n\t<\/div>\n","protected":false},"excerpt":{"rendered":"<p>L\u00f6yd\u00e4 t\u00e4ydellinen yhdistelm\u00e4 liikuntaa, hyvinvointia ja yhteis\u00f6llisyytt\u00e4 USVA Club -j\u00e4senyydell\u00e4. Premium-kuntosali 24\/7 p\u00e4\u00e4sy huippuluokan kuntosalille, jossa korkealaatuiset v\u00e4lineet hyvinvointisi tueksi.&hellip;<\/p>\n","protected":false},"author":1,"featured_media":736,"parent":28,"menu_order":11,"comment_status":"closed","ping_status":"closed","template":"page-wide.php","meta":{"_acf_changed":false,"footnotes":""},"class_list":["post-284","page","type-page","status-publish","has-post-thumbnail","hentry"],"acf":[],"yoast_head":"<!-- This site is optimized with the Yoast SEO plugin v24.7 - https:\/\/yoast.com\/wordpress\/plugins\/seo\/ -->\n<title>Kuntosalij\u00e4senyys - USVA Spa<\/title>\n<meta name=\"robots\" content=\"index, follow, max-snippet:-1, max-image-preview:large, max-video-preview:-1\" \/>\n<link rel=\"canonical\" href=\"https:\/\/usvaspa.fi\/fi\/tutustu-palveluihin\/kuntosalijasenyys\/\" \/>\n<meta property=\"og:locale\" content=\"fi_FI\" \/>\n<meta property=\"og:type\" content=\"article\" \/>\n<meta property=\"og:title\" content=\"Kuntosalij\u00e4senyys - USVA Spa\" \/>\n<meta property=\"og:description\" content=\"L\u00f6yd\u00e4 t\u00e4ydellinen yhdistelm\u00e4 liikuntaa, hyvinvointia ja yhteis\u00f6llisyytt\u00e4 USVA Club -j\u00e4senyydell\u00e4. Premium-kuntosali 24\/7 p\u00e4\u00e4sy huippuluokan kuntosalille, jossa korkealaatuiset v\u00e4lineet hyvinvointisi tueksi.&hellip;\" \/>\n<meta property=\"og:url\" content=\"https:\/\/usvaspa.fi\/fi\/tutustu-palveluihin\/kuntosalijasenyys\/\" \/>\n<meta property=\"og:site_name\" content=\"USVA Spa\" \/>\n<meta property=\"article:modified_time\" content=\"2025-11-12T15:40:09+00:00\" \/>\n<meta property=\"og:image\" content=\"https:\/\/usvaspa.fi\/wp-content\/uploads\/2025\/03\/usva-spa-hero-kuntosali-1-scaled.jpg\" \/>\n\t<meta property=\"og:image:width\" content=\"2560\" \/>\n\t<meta property=\"og:image:height\" content=\"624\" \/>\n\t<meta property=\"og:image:type\" content=\"image\/jpeg\" \/>\n<meta name=\"twitter:card\" content=\"summary_large_image\" \/>\n<meta name=\"twitter:label1\" content=\"Arvioitu lukuaika\" \/>\n\t<meta name=\"twitter:data1\" content=\"6 minuuttia\" \/>\n<script type=\"application\/ld+json\" class=\"yoast-schema-graph\">{\"@context\":\"https:\/\/schema.org\",\"@graph\":[{\"@type\":\"WebPage\",\"@id\":\"https:\/\/usvaspa.fi\/fi\/tutustu-palveluihin\/kuntosalijasenyys\/\",\"url\":\"https:\/\/usvaspa.fi\/fi\/tutustu-palveluihin\/kuntosalijasenyys\/\",\"name\":\"Kuntosalij\u00e4senyys - USVA Spa\",\"isPartOf\":{\"@id\":\"https:\/\/usvaspa.fi\/fi\/#website\"},\"primaryImageOfPage\":{\"@id\":\"https:\/\/usvaspa.fi\/fi\/tutustu-palveluihin\/kuntosalijasenyys\/#primaryimage\"},\"image\":{\"@id\":\"https:\/\/usvaspa.fi\/fi\/tutustu-palveluihin\/kuntosalijasenyys\/#primaryimage\"},\"thumbnailUrl\":\"https:\/\/usvaspa.fi\/wp-content\/uploads\/2025\/03\/usva-spa-hero-kuntosali-1-scaled.jpg\",\"datePublished\":\"2025-02-28T05:52:39+00:00\",\"dateModified\":\"2025-11-12T15:40:09+00:00\",\"breadcrumb\":{\"@id\":\"https:\/\/usvaspa.fi\/fi\/tutustu-palveluihin\/kuntosalijasenyys\/#breadcrumb\"},\"inLanguage\":\"fi\",\"potentialAction\":[{\"@type\":\"ReadAction\",\"target\":[\"https:\/\/usvaspa.fi\/fi\/tutustu-palveluihin\/kuntosalijasenyys\/\"]}]},{\"@type\":\"ImageObject\",\"inLanguage\":\"fi\",\"@id\":\"https:\/\/usvaspa.fi\/fi\/tutustu-palveluihin\/kuntosalijasenyys\/#primaryimage\",\"url\":\"https:\/\/usvaspa.fi\/wp-content\/uploads\/2025\/03\/usva-spa-hero-kuntosali-1-scaled.jpg\",\"contentUrl\":\"https:\/\/usvaspa.fi\/wp-content\/uploads\/2025\/03\/usva-spa-hero-kuntosali-1-scaled.jpg\",\"width\":2560,\"height\":624},{\"@type\":\"BreadcrumbList\",\"@id\":\"https:\/\/usvaspa.fi\/fi\/tutustu-palveluihin\/kuntosalijasenyys\/#breadcrumb\",\"itemListElement\":[{\"@type\":\"ListItem\",\"position\":1,\"name\":\"Etusivu\",\"item\":\"https:\/\/usvaspa.fi\/fi\/\"},{\"@type\":\"ListItem\",\"position\":2,\"name\":\"Tutustu palveluihin\",\"item\":\"https:\/\/usvaspa.fi\/fi\/tutustu-palveluihin\/\"},{\"@type\":\"ListItem\",\"position\":3,\"name\":\"Kuntosalij\u00e4senyys\"}]},{\"@type\":\"WebSite\",\"@id\":\"https:\/\/usvaspa.fi\/fi\/#website\",\"url\":\"https:\/\/usvaspa.fi\/fi\/\",\"name\":\"USVA Spa\",\"description\":\"\",\"potentialAction\":[{\"@type\":\"SearchAction\",\"target\":{\"@type\":\"EntryPoint\",\"urlTemplate\":\"https:\/\/usvaspa.fi\/fi\/?s={search_term_string}\"},\"query-input\":{\"@type\":\"PropertyValueSpecification\",\"valueRequired\":true,\"valueName\":\"search_term_string\"}}],\"inLanguage\":\"fi\"}]}<\/script>\n<!-- \/ Yoast SEO plugin. -->","yoast_head_json":{"title":"Kuntosalij\u00e4senyys - USVA Spa","robots":{"index":"index","follow":"follow","max-snippet":"max-snippet:-1","max-image-preview":"max-image-preview:large","max-video-preview":"max-video-preview:-1"},"canonical":"https:\/\/usvaspa.fi\/fi\/tutustu-palveluihin\/kuntosalijasenyys\/","og_locale":"fi_FI","og_type":"article","og_title":"Kuntosalij\u00e4senyys - USVA Spa","og_description":"L\u00f6yd\u00e4 t\u00e4ydellinen yhdistelm\u00e4 liikuntaa, hyvinvointia ja yhteis\u00f6llisyytt\u00e4 USVA Club -j\u00e4senyydell\u00e4. Premium-kuntosali 24\/7 p\u00e4\u00e4sy huippuluokan kuntosalille, jossa korkealaatuiset v\u00e4lineet hyvinvointisi tueksi.&hellip;","og_url":"https:\/\/usvaspa.fi\/fi\/tutustu-palveluihin\/kuntosalijasenyys\/","og_site_name":"USVA Spa","article_modified_time":"2025-11-12T15:40:09+00:00","og_image":[{"width":2560,"height":624,"url":"https:\/\/usvaspa.fi\/wp-content\/uploads\/2025\/03\/usva-spa-hero-kuntosali-1-scaled.jpg","type":"image\/jpeg"}],"twitter_card":"summary_large_image","twitter_misc":{"Arvioitu lukuaika":"6 minuuttia"},"schema":{"@context":"https:\/\/schema.org","@graph":[{"@type":"WebPage","@id":"https:\/\/usvaspa.fi\/fi\/tutustu-palveluihin\/kuntosalijasenyys\/","url":"https:\/\/usvaspa.fi\/fi\/tutustu-palveluihin\/kuntosalijasenyys\/","name":"Kuntosalij\u00e4senyys - USVA Spa","isPartOf":{"@id":"https:\/\/usvaspa.fi\/fi\/#website"},"primaryImageOfPage":{"@id":"https:\/\/usvaspa.fi\/fi\/tutustu-palveluihin\/kuntosalijasenyys\/#primaryimage"},"image":{"@id":"https:\/\/usvaspa.fi\/fi\/tutustu-palveluihin\/kuntosalijasenyys\/#primaryimage"},"thumbnailUrl":"https:\/\/usvaspa.fi\/wp-content\/uploads\/2025\/03\/usva-spa-hero-kuntosali-1-scaled.jpg","datePublished":"2025-02-28T05:52:39+00:00","dateModified":"2025-11-12T15:40:09+00:00","breadcrumb":{"@id":"https:\/\/usvaspa.fi\/fi\/tutustu-palveluihin\/kuntosalijasenyys\/#breadcrumb"},"inLanguage":"fi","potentialAction":[{"@type":"ReadAction","target":["https:\/\/usvaspa.fi\/fi\/tutustu-palveluihin\/kuntosalijasenyys\/"]}]},{"@type":"ImageObject","inLanguage":"fi","@id":"https:\/\/usvaspa.fi\/fi\/tutustu-palveluihin\/kuntosalijasenyys\/#primaryimage","url":"https:\/\/usvaspa.fi\/wp-content\/uploads\/2025\/03\/usva-spa-hero-kuntosali-1-scaled.jpg","contentUrl":"https:\/\/usvaspa.fi\/wp-content\/uploads\/2025\/03\/usva-spa-hero-kuntosali-1-scaled.jpg","width":2560,"height":624},{"@type":"BreadcrumbList","@id":"https:\/\/usvaspa.fi\/fi\/tutustu-palveluihin\/kuntosalijasenyys\/#breadcrumb","itemListElement":[{"@type":"ListItem","position":1,"name":"Etusivu","item":"https:\/\/usvaspa.fi\/fi\/"},{"@type":"ListItem","position":2,"name":"Tutustu palveluihin","item":"https:\/\/usvaspa.fi\/fi\/tutustu-palveluihin\/"},{"@type":"ListItem","position":3,"name":"Kuntosalij\u00e4senyys"}]},{"@type":"WebSite","@id":"https:\/\/usvaspa.fi\/fi\/#website","url":"https:\/\/usvaspa.fi\/fi\/","name":"USVA Spa","description":"","potentialAction":[{"@type":"SearchAction","target":{"@type":"EntryPoint","urlTemplate":"https:\/\/usvaspa.fi\/fi\/?s={search_term_string}"},"query-input":{"@type":"PropertyValueSpecification","valueRequired":true,"valueName":"search_term_string"}}],"inLanguage":"fi"}]}},"_links":{"self":[{"href":"https:\/\/usvaspa.fi\/fi\/wp-json\/wp\/v2\/pages\/284","targetHints":{"allow":["GET"]}}],"collection":[{"href":"https:\/\/usvaspa.fi\/fi\/wp-json\/wp\/v2\/pages"}],"about":[{"href":"https:\/\/usvaspa.fi\/fi\/wp-json\/wp\/v2\/types\/page"}],"author":[{"embeddable":true,"href":"https:\/\/usvaspa.fi\/fi\/wp-json\/wp\/v2\/users\/1"}],"replies":[{"embeddable":true,"href":"https:\/\/usvaspa.fi\/fi\/wp-json\/wp\/v2\/comments?post=284"}],"version-history":[{"count":17,"href":"https:\/\/usvaspa.fi\/fi\/wp-json\/wp\/v2\/pages\/284\/revisions"}],"predecessor-version":[{"id":987,"href":"https:\/\/usvaspa.fi\/fi\/wp-json\/wp\/v2\/pages\/284\/revisions\/987"}],"up":[{"embeddable":true,"href":"https:\/\/usvaspa.fi\/fi\/wp-json\/wp\/v2\/pages\/28"}],"wp:featuredmedia":[{"embeddable":true,"href":"https:\/\/usvaspa.fi\/fi\/wp-json\/wp\/v2\/media\/736"}],"wp:attachment":[{"href":"https:\/\/usvaspa.fi\/fi\/wp-json\/wp\/v2\/media?parent=284"}],"curies":[{"name":"wp","href":"https:\/\/api.w.org\/{rel}","templated":true}]}}