{"id":288,"date":"2025-02-28T07:53:05","date_gmt":"2025-02-28T05:53:05","guid":{"rendered":"https:\/\/usvaspa.fi\/?page_id=288"},"modified":"2026-05-04T12:06:16","modified_gmt":"2026-05-04T09:06:16","slug":"kampanjat","status":"publish","type":"page","link":"https:\/\/usvaspa.fi\/fi\/kampanjat\/","title":{"rendered":"Kampanjat"},"content":{"rendered":"\n<h3 class=\"wp-block-heading\">Day Spa kampanjat<\/h3>\n\n\n\t<div class=\"block-narrow gray-text\">\n\t\t<p><!-- wp:paragraph {\"align\":\"center\"} --><\/p>\n<p style=\"text-align: center;\"><!-- wp:paragraph {\"align\":\"center\"} --><\/p>\n<p class=\"has-text-align-center\" style=\"text-align: center;\">Tervetuloa rentoutumaan Usva Spahan my\u00f6s kes\u00e4ll\u00e4. Olemme koonneet hemmottelevia saunapaketteja, joissa sauna- ja spa-el\u00e4mykseen yhdistyv\u00e4t itse teht\u00e4v\u00e4t DIY-hoidot.<\/p>\n<p class=\"has-text-align-center\" style=\"text-align: center;\">Uutena tarjoamme my\u00f6s t\u00e4ydellisen viilent\u00e4v\u00e4n p\u00e4\u00e4hieronnan (15 min), jonka voit nauttia saunomisen ohessa.<\/p>\n<p class=\"has-text-align-center\" style=\"text-align: center;\"><strong>Valitse suosikkisi:<\/strong><\/p>\n<p class=\"has-text-align-center\" style=\"text-align: center;\">Sauna &amp; DIY-vartalonkuorinta 40\u20ac (norm 54\u20ac)<br \/>\nSauna &amp; DIY- kasvohoitosetti 45\u20ac (norm 59\u20ac)<br \/>\nSauna &amp; DIY-vihdotus 50\u20ac (norm 64\u20ac)<br \/>\nSauna &amp; Viilent\u00e4v\u00e4 p\u00e4\u00e4hieronta 15 min 60\u20ac (norm 74\u20ac)<\/p>\n<p style=\"text-align: center;\"><!-- \/wp:paragraph --> <!-- wp:paragraph {\"align\":\"center\"} --><\/p>\n<p class=\"has-text-align-center\" style=\"text-align: center;\">Etu on voimassa toukokuun loppuun saakka.<!-- \/wp:paragraph --><\/p>\n<p><!-- \/wp:paragraph --><\/p>\n<p style=\"text-align: center;\"><a href=\"https:\/\/usvaspa.fi\/fi\/tutustu-palveluihin\/hoidot-ja-hieronnat\/\">Varaa aika<\/a><\/p>\n\t<\/div>\n","protected":false},"excerpt":{"rendered":"<p>Day Spa kampanjat<\/p>\n","protected":false},"author":1,"featured_media":730,"parent":0,"menu_order":1,"comment_status":"closed","ping_status":"closed","template":"","meta":{"_acf_changed":false,"footnotes":""},"class_list":["post-288","page","type-page","status-publish","has-post-thumbnail","hentry"],"acf":[],"yoast_head":"<!-- This site is optimized with the Yoast SEO plugin v24.7 - https:\/\/yoast.com\/wordpress\/plugins\/seo\/ -->\n<title>Kampanjat - USVA Spa<\/title>\n<meta name=\"robots\" content=\"index, follow, max-snippet:-1, max-image-preview:large, max-video-preview:-1\" \/>\n<link rel=\"canonical\" href=\"https:\/\/usvaspa.fi\/fi\/kampanjat\/\" \/>\n<meta property=\"og:locale\" content=\"fi_FI\" \/>\n<meta property=\"og:type\" content=\"article\" \/>\n<meta property=\"og:title\" content=\"Kampanjat - USVA Spa\" \/>\n<meta property=\"og:description\" content=\"Day Spa kampanjat\" \/>\n<meta property=\"og:url\" content=\"https:\/\/usvaspa.fi\/fi\/kampanjat\/\" \/>\n<meta property=\"og:site_name\" content=\"USVA Spa\" \/>\n<meta property=\"article:modified_time\" content=\"2026-05-04T09:06:16+00:00\" \/>\n<meta property=\"og:image\" content=\"https:\/\/usvaspa.fi\/wp-content\/uploads\/2025\/03\/usva-spa-hero-kampanjat-1-scaled.jpg\" \/>\n\t<meta property=\"og:image:width\" content=\"2560\" \/>\n\t<meta property=\"og:image:height\" content=\"624\" \/>\n\t<meta property=\"og:image:type\" content=\"image\/jpeg\" \/>\n<meta name=\"twitter:card\" content=\"summary_large_image\" \/>\n<meta name=\"twitter:label1\" content=\"Arvioitu lukuaika\" \/>\n\t<meta name=\"twitter:data1\" content=\"1 minuutti\" \/>\n<script type=\"application\/ld+json\" class=\"yoast-schema-graph\">{\"@context\":\"https:\/\/schema.org\",\"@graph\":[{\"@type\":\"WebPage\",\"@id\":\"https:\/\/usvaspa.fi\/fi\/kampanjat\/\",\"url\":\"https:\/\/usvaspa.fi\/fi\/kampanjat\/\",\"name\":\"Kampanjat - USVA Spa\",\"isPartOf\":{\"@id\":\"https:\/\/usvaspa.fi\/fi\/#website\"},\"primaryImageOfPage\":{\"@id\":\"https:\/\/usvaspa.fi\/fi\/kampanjat\/#primaryimage\"},\"image\":{\"@id\":\"https:\/\/usvaspa.fi\/fi\/kampanjat\/#primaryimage\"},\"thumbnailUrl\":\"https:\/\/usvaspa.fi\/wp-content\/uploads\/2025\/03\/usva-spa-hero-kampanjat-1-scaled.jpg\",\"datePublished\":\"2025-02-28T05:53:05+00:00\",\"dateModified\":\"2026-05-04T09:06:16+00:00\",\"breadcrumb\":{\"@id\":\"https:\/\/usvaspa.fi\/fi\/kampanjat\/#breadcrumb\"},\"inLanguage\":\"fi\",\"potentialAction\":[{\"@type\":\"ReadAction\",\"target\":[\"https:\/\/usvaspa.fi\/fi\/kampanjat\/\"]}]},{\"@type\":\"ImageObject\",\"inLanguage\":\"fi\",\"@id\":\"https:\/\/usvaspa.fi\/fi\/kampanjat\/#primaryimage\",\"url\":\"https:\/\/usvaspa.fi\/wp-content\/uploads\/2025\/03\/usva-spa-hero-kampanjat-1-scaled.jpg\",\"contentUrl\":\"https:\/\/usvaspa.fi\/wp-content\/uploads\/2025\/03\/usva-spa-hero-kampanjat-1-scaled.jpg\",\"width\":2560,\"height\":624},{\"@type\":\"BreadcrumbList\",\"@id\":\"https:\/\/usvaspa.fi\/fi\/kampanjat\/#breadcrumb\",\"itemListElement\":[{\"@type\":\"ListItem\",\"position\":1,\"name\":\"Etusivu\",\"item\":\"https:\/\/usvaspa.fi\/fi\/\"},{\"@type\":\"ListItem\",\"position\":2,\"name\":\"Kampanjat\"}]},{\"@type\":\"WebSite\",\"@id\":\"https:\/\/usvaspa.fi\/fi\/#website\",\"url\":\"https:\/\/usvaspa.fi\/fi\/\",\"name\":\"USVA Spa\",\"description\":\"\",\"potentialAction\":[{\"@type\":\"SearchAction\",\"target\":{\"@type\":\"EntryPoint\",\"urlTemplate\":\"https:\/\/usvaspa.fi\/fi\/?s={search_term_string}\"},\"query-input\":{\"@type\":\"PropertyValueSpecification\",\"valueRequired\":true,\"valueName\":\"search_term_string\"}}],\"inLanguage\":\"fi\"}]}<\/script>\n<!-- \/ Yoast SEO plugin. -->","yoast_head_json":{"title":"Kampanjat - USVA Spa","robots":{"index":"index","follow":"follow","max-snippet":"max-snippet:-1","max-image-preview":"max-image-preview:large","max-video-preview":"max-video-preview:-1"},"canonical":"https:\/\/usvaspa.fi\/fi\/kampanjat\/","og_locale":"fi_FI","og_type":"article","og_title":"Kampanjat - USVA Spa","og_description":"Day Spa kampanjat","og_url":"https:\/\/usvaspa.fi\/fi\/kampanjat\/","og_site_name":"USVA Spa","article_modified_time":"2026-05-04T09:06:16+00:00","og_image":[{"width":2560,"height":624,"url":"https:\/\/usvaspa.fi\/wp-content\/uploads\/2025\/03\/usva-spa-hero-kampanjat-1-scaled.jpg","type":"image\/jpeg"}],"twitter_card":"summary_large_image","twitter_misc":{"Arvioitu lukuaika":"1 minuutti"},"schema":{"@context":"https:\/\/schema.org","@graph":[{"@type":"WebPage","@id":"https:\/\/usvaspa.fi\/fi\/kampanjat\/","url":"https:\/\/usvaspa.fi\/fi\/kampanjat\/","name":"Kampanjat - USVA Spa","isPartOf":{"@id":"https:\/\/usvaspa.fi\/fi\/#website"},"primaryImageOfPage":{"@id":"https:\/\/usvaspa.fi\/fi\/kampanjat\/#primaryimage"},"image":{"@id":"https:\/\/usvaspa.fi\/fi\/kampanjat\/#primaryimage"},"thumbnailUrl":"https:\/\/usvaspa.fi\/wp-content\/uploads\/2025\/03\/usva-spa-hero-kampanjat-1-scaled.jpg","datePublished":"2025-02-28T05:53:05+00:00","dateModified":"2026-05-04T09:06:16+00:00","breadcrumb":{"@id":"https:\/\/usvaspa.fi\/fi\/kampanjat\/#breadcrumb"},"inLanguage":"fi","potentialAction":[{"@type":"ReadAction","target":["https:\/\/usvaspa.fi\/fi\/kampanjat\/"]}]},{"@type":"ImageObject","inLanguage":"fi","@id":"https:\/\/usvaspa.fi\/fi\/kampanjat\/#primaryimage","url":"https:\/\/usvaspa.fi\/wp-content\/uploads\/2025\/03\/usva-spa-hero-kampanjat-1-scaled.jpg","contentUrl":"https:\/\/usvaspa.fi\/wp-content\/uploads\/2025\/03\/usva-spa-hero-kampanjat-1-scaled.jpg","width":2560,"height":624},{"@type":"BreadcrumbList","@id":"https:\/\/usvaspa.fi\/fi\/kampanjat\/#breadcrumb","itemListElement":[{"@type":"ListItem","position":1,"name":"Etusivu","item":"https:\/\/usvaspa.fi\/fi\/"},{"@type":"ListItem","position":2,"name":"Kampanjat"}]},{"@type":"WebSite","@id":"https:\/\/usvaspa.fi\/fi\/#website","url":"https:\/\/usvaspa.fi\/fi\/","name":"USVA Spa","description":"","potentialAction":[{"@type":"SearchAction","target":{"@type":"EntryPoint","urlTemplate":"https:\/\/usvaspa.fi\/fi\/?s={search_term_string}"},"query-input":{"@type":"PropertyValueSpecification","valueRequired":true,"valueName":"search_term_string"}}],"inLanguage":"fi"}]}},"_links":{"self":[{"href":"https:\/\/usvaspa.fi\/fi\/wp-json\/wp\/v2\/pages\/288","targetHints":{"allow":["GET"]}}],"collection":[{"href":"https:\/\/usvaspa.fi\/fi\/wp-json\/wp\/v2\/pages"}],"about":[{"href":"https:\/\/usvaspa.fi\/fi\/wp-json\/wp\/v2\/types\/page"}],"author":[{"embeddable":true,"href":"https:\/\/usvaspa.fi\/fi\/wp-json\/wp\/v2\/users\/1"}],"replies":[{"embeddable":true,"href":"https:\/\/usvaspa.fi\/fi\/wp-json\/wp\/v2\/comments?post=288"}],"version-history":[{"count":37,"href":"https:\/\/usvaspa.fi\/fi\/wp-json\/wp\/v2\/pages\/288\/revisions"}],"predecessor-version":[{"id":1375,"href":"https:\/\/usvaspa.fi\/fi\/wp-json\/wp\/v2\/pages\/288\/revisions\/1375"}],"wp:featuredmedia":[{"embeddable":true,"href":"https:\/\/usvaspa.fi\/fi\/wp-json\/wp\/v2\/media\/730"}],"wp:attachment":[{"href":"https:\/\/usvaspa.fi\/fi\/wp-json\/wp\/v2\/media?parent=288"}],"curies":[{"name":"wp","href":"https:\/\/api.w.org\/{rel}","templated":true}]}}