{"id":317,"date":"2025-02-28T08:24:53","date_gmt":"2025-02-28T06:24:53","guid":{"rendered":"https:\/\/usvaspa.fi\/?page_id=317"},"modified":"2025-03-24T16:41:57","modified_gmt":"2025-03-24T14:41:57","slug":"tilaa-uutiskirje","status":"publish","type":"page","link":"https:\/\/usvaspa.fi\/fi\/tilaa-uutiskirje\/","title":{"rendered":"Tilaa uutiskirje"},"content":{"rendered":"\t<div class=\"block featured bg-white\">\n\t\t<div class=\"row img-right\">\n\t\t\t<div class=\"col-12 col-md-6 img-col offset-xl-1 order-md-2\">\n\t\t\t\t<div class=\"image-wrapper\">\n\t\t\t\t\t<img loading=\"lazy\" decoding=\"async\" width=\"1024\" height=\"598\" src=\"https:\/\/usvaspa.fi\/wp-content\/uploads\/2025\/02\/usvaspa-uutiskirje-1024x598.jpg\" class=\"attachment-large size-large\" alt=\"\" srcset=\"https:\/\/usvaspa.fi\/wp-content\/uploads\/2025\/02\/usvaspa-uutiskirje-1024x598.jpg 1024w, https:\/\/usvaspa.fi\/wp-content\/uploads\/2025\/02\/usvaspa-uutiskirje-300x175.jpg 300w, https:\/\/usvaspa.fi\/wp-content\/uploads\/2025\/02\/usvaspa-uutiskirje.jpg 1218w\" sizes=\"auto, (max-width: 1024px) 100vw, 1024px\" \/>\t\t\t\t<\/div>\n\t\t\t<\/div>\n\t\t\t<div class=\"col-12 col-md-6 col-xl-5 order-md-1 text-col\">\n\t\t\t\t<p class=\"preheader\">Pys\u00e4hdy ja inspiroidu <\/p><h1 class=\"featured-title\">Tilaa uutiskirje<\/h1><p>Liity mukaan ja saat ensimm\u00e4isten joukossa sesongin vinkkej\u00e4, rauhoittavia hetki\u00e4 ja erikoistarjouksia. USVA by Terhen tuo suomalaisen saunakulttuurin ja hyvinvointiperinteet l\u00e4hellesi \u2013 tule mukaan ja anna itsellesi hetki rauhaa.<\/p>\n<div id=\"mc_embed_shell\">\n\t<div id=\"mc_embed_signup\">\n\t\t<form\n\t\t\taction=\"https:\/\/usvaspa.us14.list-manage.com\/subscribe\/post?u=97869bb3a417d9cdcd80c2331&amp;id=8e8abd45c0&amp;f_id=00491fe3f0\" method=\"post\" id=\"mc-embedded-subscribe-form\" name=\"mc-embedded-subscribe-form\" class=\"validate\" target=\"_blank\">\n\t\t\t<div id=\"mc_embed_signup_scroll\">\n\t\t\t\t<div class=\"mc-field-group\">\n\t\t\t\t\t<input type=\"email\" name=\"EMAIL\" class=\"required email\" id=\"mce-EMAIL\" required=\"\" value=\"\" placeholder=\"S\u00e4hk\u00f6postiosoitteesi\">\n\t\t\t\t<\/div>\n\t\t\t\t<div id=\"mce-responses\" class=\"clear\">\n\t\t\t\t\t<div class=\"response\" id=\"mce-error-response\" style=\"display: none;\"><\/div>\n\t\t\t\t\t<div class=\"response\" id=\"mce-success-response\" style=\"display: none;\"><\/div>\n\t\t\t\t<\/div>\n\t\t\t\t<div aria-hidden=\"true\" style=\"position: absolute; left: -5000px;\">\n\t\t\t\t\t<input type=\"text\" name=\"b_97869bb3a417d9cdcd80c2331_8e8abd45c0\" tabindex=\"-1\" value=\"\">\n\t\t\t\t<\/div>\n\n\t\t\t\t<input type=\"submit\" name=\"subscribe\" id=\"mc-embedded-subscribe\" class=\"text-link\" value=\"Tilaa\">\n\t\t\t<\/div>\n\t\t<\/form>\n\t<\/div>\n\t<script type=\"text\/javascript\" src=\"\/\/s3.amazonaws.com\/downloads.mailchimp.com\/js\/mc-validate.js\"><\/script>\n\t<script type=\"text\/javascript\">(function($) {\n\t\t\twindow.fnames = new Array();\n\t\t\twindow.ftypes = new Array();\n\t\t\tfnames[0] = 'EMAIL';\n\t\t\tftypes[0] = 'email';\n\t\t\tfnames[1] = 'FNAME';\n\t\t\tftypes[1] = 'text';\n\t\t\tfnames[2] = 'LNAME';\n\t\t\tftypes[2] = 'text';\n\t\t\tfnames[3] = 'ADDRESS';\n\t\t\tftypes[3] = 'address';\n\t\t\tfnames[4] = 'PHONE';\n\t\t\tftypes[4] = 'phone';\n\t\t\tfnames[5] = 'BIRTHDAY';\n\t\t\tftypes[5] = 'birthday';\n\n\n\t\t\tif ($('html').attr('lang') === 'fi') {\n\t\t\t\t\/*\n\t\t\t\t* Translated default messages for the $ validation plugin.\n\t\t\t\t* Locale: FI\n\t\t\t\t*\/\n\t\t\t\t$.extend($.validator.messages, {\n\t\t\t\t\trequired: \"T&auml;m&auml; kentt&auml; on pakollinen.\",\n\t\t\t\t\tmaxlength: $.validator.format(\"Voit sy&ouml;tt&auml;&auml; enint&auml;&auml;n {0} merkki&auml;.\"),\n\t\t\t\t\tminlength: $.validator.format(\"V&auml;hint&auml;&auml;n {0} merkki&auml;.\"),\n\t\t\t\t\trangelength: $.validator.format(\"Sy&ouml;t&auml; v&auml;hint&auml;&auml;n {0} ja enint&auml;&auml;n {1} merkki&auml;.\"),\n\t\t\t\t\temail: \"Sy&ouml;t&auml; oikea s&auml;hk&ouml;postiosoite.\",\n\t\t\t\t\turl: \"Sy&ouml;t&auml; oikea URL osoite.\",\n\t\t\t\t\tdate: \"Sy&ouml;t&auml; oike p&auml;iv&auml;m&auml;&auml;r&auml;.\",\n\t\t\t\t\tdateISO: \"Sy&ouml;t&auml; oike p&auml;iv&auml;m&auml;&auml;r&auml; (VVVV-MM-DD).\",\n\t\t\t\t\tnumber: \"Sy&ouml;t&auml; numero.\",\n\t\t\t\t\tdigits: \"Sy&ouml;t&auml; pelk&auml;st&auml;&auml;n numeroita.\",\n\t\t\t\t\tequalTo: \"Sy&ouml;t&auml; sama arvo uudestaan.\",\n\t\t\t\t\trange: $.validator.format(\"Sy&ouml;t&auml; arvo {0} ja {1} v&auml;lilt&auml;.\"),\n\t\t\t\t\tmax: $.validator.format(\"Sy&ouml;t&auml; arvo joka on yht&auml; suuri tai suurempi kuin {0}.\"),\n\t\t\t\t\tmin: $.validator.format(\"Sy&ouml;t&auml; arvo joka on pienempi tai yht&auml; suuri kuin {0}.\"),\n\t\t\t\t\tcreditcard: \"Sy&ouml;t&auml; voimassa oleva luottokorttinumero.\"\n\t\t\t\t});\n\t\t\t}\n\t\t}(jQuery));\n\t\tvar $mcj = jQuery.noConflict(true);<\/script>\n<\/div>\n\n\t\t\t<\/div>\n\t\t<\/div>\n\t<\/div>\n","protected":false},"excerpt":{"rendered":"","protected":false},"author":1,"featured_media":0,"parent":0,"menu_order":0,"comment_status":"closed","ping_status":"closed","template":"","meta":{"_acf_changed":false,"footnotes":""},"class_list":["post-317","page","type-page","status-publish","hentry"],"acf":[],"yoast_head":"<!-- This site is optimized with the Yoast SEO plugin v24.7 - https:\/\/yoast.com\/wordpress\/plugins\/seo\/ -->\n<title>Tilaa uutiskirje - USVA Spa<\/title>\n<meta name=\"robots\" content=\"index, follow, max-snippet:-1, max-image-preview:large, max-video-preview:-1\" \/>\n<link rel=\"canonical\" href=\"https:\/\/usvaspa.fi\/fi\/tilaa-uutiskirje\/\" \/>\n<meta property=\"og:locale\" content=\"fi_FI\" \/>\n<meta property=\"og:type\" content=\"article\" \/>\n<meta property=\"og:title\" content=\"Tilaa uutiskirje - USVA Spa\" \/>\n<meta property=\"og:url\" content=\"https:\/\/usvaspa.fi\/fi\/tilaa-uutiskirje\/\" \/>\n<meta property=\"og:site_name\" content=\"USVA Spa\" \/>\n<meta property=\"article:modified_time\" content=\"2025-03-24T14:41:57+00:00\" \/>\n<meta name=\"twitter:card\" content=\"summary_large_image\" \/>\n<meta name=\"twitter:label1\" content=\"Arvioitu lukuaika\" \/>\n\t<meta name=\"twitter:data1\" content=\"1 minuutti\" \/>\n<script type=\"application\/ld+json\" class=\"yoast-schema-graph\">{\"@context\":\"https:\/\/schema.org\",\"@graph\":[{\"@type\":\"WebPage\",\"@id\":\"https:\/\/usvaspa.fi\/fi\/tilaa-uutiskirje\/\",\"url\":\"https:\/\/usvaspa.fi\/fi\/tilaa-uutiskirje\/\",\"name\":\"Tilaa uutiskirje - USVA Spa\",\"isPartOf\":{\"@id\":\"https:\/\/usvaspa.fi\/fi\/#website\"},\"datePublished\":\"2025-02-28T06:24:53+00:00\",\"dateModified\":\"2025-03-24T14:41:57+00:00\",\"breadcrumb\":{\"@id\":\"https:\/\/usvaspa.fi\/fi\/tilaa-uutiskirje\/#breadcrumb\"},\"inLanguage\":\"fi\",\"potentialAction\":[{\"@type\":\"ReadAction\",\"target\":[\"https:\/\/usvaspa.fi\/fi\/tilaa-uutiskirje\/\"]}]},{\"@type\":\"BreadcrumbList\",\"@id\":\"https:\/\/usvaspa.fi\/fi\/tilaa-uutiskirje\/#breadcrumb\",\"itemListElement\":[{\"@type\":\"ListItem\",\"position\":1,\"name\":\"Etusivu\",\"item\":\"https:\/\/usvaspa.fi\/fi\/\"},{\"@type\":\"ListItem\",\"position\":2,\"name\":\"Tilaa uutiskirje\"}]},{\"@type\":\"WebSite\",\"@id\":\"https:\/\/usvaspa.fi\/fi\/#website\",\"url\":\"https:\/\/usvaspa.fi\/fi\/\",\"name\":\"USVA Spa\",\"description\":\"\",\"potentialAction\":[{\"@type\":\"SearchAction\",\"target\":{\"@type\":\"EntryPoint\",\"urlTemplate\":\"https:\/\/usvaspa.fi\/fi\/?s={search_term_string}\"},\"query-input\":{\"@type\":\"PropertyValueSpecification\",\"valueRequired\":true,\"valueName\":\"search_term_string\"}}],\"inLanguage\":\"fi\"}]}<\/script>\n<!-- \/ Yoast SEO plugin. -->","yoast_head_json":{"title":"Tilaa uutiskirje - USVA Spa","robots":{"index":"index","follow":"follow","max-snippet":"max-snippet:-1","max-image-preview":"max-image-preview:large","max-video-preview":"max-video-preview:-1"},"canonical":"https:\/\/usvaspa.fi\/fi\/tilaa-uutiskirje\/","og_locale":"fi_FI","og_type":"article","og_title":"Tilaa uutiskirje - USVA Spa","og_url":"https:\/\/usvaspa.fi\/fi\/tilaa-uutiskirje\/","og_site_name":"USVA Spa","article_modified_time":"2025-03-24T14:41:57+00:00","twitter_card":"summary_large_image","twitter_misc":{"Arvioitu lukuaika":"1 minuutti"},"schema":{"@context":"https:\/\/schema.org","@graph":[{"@type":"WebPage","@id":"https:\/\/usvaspa.fi\/fi\/tilaa-uutiskirje\/","url":"https:\/\/usvaspa.fi\/fi\/tilaa-uutiskirje\/","name":"Tilaa uutiskirje - USVA Spa","isPartOf":{"@id":"https:\/\/usvaspa.fi\/fi\/#website"},"datePublished":"2025-02-28T06:24:53+00:00","dateModified":"2025-03-24T14:41:57+00:00","breadcrumb":{"@id":"https:\/\/usvaspa.fi\/fi\/tilaa-uutiskirje\/#breadcrumb"},"inLanguage":"fi","potentialAction":[{"@type":"ReadAction","target":["https:\/\/usvaspa.fi\/fi\/tilaa-uutiskirje\/"]}]},{"@type":"BreadcrumbList","@id":"https:\/\/usvaspa.fi\/fi\/tilaa-uutiskirje\/#breadcrumb","itemListElement":[{"@type":"ListItem","position":1,"name":"Etusivu","item":"https:\/\/usvaspa.fi\/fi\/"},{"@type":"ListItem","position":2,"name":"Tilaa uutiskirje"}]},{"@type":"WebSite","@id":"https:\/\/usvaspa.fi\/fi\/#website","url":"https:\/\/usvaspa.fi\/fi\/","name":"USVA Spa","description":"","potentialAction":[{"@type":"SearchAction","target":{"@type":"EntryPoint","urlTemplate":"https:\/\/usvaspa.fi\/fi\/?s={search_term_string}"},"query-input":{"@type":"PropertyValueSpecification","valueRequired":true,"valueName":"search_term_string"}}],"inLanguage":"fi"}]}},"_links":{"self":[{"href":"https:\/\/usvaspa.fi\/fi\/wp-json\/wp\/v2\/pages\/317","targetHints":{"allow":["GET"]}}],"collection":[{"href":"https:\/\/usvaspa.fi\/fi\/wp-json\/wp\/v2\/pages"}],"about":[{"href":"https:\/\/usvaspa.fi\/fi\/wp-json\/wp\/v2\/types\/page"}],"author":[{"embeddable":true,"href":"https:\/\/usvaspa.fi\/fi\/wp-json\/wp\/v2\/users\/1"}],"replies":[{"embeddable":true,"href":"https:\/\/usvaspa.fi\/fi\/wp-json\/wp\/v2\/comments?post=317"}],"version-history":[{"count":3,"href":"https:\/\/usvaspa.fi\/fi\/wp-json\/wp\/v2\/pages\/317\/revisions"}],"predecessor-version":[{"id":615,"href":"https:\/\/usvaspa.fi\/fi\/wp-json\/wp\/v2\/pages\/317\/revisions\/615"}],"wp:attachment":[{"href":"https:\/\/usvaspa.fi\/fi\/wp-json\/wp\/v2\/media?parent=317"}],"curies":[{"name":"wp","href":"https:\/\/api.w.org\/{rel}","templated":true}]}}