{"id":351,"date":"2025-03-04T13:54:29","date_gmt":"2025-03-04T11:54:29","guid":{"rendered":"https:\/\/usvaspa.fi\/?page_id=351"},"modified":"2025-03-04T13:54:30","modified_gmt":"2025-03-04T11:54:30","slug":"tietosuojaseloste","status":"publish","type":"page","link":"https:\/\/usvaspa.fi\/fi\/tietosuojaseloste\/","title":{"rendered":"Tietosuojaseloste"},"content":{"rendered":"\n<p>T\u00e4m\u00e4 on Terhen Oy:n ja henkil\u00f6tietolain (10 ja 24 \u00a7) EU:n yleisen tietosuoja-asetuksen (GDPR) mukainen tietosuojaseloste, jossa kerromme Usva byTerhen lisenssin haltijan asiakkaiden henkil\u00f6tietojen k\u00e4sittelyst\u00e4.<\/p>\n\n\n\n<p>T\u00e4m\u00e4 tietosuojaseloste kuvaa mit\u00e4 tietoja ker\u00e4\u00e4mme asiakkaistamme, mihin tarkoitukseen k\u00e4yt\u00e4mme tietoja ja kuinka suojaamme ker\u00e4ttyj\u00e4 tietoja. Huomioithan ett\u00e4 ostotilanteessa ja\/tai tilaamalla mahdollisen uutiskirjeemme annatte suostumuksen tietojen tallennukseen.<\/p>\n\n\n\n<p>Pid\u00e4t\u00e4mme oikeudet tietosuojaselosteen muutoksiin ja p\u00e4ivitt\u00e4miseen.<\/p>\n\n\n\n<p><strong>1. Rekisterinpit\u00e4j\u00e4<\/strong><\/p>\n\n\n\n<p>Terhen Oy (Y-tunnus 3207888-1)<br>PL 9<br>00251 Helsinki<br>info@terhen.fi<br>puh. +358 40 184 8803<\/p>\n\n\n\n<p><strong>2. Rekisterist\u00e4 vastaava yhdyshenkil\u00f6<\/strong><\/p>\n\n\n\n<p>Terhi Ruutu<br>Terhen Oy<br>info@terhen.fi<br>puh. +358 40 184 8803<\/p>\n\n\n\n<p><strong>3. Rekisterin k\u00e4ytt\u00e4j\u00e4<\/strong><\/p>\n\n\n\n<p>Lisenssin haltija: NH Hotels Finland Oy (Y-tunnus 3258820-8)<br>NH Collection Helsinki Grand Hansa<br>Mannerheimintie 500100 Helsinki<br>spa.nhcollectionhelsinki@nh-hotels.com<br>puh.+358207120293<\/p>\n\n\n\n<p><strong>4. Rekisterin nimi<\/strong><\/p>\n\n\n\n<p>Usva by Terhen asiakasrekisteri<\/p>\n\n\n\n<p><strong>5. Henkil\u00f6tietojen k\u00e4ytt\u00f6 ja k\u00e4sittely<\/strong><\/p>\n\n\n\n<p>Ker\u00e4\u00e4mme ja k\u00e4sittelemme henkil\u00f6tietoja vain siin\u00e4 m\u00e4\u00e4rin kuin ne ovat v\u00e4ltt\u00e4m\u00e4tt\u00f6mi\u00e4 Usva by Terhen lisenssin haltijan liiketoiminnan kannalta seuraaviin tarkoituksiin:<\/p>\n\n\n\n<ul class=\"wp-block-list\">\n<li>Palvelujen kehitt\u00e4minen, tuottaminen, toimittaminen ja tarjoaminen<\/li>\n\n\n\n<li>Asiakassuhteen hoitaminen ja hallinta<\/li>\n\n\n\n<li>Asiakaspalvelun tai tapahtumaj\u00e4rjestelyjen hoitaminen<\/li>\n\n\n\n<li>Tiedottaminen<\/li>\n\n\n\n<li>Palveluiden ja tuotteiden mainonta ja markkinointi, mukaan lukien suoramarkkinointi ja sen kohdentaminen asiakkaillemme<\/li>\n\n\n\n<li>Markkinointiviestinn\u00e4n tarjoaminen, kohdentaminen ja kehitt\u00e4minen (esim. markkinatutkimukset)<\/li>\n\n\n\n<li>Tilastolliset tarkoitukset<\/li>\n\n\n\n<li>Turvallisuuden varmistaminen (kuten kameravalvonta ja poikkeamaraportointi)<\/li>\n<\/ul>\n\n\n\n<p><strong>6. Rekisterin tietosis\u00e4lt\u00f6<\/strong><\/p>\n\n\n\n<p>K\u00e4sittelemme asiakkaan ja rekisterin k\u00e4ytt\u00e4j\u00e4n v\u00e4liseen sopimukseen ja sen t\u00e4yt\u00e4nt\u00f6\u00f6npanoon perustuen seuraavia tietoja: asiakkaan yhteystiedot (etu- ja sukunimi, osoite, postinumero, kaupunki, maa, s\u00e4hk\u00f6postiosoite, puhelinnumero).<\/p>\n\n\n\n<p>Suostumukseen perustuen k\u00e4sittelemme yhteystietojen lis\u00e4ksi asiakkaan terveydentilaa koskevia tietoja, kuten tietoja allergioista, sairauksista ja tai muista palvelun tuottamiseen vaikuttavista vammoista. Urheiluhieronta sek\u00e4 fysioterapia palveluissamme asiakastietojen rekisterinpit\u00e4j\u00e4 on palveluntuottaja, jonka kanssa Usva by Terhen lisenssinhaltija on tehnyt sopimuksen palvelun toteuttamisesta. Rekisterin yll\u00e4pito perustuu Asiakastietolaki (703\/2023) 13 \u00a7.<\/p>\n\n\n\n<p>Tilatessasi uutiskirjeen tai vastatessasi asiakaskyselyihimme ker\u00e4\u00e4mme rekisteriin seuraavat tiedot: nimi, s\u00e4hk\u00f6postiosoite, kieli.<\/p>\n\n\n\n<p><strong>7. S\u00e4\u00e4nn\u00f6nmukaiset tietol\u00e4hteet<\/strong><\/p>\n\n\n\n<p>Tietojen l\u00e4hde on p\u00e4\u00e4asiallisesti k\u00e4ytt\u00e4j\u00e4 itse. Tiedot saadaan asiakkaalta itselt\u00e4\u00e4n palveluiden tilauksen yhteydess\u00e4, s\u00e4hk\u00f6postitse tai puhelimitse, tai kun palvelusopimus tehd\u00e4\u00e4n. Pyrimme kertomaan mitk\u00e4 tiedot ovat pakollisia sopimuksen tekemist\u00e4 varten ja mitk\u00e4 voit antaa vapaaehtoisesti.<\/p>\n\n\n\n<p><strong>8. Tietojen s\u00e4\u00e4nn\u00f6nmukaiset luovutukset<\/strong><\/p>\n\n\n\n<p>Tietoja k\u00e4ytet\u00e4\u00e4n ainoastaan asiakassuhteen hoitamiseen. Voimme luovuttaa joitakin v\u00e4ltt\u00e4m\u00e4tt\u00f6mi\u00e4 tietoja kolmansille osapuolille, kuten maksuj\u00e4rjestelm\u00e4\u00e4 hoitavalle taholle tai analytiikan tai markkinoinnin tekemist\u00e4 varten kumppaneillemme. Tietoja voidaan luovuttaa my\u00f6s viranomaisille lain edellytt\u00e4m\u00e4ll\u00e4 tavalla.<\/p>\n\n\n\n<p><strong>9. Tietojen siirto EU:n tai ETA:n ulkopuolelle<\/strong><\/p>\n\n\n\n<p>Tietoja ei siirret\u00e4 EU:n tai ETA:n ulkopuolelle.<\/p>\n\n\n\n<p><strong>10. Tietojen s\u00e4ilytys<\/strong><\/p>\n\n\n\n<p>S\u00e4ilyt\u00e4mme henkil\u00f6tietojasi k\u00e4sittelyn tarkoituksen edellytt\u00e4m\u00e4n ajan, niin kauan kuin laki meilt\u00e4 sit\u00e4 edellytt\u00e4\u00e4 tai siihen asti, ett\u00e4 saamme poistopyynn\u00f6n. Tietojen s\u00e4ilytysaika alkaa tietojen vastaanottamisesta. S\u00e4ilyt\u00e4mme tietojasi vain niin kauan kuin on tarpeen kohdassa 4 m\u00e4\u00e4riteltyjen tarkoitusten toteuttamiseksi aina voimassa olevan lain asettamissa rajoissa. T\u00e4m\u00e4n j\u00e4lkeen tiedot joko h\u00e4vitet\u00e4\u00e4n tai tehd\u00e4\u00e4n tunnistamattomiksi muuttamalla ne peruuttamattomasti sellaiseen muotoon, josta yksitt\u00e4inen henkil\u00f6 ei ole en\u00e4\u00e4 tunnistettavissa. Terhen Oy yll\u00e4pit\u00e4\u00e4 asiakasrekisteri\u00e4 toistaiseksi asiakassuhteen s\u00e4ilymisen ajan. Rekisterin k\u00e4ytt\u00e4j\u00e4 NH Hotels Finland Oy siirtyy rekisterin hallinnoijaksi lisenssisopimuksen p\u00e4\u00e4tytty\u00e4. Kaikki ker\u00e4tyt tiedot siirtyv\u00e4t t\u00e4ss\u00e4 yhteydess\u00e4 suoraan NH Hotels Finland Oy:lle.<\/p>\n\n\n\n<p><strong>11. Ev\u00e4steiden k\u00e4ytt\u00f6<\/strong><\/p>\n\n\n\n<p>K\u00e4yt\u00e4mme ev\u00e4steit\u00e4 (\u201ccookies\u201d) ja muita vastaavia tekniikoita. Ev\u00e4steiden avulla ker\u00e4t\u00e4\u00e4n tietoa k\u00e4vij\u00e4liikenteest\u00e4 ja parannetaan palvelun k\u00e4ytt\u00f6kokemusta k\u00e4ytt\u00e4j\u00e4n tietokoneella. Ev\u00e4steill\u00e4 ja muilla tunnisteilla on m\u00e4\u00e4ritetty voimassaoloaika, jonka j\u00e4lkeen selain poistaa tunnisteen.<\/p>\n\n\n\n<p>Ker\u00e4\u00e4mme ev\u00e4steiden avulla k\u00e4vij\u00e4tietoja analytiikka- ja personointitarkoituksiin kolmansien osapuolten kanssa. Hy\u00f6dymme sivustoomme liittyv\u00e4ss\u00e4 analytiikassa Google Analyticsia. Lue lis\u00e4\u00e4 Google Analyticsin tietojen k\u00e4sittelyst\u00e4.<\/p>\n\n\n\n<p><strong>12. Rekisterin suojauksen perusteet ja turvatoimet<\/strong><\/p>\n\n\n\n<p>Asiakasrekisterin k\u00e4sittelyss\u00e4 noudatetaan huolellisuutta ja k\u00e4sitelt\u00e4v\u00e4t tiedot suojataan asianmukaisesti. Asiakastiedot ker\u00e4t\u00e4\u00e4n suojattuun s\u00e4hk\u00f6iseen tietokantaan, jonne kirjautuminen edellytt\u00e4\u00e4 k\u00e4ytt\u00e4j\u00e4tunnusta ja salasanaa. K\u00e4ytt\u00e4j\u00e4tunnuksen asiakasrekisteriin voi my\u00f6nt\u00e4\u00e4 vain sen p\u00e4\u00e4k\u00e4ytt\u00e4j\u00e4, joka m\u00e4\u00e4ritt\u00e4\u00e4 my\u00f6s rekisterin k\u00e4ytt\u00f6oikeustason k\u00e4ytt\u00e4jille.<\/p>\n\n\n\n<p>Asiakasrekisteri\u00e4 k\u00e4sitell\u00e4\u00e4n luottamuksellisesti. Tietoja k\u00e4sittelee vain Usva by Terhen lisenssin haltijan edustajat, joiden toimenkuvaan se kuuluu ja joita sitoo salassapitovelvollisuus. Asiakastietoja s\u00e4ilytet\u00e4\u00e4n s\u00e4hk\u00f6isesti ja turhat paperitulosteet tuhotaan asianmukaisesti.<\/p>\n\n\n\n<p><strong>13. Tarkastusoikeus ja oikeus vaatia tiedon korjaamista<\/strong><\/p>\n\n\n\n<p>Asiakas voi pyyt\u00e4\u00e4 koostetiedostoa omista henkil\u00f6tiedoista, sis\u00e4lt\u00e4en kaiken henkil\u00f6tiedon, jonka olet meille antanut. Tietoja voi pyyt\u00e4\u00e4 ottamalla meihin yhteytt\u00e4 s\u00e4hk\u00f6postilla. Voit my\u00f6s pyyt\u00e4\u00e4 henkil\u00f6tietojesi poistoa tai muokkausta. Asiakkaalla on lis\u00e4ksi oikeus kielt\u00e4\u00e4 tietojensa k\u00e4sittely markkinointia varten. Tietojen k\u00e4sittelyn rajoitusta koskeva pyynt\u00f6 tulee esitt\u00e4\u00e4 s\u00e4hk\u00f6postitse rekisterin yhteyshenkil\u00f6lle.<\/p>\n\n\n\n<p>Oikeus omien tietojen poistoon ei koske sellaista henkil\u00f6tietoa, joka meid\u00e4n on s\u00e4ilytett\u00e4v\u00e4 yll\u00e4pidollisista, juridisista kuten kirjanpitoa koskevien vastuiden toteutumiseksi tai tietoturvaan liittyvist\u00e4 syist\u00e4.<\/p>\n\n\n\n<p><strong>14. Yhteydenotto<\/strong><\/p>\n\n\n\n<p>Voit ottaa yhteytt\u00e4 s\u00e4hk\u00f6postilla: info@terhen.fi<br>tel. +358 40 184 8803<\/p>\n","protected":false},"excerpt":{"rendered":"<p>T\u00e4m\u00e4 on Terhen Oy:n ja henkil\u00f6tietolain (10 ja 24 \u00a7) EU:n yleisen tietosuoja-asetuksen (GDPR) mukainen tietosuojaseloste, jossa kerromme Usva byTerhen&hellip;<\/p>\n","protected":false},"author":1,"featured_media":0,"parent":0,"menu_order":0,"comment_status":"closed","ping_status":"closed","template":"","meta":{"_acf_changed":false,"footnotes":""},"class_list":["post-351","page","type-page","status-publish","hentry"],"acf":[],"yoast_head":"<!-- This site is optimized with the Yoast SEO plugin v24.7 - https:\/\/yoast.com\/wordpress\/plugins\/seo\/ -->\n<title>Tietosuojaseloste - USVA Spa<\/title>\n<meta name=\"robots\" content=\"index, follow, max-snippet:-1, max-image-preview:large, max-video-preview:-1\" \/>\n<link rel=\"canonical\" href=\"https:\/\/usvaspa.fi\/fi\/tietosuojaseloste\/\" \/>\n<meta property=\"og:locale\" content=\"fi_FI\" \/>\n<meta property=\"og:type\" content=\"article\" \/>\n<meta property=\"og:title\" content=\"Tietosuojaseloste - USVA Spa\" \/>\n<meta property=\"og:description\" content=\"T\u00e4m\u00e4 on Terhen Oy:n ja henkil\u00f6tietolain (10 ja 24 \u00a7) EU:n yleisen tietosuoja-asetuksen (GDPR) mukainen tietosuojaseloste, jossa kerromme Usva byTerhen&hellip;\" \/>\n<meta property=\"og:url\" content=\"https:\/\/usvaspa.fi\/fi\/tietosuojaseloste\/\" \/>\n<meta property=\"og:site_name\" content=\"USVA Spa\" \/>\n<meta property=\"article:modified_time\" content=\"2025-03-04T11:54:30+00:00\" \/>\n<meta name=\"twitter:card\" content=\"summary_large_image\" \/>\n<meta name=\"twitter:label1\" content=\"Arvioitu lukuaika\" \/>\n\t<meta name=\"twitter:data1\" content=\"5 minuuttia\" \/>\n<script type=\"application\/ld+json\" class=\"yoast-schema-graph\">{\"@context\":\"https:\/\/schema.org\",\"@graph\":[{\"@type\":\"WebPage\",\"@id\":\"https:\/\/usvaspa.fi\/fi\/tietosuojaseloste\/\",\"url\":\"https:\/\/usvaspa.fi\/fi\/tietosuojaseloste\/\",\"name\":\"Tietosuojaseloste - USVA Spa\",\"isPartOf\":{\"@id\":\"https:\/\/usvaspa.fi\/fi\/#website\"},\"datePublished\":\"2025-03-04T11:54:29+00:00\",\"dateModified\":\"2025-03-04T11:54:30+00:00\",\"breadcrumb\":{\"@id\":\"https:\/\/usvaspa.fi\/fi\/tietosuojaseloste\/#breadcrumb\"},\"inLanguage\":\"fi\",\"potentialAction\":[{\"@type\":\"ReadAction\",\"target\":[\"https:\/\/usvaspa.fi\/fi\/tietosuojaseloste\/\"]}]},{\"@type\":\"BreadcrumbList\",\"@id\":\"https:\/\/usvaspa.fi\/fi\/tietosuojaseloste\/#breadcrumb\",\"itemListElement\":[{\"@type\":\"ListItem\",\"position\":1,\"name\":\"Etusivu\",\"item\":\"https:\/\/usvaspa.fi\/fi\/\"},{\"@type\":\"ListItem\",\"position\":2,\"name\":\"Tietosuojaseloste\"}]},{\"@type\":\"WebSite\",\"@id\":\"https:\/\/usvaspa.fi\/fi\/#website\",\"url\":\"https:\/\/usvaspa.fi\/fi\/\",\"name\":\"USVA Spa\",\"description\":\"\",\"potentialAction\":[{\"@type\":\"SearchAction\",\"target\":{\"@type\":\"EntryPoint\",\"urlTemplate\":\"https:\/\/usvaspa.fi\/fi\/?s={search_term_string}\"},\"query-input\":{\"@type\":\"PropertyValueSpecification\",\"valueRequired\":true,\"valueName\":\"search_term_string\"}}],\"inLanguage\":\"fi\"}]}<\/script>\n<!-- \/ Yoast SEO plugin. -->","yoast_head_json":{"title":"Tietosuojaseloste - USVA Spa","robots":{"index":"index","follow":"follow","max-snippet":"max-snippet:-1","max-image-preview":"max-image-preview:large","max-video-preview":"max-video-preview:-1"},"canonical":"https:\/\/usvaspa.fi\/fi\/tietosuojaseloste\/","og_locale":"fi_FI","og_type":"article","og_title":"Tietosuojaseloste - USVA Spa","og_description":"T\u00e4m\u00e4 on Terhen Oy:n ja henkil\u00f6tietolain (10 ja 24 \u00a7) EU:n yleisen tietosuoja-asetuksen (GDPR) mukainen tietosuojaseloste, jossa kerromme Usva byTerhen&hellip;","og_url":"https:\/\/usvaspa.fi\/fi\/tietosuojaseloste\/","og_site_name":"USVA Spa","article_modified_time":"2025-03-04T11:54:30+00:00","twitter_card":"summary_large_image","twitter_misc":{"Arvioitu lukuaika":"5 minuuttia"},"schema":{"@context":"https:\/\/schema.org","@graph":[{"@type":"WebPage","@id":"https:\/\/usvaspa.fi\/fi\/tietosuojaseloste\/","url":"https:\/\/usvaspa.fi\/fi\/tietosuojaseloste\/","name":"Tietosuojaseloste - USVA Spa","isPartOf":{"@id":"https:\/\/usvaspa.fi\/fi\/#website"},"datePublished":"2025-03-04T11:54:29+00:00","dateModified":"2025-03-04T11:54:30+00:00","breadcrumb":{"@id":"https:\/\/usvaspa.fi\/fi\/tietosuojaseloste\/#breadcrumb"},"inLanguage":"fi","potentialAction":[{"@type":"ReadAction","target":["https:\/\/usvaspa.fi\/fi\/tietosuojaseloste\/"]}]},{"@type":"BreadcrumbList","@id":"https:\/\/usvaspa.fi\/fi\/tietosuojaseloste\/#breadcrumb","itemListElement":[{"@type":"ListItem","position":1,"name":"Etusivu","item":"https:\/\/usvaspa.fi\/fi\/"},{"@type":"ListItem","position":2,"name":"Tietosuojaseloste"}]},{"@type":"WebSite","@id":"https:\/\/usvaspa.fi\/fi\/#website","url":"https:\/\/usvaspa.fi\/fi\/","name":"USVA Spa","description":"","potentialAction":[{"@type":"SearchAction","target":{"@type":"EntryPoint","urlTemplate":"https:\/\/usvaspa.fi\/fi\/?s={search_term_string}"},"query-input":{"@type":"PropertyValueSpecification","valueRequired":true,"valueName":"search_term_string"}}],"inLanguage":"fi"}]}},"_links":{"self":[{"href":"https:\/\/usvaspa.fi\/fi\/wp-json\/wp\/v2\/pages\/351","targetHints":{"allow":["GET"]}}],"collection":[{"href":"https:\/\/usvaspa.fi\/fi\/wp-json\/wp\/v2\/pages"}],"about":[{"href":"https:\/\/usvaspa.fi\/fi\/wp-json\/wp\/v2\/types\/page"}],"author":[{"embeddable":true,"href":"https:\/\/usvaspa.fi\/fi\/wp-json\/wp\/v2\/users\/1"}],"replies":[{"embeddable":true,"href":"https:\/\/usvaspa.fi\/fi\/wp-json\/wp\/v2\/comments?post=351"}],"version-history":[{"count":3,"href":"https:\/\/usvaspa.fi\/fi\/wp-json\/wp\/v2\/pages\/351\/revisions"}],"predecessor-version":[{"id":354,"href":"https:\/\/usvaspa.fi\/fi\/wp-json\/wp\/v2\/pages\/351\/revisions\/354"}],"wp:attachment":[{"href":"https:\/\/usvaspa.fi\/fi\/wp-json\/wp\/v2\/media?parent=351"}],"curies":[{"name":"wp","href":"https:\/\/api.w.org\/{rel}","templated":true}]}}