{"id":385,"date":"2025-03-18T09:01:00","date_gmt":"2025-03-18T07:01:00","guid":{"rendered":"https:\/\/usvaspa.fi\/?page_id=385"},"modified":"2025-09-08T09:45:55","modified_gmt":"2025-09-08T06:45:55","slug":"spa-etiketti","status":"publish","type":"page","link":"https:\/\/usvaspa.fi\/fi\/info\/spa-etiketti\/","title":{"rendered":"Spa-etiketti"},"content":{"rendered":"\n<h2 class=\"wp-block-heading\">Hyv\u00e4 tiet\u00e4\u00e4 ennen vierailua<\/h2>\n\n\n\n<p class=\"is-style-lead\">USVA by Terhen on inklusiivinen ja turvallinen hyvinvointikonsepti, joka perustuu suomalaisiin hyvinvointiperinteisiin. Hyv\u00e4t k\u00e4yt\u00f6stavat varmistavat kaikille kunnioittavan ja miellytt\u00e4v\u00e4n kokemuksen.<\/p>\n\n\n\n<p class=\"is-style-lead\">Kuntosalin, saunojen, kylm\u00e4hoidon ja spa-alueen k\u00e4ytt\u00f6 on omalla vastuullasi. Hotelli ei ole vastuussa mahdollisista onnettomuuksista, loukkaantumisista tai varkauksista.<\/p>\n\n\n\n<ul class=\"wp-block-list\">\n<li>USVAn aukioloaikoina spa-alueen ik\u00e4raja on 16 vuotta.<\/li>\n\n\n\n<li>H\u00e4t\u00e4tilanteessa k\u00e4yt\u00e4 h\u00e4t\u00e4painiketta miss\u00e4 tahansa saunassa.<\/li>\n\n\n\n<li>Spa-alueella on videovalvonta.<\/li>\n\n\n\n<li>Pyyd\u00e4mme, ett\u00e4 pid\u00e4t \u00e4\u00e4nen matalana ja huomioit muut ymp\u00e4rill\u00e4si olevat vieraat.<\/li>\n\n\n\n<li>Jos havaitset jotain poikkeavaa k\u00e4yt\u00f6st\u00e4, ilmoitathan siit\u00e4 henkil\u00f6kunnallemme.<\/li>\n\n\n\n<li>Rauhallisen ymp\u00e4rist\u00f6n s\u00e4ilytt\u00e4miseksi pyyd\u00e4mme, ett\u00e4 j\u00e4t\u00e4t matkapuhelimesi pukuhuoneeseen.<\/li>\n\n\n\n<li>Jos haluat tallentaa muistoja vierailustasi, kysyth\u00e4n henkil\u00f6kunnaltamme luvan etuk\u00e4teen.<\/li>\n\n\n\n<li>Pyyd\u00e4mme, ettet tuo omia ruokia tai juomia spa-alueelle.<\/li>\n<\/ul>\n\n\n\n<div class=\"wp-block-columns is-layout-flex wp-container-core-columns-is-layout-9d6595d7 wp-block-columns-is-layout-flex\">\n<div class=\"wp-block-column is-layout-flow wp-block-column-is-layout-flow\">\n<h3 class=\"wp-block-heading\">Pukuhuone<\/h3>\n\n\n\n<ul class=\"wp-block-list\">\n<li>Vierailusi aikana sinulle on k\u00e4yt\u00f6ss\u00e4si lokero, jonka avaimen saat sis\u00e4\u00e4nkirjautumisen yhteydess\u00e4 vastaanotosta. Hiustenkuivaimet ja henkil\u00f6kohtaiset hoitotuotteet ovat k\u00e4ytett\u00e4viss\u00e4si pukuhuoneessa.<\/li>\n<\/ul>\n\n\n\n<h3 class=\"wp-block-heading\">Sauna &amp; kylpeminen<\/h3>\n\n\n\n<ul class=\"wp-block-list\">\n<li>Tilamme ovat unisextiloja.<\/li>\n\n\n\n<li>Varmistaaksemme miellytt\u00e4v\u00e4n kokemuksen kaikille, k\u00e4yt\u00e4th\u00e4n pyyhett\u00e4, kylpytakkia tai omia uima-asuja spa- ja sauna-alueilla.<\/li>\n\n\n\n<li>Pyyd\u00e4mme, ett\u00e4 k\u00e4yt suihkussa ennen saunasta nauttimista ja sen j\u00e4lkeen.<\/li>\n\n\n\n<li>Yhteisen viihtyvyyden vuoksi j\u00e4t\u00e4th\u00e4n juomat saunan ulkopuolelle.<\/li>\n\n\n\n<li>Saunan k\u00e4ytt\u00f6 ei v\u00e4ltt\u00e4m\u00e4tt\u00e4 sovi henkil\u00f6ille, joilla on syd\u00e4nsairauksia, korkea tai matala verenpaine, ihosairauksia, kuumetta tai infektioita, sek\u00e4 niille, jotka k\u00e4ytt\u00e4v\u00e4t tiettyj\u00e4 l\u00e4\u00e4kkeit\u00e4. On aina suositeltavaa neuvotella l\u00e4\u00e4k\u00e4rin kanssa ennen saunomista, jos on ep\u00e4selvyytt\u00e4 terveydentilasta tai l\u00e4\u00e4kityksest\u00e4.<\/li>\n\n\n\n<li>Sauna on yleens\u00e4 turvallinen raskauden aikana, mutta muista aina kuunnella kehoasi.<\/li>\n\n\n\n<li>Sauna on turvallinen my\u00f6s lapsille, mutta lyhyemmiss\u00e4 jaksoissa. \u00c4l\u00e4 koskaan j\u00e4t\u00e4 lasta yksin saunaan.<\/li>\n\n\n\n<li>Muista juoda riitt\u00e4v\u00e4sti vett\u00e4 ennen saunaa ja sen aikana.<\/li>\n<\/ul>\n\n\n\n<h3 class=\"wp-block-heading\">Lounge<\/h3>\n\n\n\n<ul class=\"wp-block-list\">\n<li>L\u00e4mp\u00f6pedit ovat vapaasti kaikkien SPA-vieraiden k\u00e4ytett\u00e4viss\u00e4, ellei niiss\u00e4 ole &#8221;varattu&#8221;-kyltti\u00e4.<\/li>\n\n\n\n<li>Voit tilata juomia ja pient\u00e4 suolaista l\u00e4mp\u00f6pedeille. L\u00e4mp\u00f6petetej\u00e4 voi my\u00f6s varata etuk\u00e4teen, ja niille voi tilata tarjoilut etuk\u00e4teen.<\/li>\n\n\n\n<li>Loungessa on &#8221;DIY Sauna Therapy&#8221; ja &#8221;Treatments&#8221; -kansiot, jotka esittelev\u00e4t konseptin, palvelut ja saatavilla olevat DIY hoidot sek\u00e4 hinnat.<\/li>\n<\/ul>\n<\/div>\n\n\n\n<div class=\"wp-block-column is-layout-flow wp-block-column-is-layout-flow\">\n<h3 class=\"wp-block-heading\">Hoidot<\/h3>\n\n\n\n<ul class=\"wp-block-list\">\n<li>Saavuthan paikalle 10\u201360 minuuttia ennen hoitoasi kirjautuaksesi sis\u00e4\u00e4n ja valmistautuaksesi, erityisesti jos aiot k\u00e4ytt\u00e4\u00e4 saunaa ennen hoitoa.<\/li>\n\n\n\n<li>Turvallisuutesi ja parhaan kokemuksen takaamiseksi emme voi tarjota hoitoja, jos olet sairas tai p\u00e4ihteiden vaikutuksen alaisena.<\/li>\n\n\n\n<li>Noudatamme tiloissamme ja hoidoissamme turvallisen ymp\u00e4rist\u00f6n periaatteita.&nbsp;<\/li>\n\n\n\n<li>Emme hyv\u00e4ksy mink\u00e4\u00e4nlaista syrjint\u00e4\u00e4.<\/li>\n<\/ul>\n\n\n\n<h3 class=\"wp-block-heading\">Kuntosali<\/h3>\n\n\n\n<ul class=\"wp-block-list\">\n<li>Otathan huomioon my\u00f6s muut kuntosalin k\u00e4ytt\u00e4j\u00e4t.<\/li>\n\n\n\n<li>Pyyhith\u00e4n laitteet k\u00e4yt\u00f6n j\u00e4lkeen kaikkien viihtyvyyden vuoksi.<\/li>\n\n\n\n<li>Painojen hell\u00e4 laskeminen auttaa yll\u00e4pit\u00e4m\u00e4\u00e4n miellytt\u00e4v\u00e4\u00e4 ilmapiiri\u00e4.<\/li>\n\n\n\n<li>Palautathan painot ja laitteet omille paikoilleen k\u00e4yt\u00f6n j\u00e4lkeen.<\/li>\n\n\n\n<li>Pyyd\u00e4mme, ett\u00e4 rajoitat puhelimen k\u00e4ytt\u00f6\u00e4 h\u00e4iri\u00f6iden minimoimiseksi ja rauhan yll\u00e4pit\u00e4miseksi ymp\u00e4rist\u00f6ss\u00e4.&nbsp;<\/li>\n<\/ul>\n\n\n\n<h3 class=\"wp-block-heading\">Terveydentila<\/h3>\n\n\n\n<ul class=\"wp-block-list\">\n<li>Jos sinulla on terveyteen liittyvi\u00e4 huolia, ilmoitathan niist\u00e4 varauksen yhteydess\u00e4. Saatamme joutua mukauttamaan hoitoja hyvinvointisi varmistamiseksi.<\/li>\n<\/ul>\n\n\n\n<h3 class=\"wp-block-heading\">Lahjakortit<\/h3>\n\n\n\n<ul class=\"wp-block-list\">\n<li>Jos sinulla on lahjakortti, tuothan sen mukanasi hoitoon. Lahjakortit ovat voimassa 6 kuukautta ostop\u00e4iv\u00e4st\u00e4.<\/li>\n<\/ul>\n<\/div>\n<\/div>\n","protected":false},"excerpt":{"rendered":"<p>Hyv\u00e4 tiet\u00e4\u00e4 ennen vierailua USVA by Terhen on inklusiivinen ja turvallinen hyvinvointikonsepti, joka perustuu suomalaisiin hyvinvointiperinteisiin. Hyv\u00e4t k\u00e4yt\u00f6stavat varmistavat kaikille&hellip;<\/p>\n","protected":false},"author":1,"featured_media":308,"parent":124,"menu_order":0,"comment_status":"closed","ping_status":"closed","template":"page-wide.php","meta":{"_acf_changed":false,"footnotes":""},"class_list":["post-385","page","type-page","status-publish","has-post-thumbnail","hentry"],"acf":[],"yoast_head":"<!-- This site is optimized with the Yoast SEO plugin v24.7 - https:\/\/yoast.com\/wordpress\/plugins\/seo\/ -->\n<title>Spa-etiketti - USVA Spa<\/title>\n<meta name=\"robots\" content=\"index, follow, max-snippet:-1, max-image-preview:large, max-video-preview:-1\" \/>\n<link rel=\"canonical\" href=\"https:\/\/usvaspa.fi\/fi\/info\/spa-etiketti\/\" \/>\n<meta property=\"og:locale\" content=\"fi_FI\" \/>\n<meta property=\"og:type\" content=\"article\" \/>\n<meta property=\"og:title\" content=\"Spa-etiketti - USVA Spa\" \/>\n<meta property=\"og:description\" content=\"Hyv\u00e4 tiet\u00e4\u00e4 ennen vierailua USVA by Terhen on inklusiivinen ja turvallinen hyvinvointikonsepti, joka perustuu suomalaisiin hyvinvointiperinteisiin. Hyv\u00e4t k\u00e4yt\u00f6stavat varmistavat kaikille&hellip;\" \/>\n<meta property=\"og:url\" content=\"https:\/\/usvaspa.fi\/fi\/info\/spa-etiketti\/\" \/>\n<meta property=\"og:site_name\" content=\"USVA Spa\" \/>\n<meta property=\"article:modified_time\" content=\"2025-09-08T06:45:55+00:00\" \/>\n<meta property=\"og:image\" content=\"https:\/\/usvaspa.fi\/wp-content\/uploads\/2025\/02\/usva-rn-0040.jpg\" \/>\n\t<meta property=\"og:image:width\" content=\"2460\" \/>\n\t<meta property=\"og:image:height\" content=\"1320\" \/>\n\t<meta property=\"og:image:type\" content=\"image\/jpeg\" \/>\n<meta name=\"twitter:card\" content=\"summary_large_image\" \/>\n<meta name=\"twitter:label1\" content=\"Arvioitu lukuaika\" \/>\n\t<meta name=\"twitter:data1\" content=\"2 minuuttia\" \/>\n<script type=\"application\/ld+json\" class=\"yoast-schema-graph\">{\"@context\":\"https:\/\/schema.org\",\"@graph\":[{\"@type\":\"WebPage\",\"@id\":\"https:\/\/usvaspa.fi\/fi\/info\/spa-etiketti\/\",\"url\":\"https:\/\/usvaspa.fi\/fi\/info\/spa-etiketti\/\",\"name\":\"Spa-etiketti - USVA Spa\",\"isPartOf\":{\"@id\":\"https:\/\/usvaspa.fi\/fi\/#website\"},\"primaryImageOfPage\":{\"@id\":\"https:\/\/usvaspa.fi\/fi\/info\/spa-etiketti\/#primaryimage\"},\"image\":{\"@id\":\"https:\/\/usvaspa.fi\/fi\/info\/spa-etiketti\/#primaryimage\"},\"thumbnailUrl\":\"https:\/\/usvaspa.fi\/wp-content\/uploads\/2025\/02\/usva-rn-0040.jpg\",\"datePublished\":\"2025-03-18T07:01:00+00:00\",\"dateModified\":\"2025-09-08T06:45:55+00:00\",\"breadcrumb\":{\"@id\":\"https:\/\/usvaspa.fi\/fi\/info\/spa-etiketti\/#breadcrumb\"},\"inLanguage\":\"fi\",\"potentialAction\":[{\"@type\":\"ReadAction\",\"target\":[\"https:\/\/usvaspa.fi\/fi\/info\/spa-etiketti\/\"]}]},{\"@type\":\"ImageObject\",\"inLanguage\":\"fi\",\"@id\":\"https:\/\/usvaspa.fi\/fi\/info\/spa-etiketti\/#primaryimage\",\"url\":\"https:\/\/usvaspa.fi\/wp-content\/uploads\/2025\/02\/usva-rn-0040.jpg\",\"contentUrl\":\"https:\/\/usvaspa.fi\/wp-content\/uploads\/2025\/02\/usva-rn-0040.jpg\",\"width\":2460,\"height\":1320},{\"@type\":\"BreadcrumbList\",\"@id\":\"https:\/\/usvaspa.fi\/fi\/info\/spa-etiketti\/#breadcrumb\",\"itemListElement\":[{\"@type\":\"ListItem\",\"position\":1,\"name\":\"Etusivu\",\"item\":\"https:\/\/usvaspa.fi\/fi\/\"},{\"@type\":\"ListItem\",\"position\":2,\"name\":\"Info\",\"item\":\"https:\/\/usvaspa.fi\/fi\/info\/\"},{\"@type\":\"ListItem\",\"position\":3,\"name\":\"Spa-etiketti\"}]},{\"@type\":\"WebSite\",\"@id\":\"https:\/\/usvaspa.fi\/fi\/#website\",\"url\":\"https:\/\/usvaspa.fi\/fi\/\",\"name\":\"USVA Spa\",\"description\":\"\",\"potentialAction\":[{\"@type\":\"SearchAction\",\"target\":{\"@type\":\"EntryPoint\",\"urlTemplate\":\"https:\/\/usvaspa.fi\/fi\/?s={search_term_string}\"},\"query-input\":{\"@type\":\"PropertyValueSpecification\",\"valueRequired\":true,\"valueName\":\"search_term_string\"}}],\"inLanguage\":\"fi\"}]}<\/script>\n<!-- \/ Yoast SEO plugin. -->","yoast_head_json":{"title":"Spa-etiketti - USVA Spa","robots":{"index":"index","follow":"follow","max-snippet":"max-snippet:-1","max-image-preview":"max-image-preview:large","max-video-preview":"max-video-preview:-1"},"canonical":"https:\/\/usvaspa.fi\/fi\/info\/spa-etiketti\/","og_locale":"fi_FI","og_type":"article","og_title":"Spa-etiketti - USVA Spa","og_description":"Hyv\u00e4 tiet\u00e4\u00e4 ennen vierailua USVA by Terhen on inklusiivinen ja turvallinen hyvinvointikonsepti, joka perustuu suomalaisiin hyvinvointiperinteisiin. Hyv\u00e4t k\u00e4yt\u00f6stavat varmistavat kaikille&hellip;","og_url":"https:\/\/usvaspa.fi\/fi\/info\/spa-etiketti\/","og_site_name":"USVA Spa","article_modified_time":"2025-09-08T06:45:55+00:00","og_image":[{"width":2460,"height":1320,"url":"https:\/\/usvaspa.fi\/wp-content\/uploads\/2025\/02\/usva-rn-0040.jpg","type":"image\/jpeg"}],"twitter_card":"summary_large_image","twitter_misc":{"Arvioitu lukuaika":"2 minuuttia"},"schema":{"@context":"https:\/\/schema.org","@graph":[{"@type":"WebPage","@id":"https:\/\/usvaspa.fi\/fi\/info\/spa-etiketti\/","url":"https:\/\/usvaspa.fi\/fi\/info\/spa-etiketti\/","name":"Spa-etiketti - USVA Spa","isPartOf":{"@id":"https:\/\/usvaspa.fi\/fi\/#website"},"primaryImageOfPage":{"@id":"https:\/\/usvaspa.fi\/fi\/info\/spa-etiketti\/#primaryimage"},"image":{"@id":"https:\/\/usvaspa.fi\/fi\/info\/spa-etiketti\/#primaryimage"},"thumbnailUrl":"https:\/\/usvaspa.fi\/wp-content\/uploads\/2025\/02\/usva-rn-0040.jpg","datePublished":"2025-03-18T07:01:00+00:00","dateModified":"2025-09-08T06:45:55+00:00","breadcrumb":{"@id":"https:\/\/usvaspa.fi\/fi\/info\/spa-etiketti\/#breadcrumb"},"inLanguage":"fi","potentialAction":[{"@type":"ReadAction","target":["https:\/\/usvaspa.fi\/fi\/info\/spa-etiketti\/"]}]},{"@type":"ImageObject","inLanguage":"fi","@id":"https:\/\/usvaspa.fi\/fi\/info\/spa-etiketti\/#primaryimage","url":"https:\/\/usvaspa.fi\/wp-content\/uploads\/2025\/02\/usva-rn-0040.jpg","contentUrl":"https:\/\/usvaspa.fi\/wp-content\/uploads\/2025\/02\/usva-rn-0040.jpg","width":2460,"height":1320},{"@type":"BreadcrumbList","@id":"https:\/\/usvaspa.fi\/fi\/info\/spa-etiketti\/#breadcrumb","itemListElement":[{"@type":"ListItem","position":1,"name":"Etusivu","item":"https:\/\/usvaspa.fi\/fi\/"},{"@type":"ListItem","position":2,"name":"Info","item":"https:\/\/usvaspa.fi\/fi\/info\/"},{"@type":"ListItem","position":3,"name":"Spa-etiketti"}]},{"@type":"WebSite","@id":"https:\/\/usvaspa.fi\/fi\/#website","url":"https:\/\/usvaspa.fi\/fi\/","name":"USVA Spa","description":"","potentialAction":[{"@type":"SearchAction","target":{"@type":"EntryPoint","urlTemplate":"https:\/\/usvaspa.fi\/fi\/?s={search_term_string}"},"query-input":{"@type":"PropertyValueSpecification","valueRequired":true,"valueName":"search_term_string"}}],"inLanguage":"fi"}]}},"_links":{"self":[{"href":"https:\/\/usvaspa.fi\/fi\/wp-json\/wp\/v2\/pages\/385","targetHints":{"allow":["GET"]}}],"collection":[{"href":"https:\/\/usvaspa.fi\/fi\/wp-json\/wp\/v2\/pages"}],"about":[{"href":"https:\/\/usvaspa.fi\/fi\/wp-json\/wp\/v2\/types\/page"}],"author":[{"embeddable":true,"href":"https:\/\/usvaspa.fi\/fi\/wp-json\/wp\/v2\/users\/1"}],"replies":[{"embeddable":true,"href":"https:\/\/usvaspa.fi\/fi\/wp-json\/wp\/v2\/comments?post=385"}],"version-history":[{"count":3,"href":"https:\/\/usvaspa.fi\/fi\/wp-json\/wp\/v2\/pages\/385\/revisions"}],"predecessor-version":[{"id":894,"href":"https:\/\/usvaspa.fi\/fi\/wp-json\/wp\/v2\/pages\/385\/revisions\/894"}],"up":[{"embeddable":true,"href":"https:\/\/usvaspa.fi\/fi\/wp-json\/wp\/v2\/pages\/124"}],"wp:featuredmedia":[{"embeddable":true,"href":"https:\/\/usvaspa.fi\/fi\/wp-json\/wp\/v2\/media\/308"}],"wp:attachment":[{"href":"https:\/\/usvaspa.fi\/fi\/wp-json\/wp\/v2\/media?parent=385"}],"curies":[{"name":"wp","href":"https:\/\/api.w.org\/{rel}","templated":true}]}}